{"id":83777,"date":"2023-08-08T23:47:12","date_gmt":"2023-08-08T22:47:12","guid":{"rendered":"https:\/\/santepara.ma\/?product=dermeden-soin-vergetures-corps-200-ml"},"modified":"2023-11-04T12:58:38","modified_gmt":"2023-11-04T11:58:38","slug":"dermeden-soin-vergetures-corps-200-ml","status":"publish","type":"product","link":"https:\/\/santepara.ma\/?product=dermeden-soin-vergetures-corps-200-ml","title":{"rendered":"Dermeden Soin Vergetures Corps &#8211; 200 ml"},"content":{"rendered":"<p>Description<\/p>\n<p>Dermeden anti-vergetures corps est une association unique et \u00e0 hautes concentrations d&rsquo;acides glycolique, acide salicylique , de r\u00e9tinol liposom\u00e9, d&rsquo;acide dioique, d&rsquo;acide hyaluronique et de capsules gommantes. ce complexe d&rsquo;actifs r\u00e9pond exactement aux besoins sp\u00e9cifiques de votre peau. favoriser la r\u00e9g\u00e9n\u00e9ration cutan\u00e9e en profondeur, la restructuration des tissus et l&rsquo;hydratation de la peau.<\/p>\n<p>Conseils d&rsquo;utilisation<\/p>\n<p>Sur une peau bien s\u00e8che, appliquer 1 \u00e0 2 fois par jour sur les zones concern\u00e9es : ventre, cuisses, hanches, poitrine&#8230; puis masser de mani\u00e8re circulaire jusqu&rsquo;\u00e0 absorption de la cr\u00e8me. Le massage est d\u00e9terminant, son effet est prouv\u00e9 sur l&rsquo;am\u00e9lioration des vergetures.<\/p>\n<p>&#8211; Contient des actifs chauffants, une sensation d\u2019\u00e9chauffement passager peut se ressentir.<\/p>\n<p>&#8211; D\u00e9conseill\u00e9 aux femmes enceintes et allaitantes d\u00fb \u00e0 la pr\u00e9sence de R\u00e9tinol, contre-indiqu\u00e9 durant la grossesse.<\/p>\n","protected":false},"excerpt":{"rendered":"<p>Le Soin Vergetures Corps de DERMEDEN est formul\u00e9 \u00e0 base d&rsquo;actifs puissants qui permettent de corriger et de pr\u00e9venir les vergetures<\/p>\n","protected":false},"featured_media":83776,"comment_status":"open","ping_status":"closed","template":"","meta":{"_joinchat":[]},"pwb-brand":[336],"product_cat":[333,334],"product_tag":[],"brands":[{"id":336,"name":"Dermeden","slug":"dermeden"}],"_links":{"self":[{"href":"https:\/\/santepara.ma\/index.php?rest_route=\/wp\/v2\/product\/83777"}],"collection":[{"href":"https:\/\/santepara.ma\/index.php?rest_route=\/wp\/v2\/product"}],"about":[{"href":"https:\/\/santepara.ma\/index.php?rest_route=\/wp\/v2\/types\/product"}],"replies":[{"embeddable":true,"href":"https:\/\/santepara.ma\/index.php?rest_route=%2Fwp%2Fv2%2Fcomments&post=83777"}],"wp:featuredmedia":[{"embeddable":true,"href":"https:\/\/santepara.ma\/index.php?rest_route=\/wp\/v2\/media\/83776"}],"wp:attachment":[{"href":"https:\/\/santepara.ma\/index.php?rest_route=%2Fwp%2Fv2%2Fmedia&parent=83777"}],"wp:term":[{"taxonomy":"pwb-brand","embeddable":true,"href":"https:\/\/santepara.ma\/index.php?rest_route=%2Fwp%2Fv2%2Fpwb-brand&post=83777"},{"taxonomy":"product_cat","embeddable":true,"href":"https:\/\/santepara.ma\/index.php?rest_route=%2Fwp%2Fv2%2Fproduct_cat&post=83777"},{"taxonomy":"product_tag","embeddable":true,"href":"https:\/\/santepara.ma\/index.php?rest_route=%2Fwp%2Fv2%2Fproduct_tag&post=83777"}],"curies":[{"name":"wp","href":"https:\/\/api.w.org\/{rel}","templated":true}]}}