{"id":83783,"date":"2023-08-08T23:47:14","date_gmt":"2023-08-08T22:47:14","guid":{"rendered":"https:\/\/santepara.ma\/?product=dermeden-soin-reparateur-30-ml"},"modified":"2023-11-04T12:58:38","modified_gmt":"2023-11-04T11:58:38","slug":"dermeden-soin-reparateur-30-ml","status":"publish","type":"product","link":"https:\/\/santepara.ma\/?product=dermeden-soin-reparateur-30-ml","title":{"rendered":"Dermeden Soin Reparateur &#8211; 30 ml"},"content":{"rendered":"<p>Description<\/p>\n<p>Ce soin est une association unique d&rsquo;Arnica Montana, d&rsquo;acide Hyaluronique, de Mimosa Tenuiflora, de Chlorhexidine et de Zinc aux propri\u00e9t\u00e9s apaisantes, antibact\u00e9riennes, r\u00e9paratrices et anti-inflammatoires. Il est sp\u00e9cifiquement indiqu\u00e9 pour les alt\u00e9rations cutan\u00e9es faisant suite \u00e0 un acte dermo-esth\u00e9tique (peeling, laser, injection&#8230;) ou une agression ext\u00e9rieure (coupure, ger\u00e7ure, irritation&#8230;). L&rsquo;acide Dio\u00efque pr\u00e9vient l&rsquo;hyperpigmentation de la cicatrice.<\/p>\n<p>Conseils d&rsquo;utilisation<\/p>\n<p>Appliquer plusieurs fois par jour sur la zone fragilis\u00e9e. En traitement pr\u00e9ventif, s\u2019applique 3 \u00e0 5 jours avant et apr\u00e8s l\u2019intervention<\/p>\n","protected":false},"excerpt":{"rendered":"<p>Ce soin apaise, r\u00e9pare et r\u00e9sorbe efficacement.<\/p>\n","protected":false},"featured_media":83782,"comment_status":"open","ping_status":"closed","template":"","meta":{"_joinchat":[]},"pwb-brand":[336],"product_cat":[189],"product_tag":[],"brands":[{"id":336,"name":"Dermeden","slug":"dermeden"}],"_links":{"self":[{"href":"https:\/\/santepara.ma\/index.php?rest_route=\/wp\/v2\/product\/83783"}],"collection":[{"href":"https:\/\/santepara.ma\/index.php?rest_route=\/wp\/v2\/product"}],"about":[{"href":"https:\/\/santepara.ma\/index.php?rest_route=\/wp\/v2\/types\/product"}],"replies":[{"embeddable":true,"href":"https:\/\/santepara.ma\/index.php?rest_route=%2Fwp%2Fv2%2Fcomments&post=83783"}],"wp:featuredmedia":[{"embeddable":true,"href":"https:\/\/santepara.ma\/index.php?rest_route=\/wp\/v2\/media\/83782"}],"wp:attachment":[{"href":"https:\/\/santepara.ma\/index.php?rest_route=%2Fwp%2Fv2%2Fmedia&parent=83783"}],"wp:term":[{"taxonomy":"pwb-brand","embeddable":true,"href":"https:\/\/santepara.ma\/index.php?rest_route=%2Fwp%2Fv2%2Fpwb-brand&post=83783"},{"taxonomy":"product_cat","embeddable":true,"href":"https:\/\/santepara.ma\/index.php?rest_route=%2Fwp%2Fv2%2Fproduct_cat&post=83783"},{"taxonomy":"product_tag","embeddable":true,"href":"https:\/\/santepara.ma\/index.php?rest_route=%2Fwp%2Fv2%2Fproduct_tag&post=83783"}],"curies":[{"name":"wp","href":"https:\/\/api.w.org\/{rel}","templated":true}]}}