{"id":83785,"date":"2023-08-08T23:47:14","date_gmt":"2023-08-08T22:47:14","guid":{"rendered":"https:\/\/santepara.ma\/?product=dermeden-creme-de-jour-contour-des-yeux-spf-50-15ml"},"modified":"2023-11-04T12:58:38","modified_gmt":"2023-11-04T11:58:38","slug":"dermeden-creme-de-jour-contour-des-yeux-spf-50-15ml","status":"publish","type":"product","link":"https:\/\/santepara.ma\/?product=dermeden-creme-de-jour-contour-des-yeux-spf-50-15ml","title":{"rendered":"Dermeden Cr\u00e9me de Jour Contour Des Yeux spf 50 -15ml"},"content":{"rendered":"<p>Description<\/p>\n<p>Formul\u00e9 sp\u00e9cifiquement pour la peau plus fine et plus fragile du contour de l&rsquo;\u0153il, ce soin prot\u00e8ge et illumine votre regard. Enrichi en Niacinamide et en acides Dio\u00efque et Hyaluronique pour traiter les rides et taches visibles ou \u00e0 venir, il contient \u00e9galement de la Vitamine C stabilis\u00e9e \u00e0 l&rsquo;action antioxydante et \u00e9claircissante. Dot\u00e9e d&rsquo;un indice SPF 50, elle prot\u00e8ge du photo-vieillissement.<\/p>\n<p>Conseils d&rsquo;utilisation<\/p>\n<p>Appliquer tous les matins sur votre contour de l&rsquo;\u0153il en massant l\u00e9g\u00e8rement de mani\u00e8re circulaire du bout des doigts<\/p>\n","protected":false},"excerpt":{"rendered":"<p>Une formulation sp\u00e9cialement \u00e9tudi\u00e9e pour le contour de vos yeux<\/p>\n","protected":false},"featured_media":83784,"comment_status":"open","ping_status":"closed","template":"","meta":{"_joinchat":[]},"pwb-brand":[336],"product_cat":[132,86],"product_tag":[],"brands":[{"id":336,"name":"Dermeden","slug":"dermeden"}],"_links":{"self":[{"href":"https:\/\/santepara.ma\/index.php?rest_route=\/wp\/v2\/product\/83785"}],"collection":[{"href":"https:\/\/santepara.ma\/index.php?rest_route=\/wp\/v2\/product"}],"about":[{"href":"https:\/\/santepara.ma\/index.php?rest_route=\/wp\/v2\/types\/product"}],"replies":[{"embeddable":true,"href":"https:\/\/santepara.ma\/index.php?rest_route=%2Fwp%2Fv2%2Fcomments&post=83785"}],"wp:featuredmedia":[{"embeddable":true,"href":"https:\/\/santepara.ma\/index.php?rest_route=\/wp\/v2\/media\/83784"}],"wp:attachment":[{"href":"https:\/\/santepara.ma\/index.php?rest_route=%2Fwp%2Fv2%2Fmedia&parent=83785"}],"wp:term":[{"taxonomy":"pwb-brand","embeddable":true,"href":"https:\/\/santepara.ma\/index.php?rest_route=%2Fwp%2Fv2%2Fpwb-brand&post=83785"},{"taxonomy":"product_cat","embeddable":true,"href":"https:\/\/santepara.ma\/index.php?rest_route=%2Fwp%2Fv2%2Fproduct_cat&post=83785"},{"taxonomy":"product_tag","embeddable":true,"href":"https:\/\/santepara.ma\/index.php?rest_route=%2Fwp%2Fv2%2Fproduct_tag&post=83785"}],"curies":[{"name":"wp","href":"https:\/\/api.w.org\/{rel}","templated":true}]}}