{"id":83823,"date":"2023-08-08T23:47:21","date_gmt":"2023-08-08T22:47:21","guid":{"rendered":"https:\/\/santepara.ma\/?product=filorga-lift-structure-50-ml"},"modified":"2026-02-28T12:22:28","modified_gmt":"2026-02-28T11:22:28","slug":"filorga-lift-structure-50-ml","status":"publish","type":"product","link":"https:\/\/santepara.ma\/?product=filorga-lift-structure-50-ml","title":{"rendered":"Filorga Lift-structure &#8211; 50 ml"},"content":{"rendered":"<p>Description<\/p>\n<p>La nouvelle cr\u00e8me ultra-liftante qui traite le raffermissement cutan\u00e9. Sa texture high-tech allie finesse et confort pour un effet \u00ab belle peau \u00bb et lui apporte un \u00e9clat instantan\u00e9. LIFT-STRUCTURE de Filorga, jug\u00e9e plus efficace qu\u2019un anti-\u00e2ge classique par 73% des femmes<\/p>\n<p>Conseils d&rsquo;utilisation<\/p>\n<p>Appliquer en soin quotidien matin et\/ou soir apr\u00e8s le s\u00e9rum. Faire p\u00e9n\u00e9trer en massant.<\/p>\n","protected":false},"excerpt":{"rendered":"<p>Une cr\u00e8me ultra-liftante formul\u00e9e \u00e0 base d\u2019actifs issus des proc\u00e9dures esth\u00e9tiques pour un effet anti-\u00e2ge radical.<\/p>\n","protected":false},"featured_media":83822,"comment_status":"open","ping_status":"closed","template":"","meta":{"_joinchat":[]},"pwb-brand":[337],"product_cat":[132],"product_tag":[],"brands":[{"id":337,"name":"Filorga","slug":"filorga"}],"_links":{"self":[{"href":"https:\/\/santepara.ma\/index.php?rest_route=\/wp\/v2\/product\/83823"}],"collection":[{"href":"https:\/\/santepara.ma\/index.php?rest_route=\/wp\/v2\/product"}],"about":[{"href":"https:\/\/santepara.ma\/index.php?rest_route=\/wp\/v2\/types\/product"}],"replies":[{"embeddable":true,"href":"https:\/\/santepara.ma\/index.php?rest_route=%2Fwp%2Fv2%2Fcomments&post=83823"}],"wp:featuredmedia":[{"embeddable":true,"href":"https:\/\/santepara.ma\/index.php?rest_route=\/wp\/v2\/media\/83822"}],"wp:attachment":[{"href":"https:\/\/santepara.ma\/index.php?rest_route=%2Fwp%2Fv2%2Fmedia&parent=83823"}],"wp:term":[{"taxonomy":"pwb-brand","embeddable":true,"href":"https:\/\/santepara.ma\/index.php?rest_route=%2Fwp%2Fv2%2Fpwb-brand&post=83823"},{"taxonomy":"product_cat","embeddable":true,"href":"https:\/\/santepara.ma\/index.php?rest_route=%2Fwp%2Fv2%2Fproduct_cat&post=83823"},{"taxonomy":"product_tag","embeddable":true,"href":"https:\/\/santepara.ma\/index.php?rest_route=%2Fwp%2Fv2%2Fproduct_tag&post=83823"}],"curies":[{"name":"wp","href":"https:\/\/api.w.org\/{rel}","templated":true}]}}