{"id":83839,"date":"2023-08-08T23:47:28","date_gmt":"2023-08-08T22:47:28","guid":{"rendered":"https:\/\/santepara.ma\/?product=filorga-ncef-intensive-serum-regenerant-supreme-30-ml"},"modified":"2026-02-28T12:28:37","modified_gmt":"2026-02-28T11:28:37","slug":"filorga-ncef-intensive-serum-regenerant-supreme-30-ml","status":"publish","type":"product","link":"https:\/\/santepara.ma\/?product=filorga-ncef-intensive-serum-regenerant-supreme-30-ml","title":{"rendered":"Filorga NCEF Intensive S\u00e9rum r\u00e9g\u00e9n\u00e9rant supr\u00eame &#8211; 30 ml"},"content":{"rendered":"<p>Description<\/p>\n<p>Issue de la m\u00e9decine esth\u00e9tique, sa formule au NCTF\u00ae complexe polyrevitalisant unique, int\u00e9gr\u00e9 pour la 1\u00e8re fois \u00e0 une concentration \u00e9quivalente \u00e0 celle d\u2019un traitement anti-\u00e2ge injectable en cabinet, permet une r\u00e9novation compl\u00e8te de la qualit\u00e9 de la peau. La puissance du R\u00e9tinol associ\u00e9 au complexe ADN + Vitamine C garantit une efficacit\u00e9 d\u00e9cupl\u00e9e pour une peau visiblement rajeunie. Il est \u00e0 noter que ce s\u00e9rum poss\u00e8de une texture ultra-l\u00e9g\u00e8re \u00e0 haute p\u00e9n\u00e9tration.<\/p>\n<p>Conseils d&rsquo;utilisation<\/p>\n<p>Appliquer le S\u00e9rum NCTF Intensive FILORGA en soin quotidien, matin et\/ou soir, avant la cr\u00e8me de jour et\/ou de nuit.<\/p>\n","protected":false},"excerpt":{"rendered":"<p>Ce s\u00e9rum r\u00e9g\u00e9n\u00e9rant supr\u00eame combine 3 actions : anti-rides, fermet\u00e9 et \u00e9clat. Hautement concentr\u00e9 en NTCF\u00ae, il r\u00e9g\u00e9n\u00e8re intens\u00e9ment et offre une action anti-\u00e2ge d\u00e9multipli\u00e9e. Le S\u00e9rum NCTF Intensive FILORGA est un s\u00e9rum booster pour une r\u00e9g\u00e9n\u00e9ration intense.<\/p>\n","protected":false},"featured_media":83838,"comment_status":"open","ping_status":"closed","template":"","meta":{"_joinchat":[]},"pwb-brand":[337],"product_cat":[132],"product_tag":[],"brands":[{"id":337,"name":"Filorga","slug":"filorga"}],"_links":{"self":[{"href":"https:\/\/santepara.ma\/index.php?rest_route=\/wp\/v2\/product\/83839"}],"collection":[{"href":"https:\/\/santepara.ma\/index.php?rest_route=\/wp\/v2\/product"}],"about":[{"href":"https:\/\/santepara.ma\/index.php?rest_route=\/wp\/v2\/types\/product"}],"replies":[{"embeddable":true,"href":"https:\/\/santepara.ma\/index.php?rest_route=%2Fwp%2Fv2%2Fcomments&post=83839"}],"wp:featuredmedia":[{"embeddable":true,"href":"https:\/\/santepara.ma\/index.php?rest_route=\/wp\/v2\/media\/83838"}],"wp:attachment":[{"href":"https:\/\/santepara.ma\/index.php?rest_route=%2Fwp%2Fv2%2Fmedia&parent=83839"}],"wp:term":[{"taxonomy":"pwb-brand","embeddable":true,"href":"https:\/\/santepara.ma\/index.php?rest_route=%2Fwp%2Fv2%2Fpwb-brand&post=83839"},{"taxonomy":"product_cat","embeddable":true,"href":"https:\/\/santepara.ma\/index.php?rest_route=%2Fwp%2Fv2%2Fproduct_cat&post=83839"},{"taxonomy":"product_tag","embeddable":true,"href":"https:\/\/santepara.ma\/index.php?rest_route=%2Fwp%2Fv2%2Fproduct_tag&post=83839"}],"curies":[{"name":"wp","href":"https:\/\/api.w.org\/{rel}","templated":true}]}}