{"id":83872,"date":"2023-08-08T23:47:47","date_gmt":"2023-08-08T22:47:47","guid":{"rendered":"https:\/\/santepara.ma\/?product=forte-pharma-minceur-turbodraineur-peche-500-ml"},"modified":"2026-03-02T13:28:56","modified_gmt":"2026-03-02T12:28:56","slug":"forte-pharma-minceur-turbodraineur-peche-500-ml","status":"publish","type":"product","link":"https:\/\/santepara.ma\/?product=forte-pharma-minceur-turbodraineur-peche-500-ml","title":{"rendered":"Fort\u00e9 Pharma Minceur Turbodraineur P\u00eache &#8211; 500 ml"},"content":{"rendered":"<p>Description<\/p>\n<p>Vous avez quelques kilos en trop et vous cherchez un draineur complet qui vous permette d\u2019\u00e9liminer !<\/p>\n<p>Vous voulez un produit qui ait un bon go\u00fbt, \u00e0 boire tout au long de la journ\u00e9e, sans effort. Sp\u00e9cialement formul\u00e9 par le D\u00e9partement Recherche et D\u00e9veloppement des Laboratoires Fort\u00e9 Pharma, TURBODRAINE associe des actifs d\u2019origine v\u00e9g\u00e9tale pour vous offrir un alli\u00e9 minceur au tr\u00e8s bon go\u00fbt.<\/p>\n<p>Draineur complet, TURBODRAINE vous aide \u00e0 :<\/p>\n<p>Drainer et purifier l\u2019organisme en profondeur : sa formule est compos\u00e9e d\u2019actifs tels que la Reine des Pr\u00e9s et le Th\u00e9 vert reconnus pour favoriser l\u2019\u00e9limination de l\u2019eau.<\/p>\n<p>Br\u00fbler les calories gr\u00e2ce \u00e0 l\u2019action du Th\u00e9 vert qui stimule la d\u00e9gradation des lipides.<\/p>\n<p>Conseils d&rsquo;utilisation<\/p>\n<p>Diluer un bouchon de 10 ml dans un grand verre d\u2019eau, 5 fois par jour. La dur\u00e9e d\u2019utilisation recommand\u00e9e est de 10 jours, en compl\u00e9ment d&rsquo;un r\u00e9gime hypocalorique. Programme renouvelable 3 semaines \u00e0 chaque changement de saison. Agiter avant emploi. Il est recommand\u00e9 de boire 1,5 litre d\u2019eau par jour. Apr\u00e8s ouverture, conserver au frais et consommer dans les 15 jours.<\/p>\n","protected":false},"excerpt":{"rendered":"<p>Fort\u00e9 Pharma TurboDraine Minceur 500 ml est une d\u00e9licieuse boisson minceur drainante, au go\u00fbt th\u00e9-p\u00eache, \u00e0 boire tout au long de la journ\u00e9e.<\/p>\n","protected":false},"featured_media":83871,"comment_status":"open","ping_status":"closed","template":"","meta":{"_joinchat":[]},"pwb-brand":[338],"product_cat":[223,218],"product_tag":[],"brands":[{"id":338,"name":"FORTE PHARMA","slug":"forte-pharma"}],"_links":{"self":[{"href":"https:\/\/santepara.ma\/index.php?rest_route=\/wp\/v2\/product\/83872"}],"collection":[{"href":"https:\/\/santepara.ma\/index.php?rest_route=\/wp\/v2\/product"}],"about":[{"href":"https:\/\/santepara.ma\/index.php?rest_route=\/wp\/v2\/types\/product"}],"replies":[{"embeddable":true,"href":"https:\/\/santepara.ma\/index.php?rest_route=%2Fwp%2Fv2%2Fcomments&post=83872"}],"wp:featuredmedia":[{"embeddable":true,"href":"https:\/\/santepara.ma\/index.php?rest_route=\/wp\/v2\/media\/83871"}],"wp:attachment":[{"href":"https:\/\/santepara.ma\/index.php?rest_route=%2Fwp%2Fv2%2Fmedia&parent=83872"}],"wp:term":[{"taxonomy":"pwb-brand","embeddable":true,"href":"https:\/\/santepara.ma\/index.php?rest_route=%2Fwp%2Fv2%2Fpwb-brand&post=83872"},{"taxonomy":"product_cat","embeddable":true,"href":"https:\/\/santepara.ma\/index.php?rest_route=%2Fwp%2Fv2%2Fproduct_cat&post=83872"},{"taxonomy":"product_tag","embeddable":true,"href":"https:\/\/santepara.ma\/index.php?rest_route=%2Fwp%2Fv2%2Fproduct_tag&post=83872"}],"curies":[{"name":"wp","href":"https:\/\/api.w.org\/{rel}","templated":true}]}}