{"id":83927,"date":"2023-08-08T23:47:57","date_gmt":"2023-08-08T22:47:57","guid":{"rendered":"https:\/\/santepara.ma\/?product=mesoestetic-collagen-360-intensive-cream-50-ml"},"modified":"2023-11-04T12:58:45","modified_gmt":"2023-11-04T11:58:45","slug":"mesoestetic-collagen-360-intensive-cream-50-ml","status":"publish","type":"product","link":"https:\/\/santepara.ma\/?product=mesoestetic-collagen-360-intensive-cream-50-ml","title":{"rendered":"Mesoestetic Collagen 360\u00b0 Intensive Cream &#8211; 50 ml"},"content":{"rendered":"<p>Description<\/p>\n<p>Le collag\u00e8ne est le principal composant du derme responsable de la fermet\u00e9 et de la force de tension de la peau. Avec le passage du temps, il diminue sa synth\u00e8se, ce qui provoque la perte du volume facial. collagen 360\u00ba est une gamme cosm\u00e9ceutique qui pr\u00e9sente des concentrations \u00e9lev\u00e9es de collag\u00e8ne marin enrichi, con\u00e7ue pour lutter contre la diminution de collag\u00e8ne, en am\u00e9liorant l\u2019\u00e9lasticit\u00e9 de la peau gr\u00e2ce \u00e0 son action redensifiante, r\u00e9affirmante et \u00e0 son effet tenseur.<\/p>\n<p>Conseils d&rsquo;utilisation<\/p>\n<p>Appliquer le matin et le soir sur le visage, le cou et le d\u00e9collet\u00e9 en effectuant de l\u00e9gers massages circulaires jusqu\u2019\u00e0 la totale absorption du produit.<\/p>\n","protected":false},"excerpt":{"rendered":"<p>Cr\u00e8me visage raffermissante au collag\u00e8ne marin enrichi, qui am\u00e9liore la fermet\u00e9 et la densit\u00e9 de la peau. Lutte contre la perte de collag\u00e8ne et prot\u00e8ge la structure du derme.<\/p>\n","protected":false},"featured_media":83926,"comment_status":"open","ping_status":"closed","template":"","meta":{"_joinchat":[]},"pwb-brand":[341],"product_cat":[132],"product_tag":[],"brands":[{"id":341,"name":"MESOESTETIC","slug":"mesoestetic"}],"_links":{"self":[{"href":"https:\/\/santepara.ma\/index.php?rest_route=\/wp\/v2\/product\/83927"}],"collection":[{"href":"https:\/\/santepara.ma\/index.php?rest_route=\/wp\/v2\/product"}],"about":[{"href":"https:\/\/santepara.ma\/index.php?rest_route=\/wp\/v2\/types\/product"}],"replies":[{"embeddable":true,"href":"https:\/\/santepara.ma\/index.php?rest_route=%2Fwp%2Fv2%2Fcomments&post=83927"}],"wp:featuredmedia":[{"embeddable":true,"href":"https:\/\/santepara.ma\/index.php?rest_route=\/wp\/v2\/media\/83926"}],"wp:attachment":[{"href":"https:\/\/santepara.ma\/index.php?rest_route=%2Fwp%2Fv2%2Fmedia&parent=83927"}],"wp:term":[{"taxonomy":"pwb-brand","embeddable":true,"href":"https:\/\/santepara.ma\/index.php?rest_route=%2Fwp%2Fv2%2Fpwb-brand&post=83927"},{"taxonomy":"product_cat","embeddable":true,"href":"https:\/\/santepara.ma\/index.php?rest_route=%2Fwp%2Fv2%2Fproduct_cat&post=83927"},{"taxonomy":"product_tag","embeddable":true,"href":"https:\/\/santepara.ma\/index.php?rest_route=%2Fwp%2Fv2%2Fproduct_tag&post=83927"}],"curies":[{"name":"wp","href":"https:\/\/api.w.org\/{rel}","templated":true}]}}