{"id":83935,"date":"2023-08-08T23:48:03","date_gmt":"2023-08-08T22:48:03","guid":{"rendered":"https:\/\/santepara.ma\/?product=mesoestetic-imperfection-control-10ml"},"modified":"2023-11-04T12:58:45","modified_gmt":"2023-11-04T11:58:45","slug":"mesoestetic-imperfection-control-10ml","status":"publish","type":"product","link":"https:\/\/santepara.ma\/?product=mesoestetic-imperfection-control-10ml","title":{"rendered":"Mesoestetic Imperfection Control &#8211; 10ml"},"content":{"rendered":"<p>Description<\/p>\n<p>Parall\u00e8lement, les actifs compl\u00e9mentaires pr\u00e9sents dans le m.acne complex\u2122 lui permettent d\u2019inverser rapidement et efficacement le processus de rub\u00e9faction et de tum\u00e9faction des \u00e9ruptions acn\u00e9iques. L\u2019acn\u00e9 vulgaire est d\u00fb \u00e0 un exc\u00e8s d\u2019androg\u00e8nes qui favorise une augmentation de la k\u00e9ratinisation et de la desquamation folliculaire mais aussi la s\u00e9cr\u00e9tion de s\u00e9bum. Cela provoquera l\u2019obstruction du pore cutan\u00e9 et son inflammation ult\u00e9rieure par action opportuniste de la flore bact\u00e9rienne pr\u00e9sente sur la peau, conduisant aux l\u00e9sions acn\u00e9iques caract\u00e9ristiques sous forme de com\u00e9dons, de papules, de pustules et d\u2019hyperpigmentation r\u00e9siduelles.<\/p>\n<p>Conseils d&rsquo;utilisation<\/p>\n<p>Appliquer localement une petite quantit\u00e9 d\u2019imperfection control sur une peau propre et s\u00e8che, en effectuant un mouvement circulaire doux qui augmente l\u2019intensit\u00e9 de la couleur jusqu\u2019\u00e0 masquer de fa\u00e7on homog\u00e8ne la zone affect\u00e9e.<\/p>\n","protected":false},"excerpt":{"rendered":"<p>Cr\u00e8me \u00e0 usage focalis\u00e9 indiqu\u00e9e pour le traitement sp\u00e9cifique des \u00e9ruptions acn\u00e9iques naissantes ou rebelles. Les pigments innovants inclus dans la formule procurent un effet de camouflage modulable et progressif en fonction du mouvement r\u00e9alis\u00e9 lors de l\u2019application qui leur permet de s\u2019adapter aux diff\u00e9rents teints de peau.<\/p>\n","protected":false},"featured_media":83934,"comment_status":"open","ping_status":"closed","template":"","meta":{"_joinchat":[]},"pwb-brand":[341],"product_cat":[101],"product_tag":[],"brands":[{"id":341,"name":"MESOESTETIC","slug":"mesoestetic"}],"_links":{"self":[{"href":"https:\/\/santepara.ma\/index.php?rest_route=\/wp\/v2\/product\/83935"}],"collection":[{"href":"https:\/\/santepara.ma\/index.php?rest_route=\/wp\/v2\/product"}],"about":[{"href":"https:\/\/santepara.ma\/index.php?rest_route=\/wp\/v2\/types\/product"}],"replies":[{"embeddable":true,"href":"https:\/\/santepara.ma\/index.php?rest_route=%2Fwp%2Fv2%2Fcomments&post=83935"}],"wp:featuredmedia":[{"embeddable":true,"href":"https:\/\/santepara.ma\/index.php?rest_route=\/wp\/v2\/media\/83934"}],"wp:attachment":[{"href":"https:\/\/santepara.ma\/index.php?rest_route=%2Fwp%2Fv2%2Fmedia&parent=83935"}],"wp:term":[{"taxonomy":"pwb-brand","embeddable":true,"href":"https:\/\/santepara.ma\/index.php?rest_route=%2Fwp%2Fv2%2Fpwb-brand&post=83935"},{"taxonomy":"product_cat","embeddable":true,"href":"https:\/\/santepara.ma\/index.php?rest_route=%2Fwp%2Fv2%2Fproduct_cat&post=83935"},{"taxonomy":"product_tag","embeddable":true,"href":"https:\/\/santepara.ma\/index.php?rest_route=%2Fwp%2Fv2%2Fproduct_tag&post=83935"}],"curies":[{"name":"wp","href":"https:\/\/api.w.org\/{rel}","templated":true}]}}