{"id":84043,"date":"2023-08-08T23:48:26","date_gmt":"2023-08-08T22:48:26","guid":{"rendered":"https:\/\/santepara.ma\/?product=klorane-force-tri-active-serum-anti-chute-100-ml"},"modified":"2023-11-04T12:58:51","modified_gmt":"2023-11-04T11:58:51","slug":"klorane-force-tri-active-serum-anti-chute-100-ml","status":"publish","type":"product","link":"https:\/\/santepara.ma\/?product=klorane-force-tri-active-serum-anti-chute-100-ml","title":{"rendered":"Klorane Force Tri-Active Serum Anti Chute -100 ml"},"content":{"rendered":"<p>Description<\/p>\n<p>Ce s\u00e9rum contient un complexe actif \u00e0 base de quinine, de caf\u00e9ine et d&rsquo;arginine. Ces actifs v\u00e9g\u00e9taux stimulants permettent de r\u00e9activer le m\u00e9tabolisme cellulaire qui donne une pousse plus rapide et plus vigoureuse.<\/p>\n<p>L&rsquo;Arginine agit efficacement sur la r\u00e9sistance des cheveux car elle redonne \u00e9lasticit\u00e9 et souplesse au cuir chevelu gr\u00e2ce \u00e0 son action antiglycation. La Quinine va permettre de stimuler la micro-circulation du cuir chevelu afin de maximiser l&rsquo;apport d&rsquo;\u00e9l\u00e9ments nutritionnels au niveau du bulbe pilaire.<\/p>\n<p>Conseils d&rsquo;utilisation<\/p>\n<p>Appliquer 3 \u00e0 4 pulv\u00e9risations sur un cuir chevelu propre. Masser puis coiffer. Ne pas rincer.<\/p>\n<p>2 \u00e0 3 applications par semaine pendant 3 mois.<\/p>\n","protected":false},"excerpt":{"rendered":"<p>S\u00e9rum permet d&rsquo;activer la densit\u00e9 des cheveux, de stimuler leur croissance et de leur donner de la r\u00e9sistance pour \u00e9viter la chute chronique de cheveux.<\/p>\n","protected":false},"featured_media":84042,"comment_status":"open","ping_status":"closed","template":"","meta":{"_joinchat":[]},"pwb-brand":[348],"product_cat":[72,287,152],"product_tag":[],"brands":[{"id":348,"name":"KLORANE","slug":"klorane"}],"_links":{"self":[{"href":"https:\/\/santepara.ma\/index.php?rest_route=\/wp\/v2\/product\/84043"}],"collection":[{"href":"https:\/\/santepara.ma\/index.php?rest_route=\/wp\/v2\/product"}],"about":[{"href":"https:\/\/santepara.ma\/index.php?rest_route=\/wp\/v2\/types\/product"}],"replies":[{"embeddable":true,"href":"https:\/\/santepara.ma\/index.php?rest_route=%2Fwp%2Fv2%2Fcomments&post=84043"}],"wp:featuredmedia":[{"embeddable":true,"href":"https:\/\/santepara.ma\/index.php?rest_route=\/wp\/v2\/media\/84042"}],"wp:attachment":[{"href":"https:\/\/santepara.ma\/index.php?rest_route=%2Fwp%2Fv2%2Fmedia&parent=84043"}],"wp:term":[{"taxonomy":"pwb-brand","embeddable":true,"href":"https:\/\/santepara.ma\/index.php?rest_route=%2Fwp%2Fv2%2Fpwb-brand&post=84043"},{"taxonomy":"product_cat","embeddable":true,"href":"https:\/\/santepara.ma\/index.php?rest_route=%2Fwp%2Fv2%2Fproduct_cat&post=84043"},{"taxonomy":"product_tag","embeddable":true,"href":"https:\/\/santepara.ma\/index.php?rest_route=%2Fwp%2Fv2%2Fproduct_tag&post=84043"}],"curies":[{"name":"wp","href":"https:\/\/api.w.org\/{rel}","templated":true}]}}