{"id":84084,"date":"2023-08-08T23:48:37","date_gmt":"2023-08-08T22:48:37","guid":{"rendered":"https:\/\/santepara.ma\/?product=klorane-shampoing-a-la-quinine-et-aux-vitamines-b-200-ml"},"modified":"2023-11-04T12:58:53","modified_gmt":"2023-11-04T11:58:53","slug":"klorane-shampoing-a-la-quinine-et-aux-vitamines-b-200-ml","status":"publish","type":"product","link":"https:\/\/santepara.ma\/?product=klorane-shampoing-a-la-quinine-et-aux-vitamines-b-200-ml","title":{"rendered":"Klorane Shampoing \u00e0 la Quinine et aux Vitamines B &#8211; 200 ml"},"content":{"rendered":"<p>Description<\/p>\n<p>Klorane Shampooing \u00e0 la Quinine et aux Vitamines B 200 ml, a \u00e9t\u00e9 sp\u00e9cialement formul\u00e9 pour soigner les cheveux fatigu\u00e9s et fragilis\u00e9s, pour pr\u00e9venir la chute des cheveux ou en compl\u00e9ment des traitements anti-chute. La Quinine poss\u00e8de de puissantes propri\u00e9t\u00e9s fortifiantes, dont l&rsquo;efficacit\u00e9 a \u00e9t\u00e9 prouv\u00e9e scientifiquement. Combin\u00e9e aux vitamines B, elle conf\u00e8re \u00e0 ce shampoing une action stimulante sur le bulbe pilaire, pour des cheveux fortifi\u00e9s, revigor\u00e9s. Klorane cultive ses ingr\u00e9dients naturels dans le respect de l&rsquo;environnement. Sans silicone, test\u00e9 sous contr\u00f4le dermatologique. Formule biod\u00e9gradable.<\/p>\n<p>Conseils d&rsquo;utilisation<\/p>\n<p>Un seul shampooing suffit. Rincer longuement \u00e0 l&rsquo;eau claire. En cas de contact avec les yeux, rincer abondamment.<\/p>\n","protected":false},"excerpt":{"rendered":"<p>Shampooing \u00e0 la Quinine et aux Vitamines B fortifie pour les cheveux fatigu\u00e9s, ternes, fragilis\u00e9s. Il aide ainsi \u00e0 lutter contre la chute des cheveux.<\/p>\n","protected":false},"featured_media":84083,"comment_status":"open","ping_status":"closed","template":"","meta":{"_joinchat":[]},"pwb-brand":[348],"product_cat":[72,144],"product_tag":[],"brands":[{"id":348,"name":"KLORANE","slug":"klorane"}],"_links":{"self":[{"href":"https:\/\/santepara.ma\/index.php?rest_route=\/wp\/v2\/product\/84084"}],"collection":[{"href":"https:\/\/santepara.ma\/index.php?rest_route=\/wp\/v2\/product"}],"about":[{"href":"https:\/\/santepara.ma\/index.php?rest_route=\/wp\/v2\/types\/product"}],"replies":[{"embeddable":true,"href":"https:\/\/santepara.ma\/index.php?rest_route=%2Fwp%2Fv2%2Fcomments&post=84084"}],"wp:featuredmedia":[{"embeddable":true,"href":"https:\/\/santepara.ma\/index.php?rest_route=\/wp\/v2\/media\/84083"}],"wp:attachment":[{"href":"https:\/\/santepara.ma\/index.php?rest_route=%2Fwp%2Fv2%2Fmedia&parent=84084"}],"wp:term":[{"taxonomy":"pwb-brand","embeddable":true,"href":"https:\/\/santepara.ma\/index.php?rest_route=%2Fwp%2Fv2%2Fpwb-brand&post=84084"},{"taxonomy":"product_cat","embeddable":true,"href":"https:\/\/santepara.ma\/index.php?rest_route=%2Fwp%2Fv2%2Fproduct_cat&post=84084"},{"taxonomy":"product_tag","embeddable":true,"href":"https:\/\/santepara.ma\/index.php?rest_route=%2Fwp%2Fv2%2Fproduct_tag&post=84084"}],"curies":[{"name":"wp","href":"https:\/\/api.w.org\/{rel}","templated":true}]}}