{"id":84090,"date":"2023-08-08T23:48:38","date_gmt":"2023-08-08T22:48:38","guid":{"rendered":"https:\/\/santepara.ma\/?product=klorane-shamp-au-cedrat-200ml"},"modified":"2023-11-04T12:58:53","modified_gmt":"2023-11-04T11:58:53","slug":"klorane-shamp-au-cedrat-200ml","status":"publish","type":"product","link":"https:\/\/santepara.ma\/?product=klorane-shamp-au-cedrat-200ml","title":{"rendered":"Klorane Shamp Au Cedrat 200Ml"},"content":{"rendered":"<p>Description<\/p>\n<p>Destin\u00e9 aux cheveux normaux (usage fr\u00e9quent) regraissant vite, le shampooing \u00e0 la pulpe de c\u00e9drat Klorane apporte l\u00e9g\u00e8ret\u00e9 et vitalit\u00e9 d\u00e8s la premi\u00e8re utilisation. Sa base lavante tr\u00e8s douce, enrichie en acide glutamique et en pulpe de c\u00e9drat nettoie et d\u00e9toxifie cheveux et cuir chevelu. En r\u00e9gulant la production excessive de s\u00e9bum, elle retarde \u00e9galement le regraissage des cheveux permettant ainsi un espacement des shampooings. R\u00e9sultat : les cheveux sont l\u00e9gers et restent propres plus longtemps. Lib\u00e9r\u00e9e des r\u00e9sidus qui l&rsquo;asphyxient et du calcaire de l&rsquo;eau qui ternit sa couleur, gorg\u00e9e de vitamines et d&rsquo;acides amin\u00e9s, la chevelure retrouve vitalit\u00e9, \u00e9nergie et beaut\u00e9.<\/p>\n<p>Conseils d&rsquo;utilisation<\/p>\n<p>Un seul shampooing suffit. Rincer longuement. En cas de contact avec les yeux, rincer abondamment. Ce shampooing peut s&rsquo;utiliser aussi souvent que n\u00e9cessaire. Il est adapt\u00e9 pour tous les types de cheveux.<\/p>\n","protected":false},"excerpt":{"rendered":"<p>L\u00e9g\u00e8ret\u00e9 et vitalit\u00e9 &#8211; usage fr\u00e9quent &#8211; cheveux normaux regraissant vite<\/p>\n","protected":false},"featured_media":84089,"comment_status":"open","ping_status":"closed","template":"","meta":{"_joinchat":[]},"pwb-brand":[348],"product_cat":[268,144],"product_tag":[],"brands":[{"id":348,"name":"KLORANE","slug":"klorane"}],"_links":{"self":[{"href":"https:\/\/santepara.ma\/index.php?rest_route=\/wp\/v2\/product\/84090"}],"collection":[{"href":"https:\/\/santepara.ma\/index.php?rest_route=\/wp\/v2\/product"}],"about":[{"href":"https:\/\/santepara.ma\/index.php?rest_route=\/wp\/v2\/types\/product"}],"replies":[{"embeddable":true,"href":"https:\/\/santepara.ma\/index.php?rest_route=%2Fwp%2Fv2%2Fcomments&post=84090"}],"wp:featuredmedia":[{"embeddable":true,"href":"https:\/\/santepara.ma\/index.php?rest_route=\/wp\/v2\/media\/84089"}],"wp:attachment":[{"href":"https:\/\/santepara.ma\/index.php?rest_route=%2Fwp%2Fv2%2Fmedia&parent=84090"}],"wp:term":[{"taxonomy":"pwb-brand","embeddable":true,"href":"https:\/\/santepara.ma\/index.php?rest_route=%2Fwp%2Fv2%2Fpwb-brand&post=84090"},{"taxonomy":"product_cat","embeddable":true,"href":"https:\/\/santepara.ma\/index.php?rest_route=%2Fwp%2Fv2%2Fproduct_cat&post=84090"},{"taxonomy":"product_tag","embeddable":true,"href":"https:\/\/santepara.ma\/index.php?rest_route=%2Fwp%2Fv2%2Fproduct_tag&post=84090"}],"curies":[{"name":"wp","href":"https:\/\/api.w.org\/{rel}","templated":true}]}}