{"id":84104,"date":"2023-08-08T23:48:41","date_gmt":"2023-08-08T22:48:41","guid":{"rendered":"https:\/\/santepara.ma\/?product=klorane-bebe-gel-lavant-doux-500-ml"},"modified":"2023-11-04T12:58:54","modified_gmt":"2023-11-04T11:58:54","slug":"klorane-bebe-gel-lavant-doux-500-ml","status":"publish","type":"product","link":"https:\/\/santepara.ma\/?product=klorane-bebe-gel-lavant-doux-500-ml","title":{"rendered":"Klorane B\u00e9b\u00e9 Gel Lavant Doux &#8211; 500 ml"},"content":{"rendered":"<p>Description<\/p>\n<p>Klorane B\u00e9b\u00e9 Gel Lavant Doux 200 ml est un gel lavant pour b\u00e9b\u00e9, id\u00e9al d\u00e8s la naissance, pour la peau normale. La formule biod\u00e9gradable de ce gel lavant doux est au calendula apaisant de fleurs issues de culture bio. Enrichie en agents hydratants, sa formule au parfum tendre et relaxant nettoie en douceur et facilite le d\u00e9m\u00ealage, laissant les cheveux de b\u00e9b\u00e9 soyeux et la peau douce et prot\u00e9g\u00e9e. Test\u00e9 cliniquement sous contr\u00f4le p\u00e9diatrique.<\/p>\n<p>Conseils d&rsquo;utilisation<\/p>\n<p>Faire mousser sur le corps et les cheveux pr\u00e9alablement mouill\u00e9s. Rincer en cas de contact avec les yeux.<\/p>\n","protected":false},"excerpt":{"rendered":"<p>Riche en agents hydratants, sa formule au parfum tendre et relaxant nettoie tout en douceur.<\/p>\n","protected":false},"featured_media":84103,"comment_status":"open","ping_status":"closed","template":"","meta":{"_joinchat":[]},"pwb-brand":[348],"product_cat":[206],"product_tag":[],"brands":[{"id":348,"name":"KLORANE","slug":"klorane"}],"_links":{"self":[{"href":"https:\/\/santepara.ma\/index.php?rest_route=\/wp\/v2\/product\/84104"}],"collection":[{"href":"https:\/\/santepara.ma\/index.php?rest_route=\/wp\/v2\/product"}],"about":[{"href":"https:\/\/santepara.ma\/index.php?rest_route=\/wp\/v2\/types\/product"}],"replies":[{"embeddable":true,"href":"https:\/\/santepara.ma\/index.php?rest_route=%2Fwp%2Fv2%2Fcomments&post=84104"}],"wp:featuredmedia":[{"embeddable":true,"href":"https:\/\/santepara.ma\/index.php?rest_route=\/wp\/v2\/media\/84103"}],"wp:attachment":[{"href":"https:\/\/santepara.ma\/index.php?rest_route=%2Fwp%2Fv2%2Fmedia&parent=84104"}],"wp:term":[{"taxonomy":"pwb-brand","embeddable":true,"href":"https:\/\/santepara.ma\/index.php?rest_route=%2Fwp%2Fv2%2Fpwb-brand&post=84104"},{"taxonomy":"product_cat","embeddable":true,"href":"https:\/\/santepara.ma\/index.php?rest_route=%2Fwp%2Fv2%2Fproduct_cat&post=84104"},{"taxonomy":"product_tag","embeddable":true,"href":"https:\/\/santepara.ma\/index.php?rest_route=%2Fwp%2Fv2%2Fproduct_tag&post=84104"}],"curies":[{"name":"wp","href":"https:\/\/api.w.org\/{rel}","templated":true}]}}