{"id":84176,"date":"2023-08-08T23:48:59","date_gmt":"2023-08-08T22:48:59","guid":{"rendered":"https:\/\/santepara.ma\/?product=manix-gel-massage-gourmand-fraise-200-ml"},"modified":"2023-11-04T12:58:57","modified_gmt":"2023-11-04T11:58:57","slug":"manix-gel-massage-gourmand-fraise-200-ml","status":"publish","type":"product","link":"https:\/\/santepara.ma\/?product=manix-gel-massage-gourmand-fraise-200-ml","title":{"rendered":"Manix Gel Massage Gourmand Fraise &#8211; 200 ml"},"content":{"rendered":"<p>Description<\/p>\n<p>Manix Massage Gourmand Fraise Onctueuse 200 ml est le partenaire id\u00e9al pour accompagner vos massages corporels. Sa texture d&rsquo;une onctuosit\u00e9 extr\u00eame facilitera tous vos mouvements et gestes pour un maximum de douceur et de sensualit\u00e9.<\/p>\n<p>Ce gel peut \u00eatre appliqu\u00e9 sur toutes les parties du corps, m\u00eame les plus intimes. Si vous \u00eates amen\u00e9 \u00e0 le go\u00fbter avec votre langue, vous appr\u00e9cierez son parfum subtil et sucr\u00e9.<\/p>\n<p>Sa formule non grasse est sans paraben, compatible avec les pr\u00e9servatifs, et il peut \u00eatre utilis\u00e9 comme lubrifiant intime.<\/p>\n<p>Conseils d&rsquo;utilisation<\/p>\n<p>Ouvrez le capuchon et presser le flacon pour laisser couler un l\u00e9ger filet de gel dans le creux de votre main, ou directement sur le corps de votre partenaire. \u00c9taler le gel sur la surface \u00e0 masser et laissez agir votre imagination.<\/p>\n","protected":false},"excerpt":{"rendered":"<p>Le gel comestible gourmand Manix est id\u00e9al pour faciliter les massages corporels. Il peut \u00eatre appliqu\u00e9 sur toutes les parties du corps m\u00eame les plus intimes. Ce gel permet des moments c\u00e2lins, coquins et intimes entre partenaires. Il est sp\u00e9cialement \u00e9labor\u00e9 pour \u00eatre comestible et offre un d\u00e9licieux parfum subtil et sucr\u00e9 de fraise pour des moments encore plus intenses.<\/p>\n","protected":false},"featured_media":84175,"comment_status":"open","ping_status":"closed","template":"","meta":{"_joinchat":[]},"pwb-brand":[356],"product_cat":[351],"product_tag":[],"brands":[{"id":356,"name":"MANIX","slug":"manix"}],"_links":{"self":[{"href":"https:\/\/santepara.ma\/index.php?rest_route=\/wp\/v2\/product\/84176"}],"collection":[{"href":"https:\/\/santepara.ma\/index.php?rest_route=\/wp\/v2\/product"}],"about":[{"href":"https:\/\/santepara.ma\/index.php?rest_route=\/wp\/v2\/types\/product"}],"replies":[{"embeddable":true,"href":"https:\/\/santepara.ma\/index.php?rest_route=%2Fwp%2Fv2%2Fcomments&post=84176"}],"wp:featuredmedia":[{"embeddable":true,"href":"https:\/\/santepara.ma\/index.php?rest_route=\/wp\/v2\/media\/84175"}],"wp:attachment":[{"href":"https:\/\/santepara.ma\/index.php?rest_route=%2Fwp%2Fv2%2Fmedia&parent=84176"}],"wp:term":[{"taxonomy":"pwb-brand","embeddable":true,"href":"https:\/\/santepara.ma\/index.php?rest_route=%2Fwp%2Fv2%2Fpwb-brand&post=84176"},{"taxonomy":"product_cat","embeddable":true,"href":"https:\/\/santepara.ma\/index.php?rest_route=%2Fwp%2Fv2%2Fproduct_cat&post=84176"},{"taxonomy":"product_tag","embeddable":true,"href":"https:\/\/santepara.ma\/index.php?rest_route=%2Fwp%2Fv2%2Fproduct_tag&post=84176"}],"curies":[{"name":"wp","href":"https:\/\/api.w.org\/{rel}","templated":true}]}}