{"id":84204,"date":"2023-08-08T23:49:04","date_gmt":"2023-08-08T22:49:04","guid":{"rendered":"https:\/\/santepara.ma\/?product=manix-gel-de-massage-stimulant-200-ml"},"modified":"2025-02-22T09:22:54","modified_gmt":"2025-02-22T08:22:54","slug":"manix-gel-de-massage-stimulant-200-ml","status":"publish","type":"product","link":"https:\/\/santepara.ma\/?product=manix-gel-de-massage-stimulant-200-ml","title":{"rendered":"Manix Gel de Massage Stimulant &#8211; 200 ml"},"content":{"rendered":"<p>Description<\/p>\n<p>La formule du Gel de massage stimulant par Manix, offre une douce sensation de chaleur pour stimuler les deux partenaires.<\/p>\n<p>Sa composition \u00e0 base d&rsquo;extrait de gingembre promet des moments de plaisir et d&rsquo;excitation intenses.<\/p>\n<p>Conseils d&rsquo;utilisation<\/p>\n<p>D\u00e9visser le capuchon et retirer l&rsquo;opercule.<\/p>\n<p>Presser le tube.<\/p>\n<p>Appliquer une dose de gel sur les parties \u00e0 masser.<\/p>\n","protected":false},"excerpt":{"rendered":"<p>Le gel de massage stimulant Manix est id\u00e9al pour passer des moments sensuels et intenses avec son partenaire. Sa texture d&rsquo;une grande onctuosit\u00e9 dot\u00e9e d&rsquo;un l\u00e9ger effet chauffant facilitera vos massages et stimulera vos sens.<\/p>\n","protected":false},"featured_media":84203,"comment_status":"open","ping_status":"closed","template":"","meta":{"_joinchat":[]},"pwb-brand":[356],"product_cat":[351],"product_tag":[],"brands":[{"id":356,"name":"MANIX","slug":"manix"}],"_links":{"self":[{"href":"https:\/\/santepara.ma\/index.php?rest_route=\/wp\/v2\/product\/84204"}],"collection":[{"href":"https:\/\/santepara.ma\/index.php?rest_route=\/wp\/v2\/product"}],"about":[{"href":"https:\/\/santepara.ma\/index.php?rest_route=\/wp\/v2\/types\/product"}],"replies":[{"embeddable":true,"href":"https:\/\/santepara.ma\/index.php?rest_route=%2Fwp%2Fv2%2Fcomments&post=84204"}],"wp:featuredmedia":[{"embeddable":true,"href":"https:\/\/santepara.ma\/index.php?rest_route=\/wp\/v2\/media\/84203"}],"wp:attachment":[{"href":"https:\/\/santepara.ma\/index.php?rest_route=%2Fwp%2Fv2%2Fmedia&parent=84204"}],"wp:term":[{"taxonomy":"pwb-brand","embeddable":true,"href":"https:\/\/santepara.ma\/index.php?rest_route=%2Fwp%2Fv2%2Fpwb-brand&post=84204"},{"taxonomy":"product_cat","embeddable":true,"href":"https:\/\/santepara.ma\/index.php?rest_route=%2Fwp%2Fv2%2Fproduct_cat&post=84204"},{"taxonomy":"product_tag","embeddable":true,"href":"https:\/\/santepara.ma\/index.php?rest_route=%2Fwp%2Fv2%2Fproduct_tag&post=84204"}],"curies":[{"name":"wp","href":"https:\/\/api.w.org\/{rel}","templated":true}]}}