{"id":84212,"date":"2023-08-08T23:49:05","date_gmt":"2023-08-08T22:49:05","guid":{"rendered":"https:\/\/santepara.ma\/?product=mustela-lingettes-nettoyantes-apaisantes-sans-parfum-70-pieces"},"modified":"2024-02-22T16:18:48","modified_gmt":"2024-02-22T15:18:48","slug":"mustela-lingettes-nettoyantes-apaisantes-sans-parfum-70-pieces","status":"publish","type":"product","link":"https:\/\/santepara.ma\/?product=mustela-lingettes-nettoyantes-apaisantes-sans-parfum-70-pieces","title":{"rendered":"Mustela Lingettes Nettoyantes Apaisantes Sans Parfum &#8211; 70 Pi\u00e9ces"},"content":{"rendered":"<p>Description<\/p>\n<p>Nettoient efficacement et en douceur la peau fragile de votre b\u00e9b\u00e9.<\/p>\n<p>Apaisent les petites rougeurs visibles et les sensations de picotements et de tiraillements des peaux tr\u00e8s sensibles.<\/p>\n<p>Conseils d&rsquo;utilisation<\/p>\n<p>Pr\u00e9lever une lingette, nettoyer d\u00e9licatement le visage, le corps et le si\u00e8ge du b\u00e9b\u00e9. Bien refermer apr\u00e8s usage.<\/p>\n<p>Composition<\/p>\n<p>AQUA\/WATER\/EAU, GLYCERIN, CITRIC ACID, SODIUM BENZOATE, CAPRYLYL\/CAPRYL GLUCOSIDE, POTASSIUM SORBATE, 1,2-HEXANEDIOL, CAPRYLYL GLYCOL, MALTODEXTRIN, SACCHARIDE HYDROLYSATE, SODIUM HYDROXIDE, PERSEA GRATISSIMA (AVOCADO) FRUIT EXTRACT , TROPOLONE, LECITHIN, TOCOPHEROL<\/p>\n","protected":false},"excerpt":{"rendered":"<p>Lingettes nettoyantes apaisantes ultra-douces et sans parfum pour le visage, le corps et le si\u00e8ge des peaux tr\u00e8s sensibles. Convient aux nourrissons d\u00e8s la naissance, aux b\u00e9b\u00e9s et aux enfants. B\u00e9b\u00e9s sortis de n\u00e9onatologie<\/p>\n","protected":false},"featured_media":84211,"comment_status":"open","ping_status":"closed","template":"","meta":{"_joinchat":[]},"pwb-brand":[358],"product_cat":[255],"product_tag":[],"brands":[{"id":358,"name":"MUSTELA","slug":"mustela"}],"_links":{"self":[{"href":"https:\/\/santepara.ma\/index.php?rest_route=\/wp\/v2\/product\/84212"}],"collection":[{"href":"https:\/\/santepara.ma\/index.php?rest_route=\/wp\/v2\/product"}],"about":[{"href":"https:\/\/santepara.ma\/index.php?rest_route=\/wp\/v2\/types\/product"}],"replies":[{"embeddable":true,"href":"https:\/\/santepara.ma\/index.php?rest_route=%2Fwp%2Fv2%2Fcomments&post=84212"}],"wp:featuredmedia":[{"embeddable":true,"href":"https:\/\/santepara.ma\/index.php?rest_route=\/wp\/v2\/media\/84211"}],"wp:attachment":[{"href":"https:\/\/santepara.ma\/index.php?rest_route=%2Fwp%2Fv2%2Fmedia&parent=84212"}],"wp:term":[{"taxonomy":"pwb-brand","embeddable":true,"href":"https:\/\/santepara.ma\/index.php?rest_route=%2Fwp%2Fv2%2Fpwb-brand&post=84212"},{"taxonomy":"product_cat","embeddable":true,"href":"https:\/\/santepara.ma\/index.php?rest_route=%2Fwp%2Fv2%2Fproduct_cat&post=84212"},{"taxonomy":"product_tag","embeddable":true,"href":"https:\/\/santepara.ma\/index.php?rest_route=%2Fwp%2Fv2%2Fproduct_tag&post=84212"}],"curies":[{"name":"wp","href":"https:\/\/api.w.org\/{rel}","templated":true}]}}