{"id":84253,"date":"2023-08-08T23:49:15","date_gmt":"2023-08-08T22:49:15","guid":{"rendered":"https:\/\/santepara.ma\/?product=mustela-stelatopia-creme-lavante-200-ml"},"modified":"2024-02-22T16:18:48","modified_gmt":"2024-02-22T15:18:48","slug":"mustela-stelatopia-creme-lavante-200-ml","status":"publish","type":"product","link":"https:\/\/santepara.ma\/?product=mustela-stelatopia-creme-lavante-200-ml","title":{"rendered":"Mustela Stelatopia Creme Lavante &#8211; 200 ml"},"content":{"rendered":"<p>Description<\/p>\n<p>Nettoie en douceur et laisse un film protecteur sur la peau.<\/p>\n<p>Apaise les sensations d&rsquo;inconfort, de tiraillements et de d\u00e9mangeaisons.<\/p>\n<p>Prot\u00e8ge des effets dess\u00e9chants de l&rsquo;eau calcaire Laisse la peau douce, souple et confortable.<\/p>\n<p>Apaise les sensations d&rsquo;irritation<\/p>\n<p>Conseils d&rsquo;utilisation<\/p>\n<p>Appliquer sur peau mouill\u00e9e, d\u00e8s la naissance. Rincer abondamment et s\u00e9cher d\u00e9licatement sans frotter. Pour le visage et le corps.<\/p>\n<p>Composition<\/p>\n<p>AQUA\/WATER\/EAU, GLYCERIN, CAPRYLYL\/CAPRYL GLUCOSIDE, BUTYROSPERMUM PARKII (SHEA) BUTTER, HYDROXYPROPYL GUAR, ORYZA SATIVA (RICE) STARCH, SODIUM BENZOATE, CITRIC ACID, XANTHAN GUM, HELIANTHUS ANNUUS (SUNFLOWER) SEED OIL UNSAPONIFIABLES, POTASSIUM SORBATE, PERSEA GRATISSIMA (AVOCADO) FRUIT EXTRACT<\/p>\n","protected":false},"excerpt":{"rendered":"<p>Le Gel Lavant Stelatopia est con\u00e7u pour apporter douceur et r\u00e9confort aux peaux \u00e0 tendance atopiques des b\u00e9b\u00e9s, d\u00e8s la naissance. Il diminue l&rsquo;effet ass\u00e9chant de l&rsquo;eau et apaise les sensations de tiraillements et de d\u00e9mangeaisons.<\/p>\n","protected":false},"featured_media":84252,"comment_status":"open","ping_status":"closed","template":"","meta":{"_joinchat":[]},"pwb-brand":[358],"product_cat":[206],"product_tag":[],"brands":[{"id":358,"name":"MUSTELA","slug":"mustela"}],"_links":{"self":[{"href":"https:\/\/santepara.ma\/index.php?rest_route=\/wp\/v2\/product\/84253"}],"collection":[{"href":"https:\/\/santepara.ma\/index.php?rest_route=\/wp\/v2\/product"}],"about":[{"href":"https:\/\/santepara.ma\/index.php?rest_route=\/wp\/v2\/types\/product"}],"replies":[{"embeddable":true,"href":"https:\/\/santepara.ma\/index.php?rest_route=%2Fwp%2Fv2%2Fcomments&post=84253"}],"wp:featuredmedia":[{"embeddable":true,"href":"https:\/\/santepara.ma\/index.php?rest_route=\/wp\/v2\/media\/84252"}],"wp:attachment":[{"href":"https:\/\/santepara.ma\/index.php?rest_route=%2Fwp%2Fv2%2Fmedia&parent=84253"}],"wp:term":[{"taxonomy":"pwb-brand","embeddable":true,"href":"https:\/\/santepara.ma\/index.php?rest_route=%2Fwp%2Fv2%2Fpwb-brand&post=84253"},{"taxonomy":"product_cat","embeddable":true,"href":"https:\/\/santepara.ma\/index.php?rest_route=%2Fwp%2Fv2%2Fproduct_cat&post=84253"},{"taxonomy":"product_tag","embeddable":true,"href":"https:\/\/santepara.ma\/index.php?rest_route=%2Fwp%2Fv2%2Fproduct_tag&post=84253"}],"curies":[{"name":"wp","href":"https:\/\/api.w.org\/{rel}","templated":true}]}}