{"id":84447,"date":"2023-08-08T23:49:54","date_gmt":"2023-08-08T22:49:54","guid":{"rendered":"https:\/\/santepara.ma\/?product=endocare-tensage-contour-yeux-illuminateur-15-ml"},"modified":"2023-11-04T12:59:10","modified_gmt":"2023-11-04T11:59:10","slug":"endocare-tensage-contour-yeux-illuminateur-15-ml","status":"publish","type":"product","link":"https:\/\/santepara.ma\/?product=endocare-tensage-contour-yeux-illuminateur-15-ml","title":{"rendered":"Endocare Tensage Contour Yeux Illuminateur &#8211; 15 ml"},"content":{"rendered":"<p>Description<\/p>\n<p>Fluide plus l\u00e9ger avec puissant effet tenseur qui rajeunit et embellit la zone autour des yeux. Endocare Tensage contour r\u00e9duit les poches, les rides et remplit avec son effet d&rsquo;\u00e9clairage, brouille les cernes assurant un regard paisible et sans faille. Contient SCA, facteurs de croissance, puissant et concentr\u00e9 r\u00e9parateur de antiphotoaging.<\/p>\n<p>Le contour des yeux est une zone fragile du visage o\u00f9 se refl\u00e8te l&rsquo;humeur, le manque de sommeil, le stress, une mauvaise alimentation &#8230; Tout cela peut affecter l&rsquo;esth\u00e9tique de la peau, provoquant l&rsquo;apparition de poches, les cernes et m\u00eame vous pouvez accentuer les ridules commencent \u00e0 appara\u00eetre apr\u00e8s 25 ans.<\/p>\n<p>Att\u00e9nuer les signes du vieillissement et les imperfections de la zone autour des yeux, tous les types de peau.<\/p>\n<p>Anti &#8211; traitement de vieillissement. rides de maculage et les rides d&rsquo;expression ou \u00ab\u00a0pattes d&rsquo;oie\u00a0\u00bb<\/p>\n<p>Donner la lumi\u00e8re aux yeux , gr\u00e2ce \u00e0 ses pigments de blanchiment, ce qui brouille la mauvaise couleur des cernes et illumine le regard.<\/p>\n<p>R\u00e9duire les poches et les cernes. Daily traitement contre &#8211; poches et anti &#8211; cernes .<\/p>\n<p>Conseils d&rsquo;utilisation<\/p>\n<p>\u2022 Appliquer matin et soir par doucement pat pour am\u00e9liorer l&rsquo;absorption du produit actif.<\/p>\n<p>\u2022 Sensation de d\u00e9mangeaison possible au moment de son utilisation en raison de l&rsquo;activit\u00e9 et de l&rsquo;efficacit\u00e9.<\/p>\n<p>\u2022 Son utilisation est le plus recommand\u00e9 pour la journ\u00e9e, car il contient des pigments de blanchiment.<\/p>\n<p>Composition<\/p>\n<p>AQUA. FUITE DE SECRETION D\u2019ESCARGOTS. C12-20 ACIDE PEG-8 ESTER. GLYCERINE. C12-15 BENZOATE D\u2019ALCYL. SACCHARIDE ISOMERATE. EXTRAIT D\u2019OLETACEA DE PORTULACA. HYDROLYZED JE SUIS PROTEINE. HEXYLENE GLYCOL. L\u2019ALCOOL CETYL. SQUALANE. CYCLOPENTASILOXANE. ETHOXYDIGLYCOL. BEURRE DE BUTYROSPERMUM PARKII. POLYISOBUTENE HYDROGENE. HYALURONATE DE SODIUM. ACETATE DE TOCOPHEL. FRUCTOSE. PALMITOYL. TRIPEPTIDE-5. GLUCOSE. TTETRAPEPTIDE D\u2019ACETYL-5. DISMUTASE DE SUPEROXYDE. DIOXYDE DE TITANE (NANO). AMMONIUM ACRYLOYLDIMETHYLTAURATE\/VP COPOLYMER. PHENOXYETHANOL. PEG\/PPG-20\/6 DIMETHICONE. CITRATE DE SODIUM. DEXTRIN. SACCHAROSE. UREE. CAPRYLYL GLYCOL. L\u2019ALCOOL DICHLOROBENZYL. CHLORPHENESIN. DE L\u2019ACIDE SORBIQUE. SILICE. DIMETHICONE. ALANINE. DE L\u2019ACIDE GLUTAMIQUE. ACIDE ASPARTIQUE. NICOTINATE D\u2019HEXYL. MICA. CI 77891. CI 77491. DISODIUM EDTA. PARFUM. LIMONENE. HEXYL CINNAMAL. LINALOL. SALICYLATE DE BENZYL. METHYLPROPIONAL DE BUTYLPHENYLE.<\/p>\n","protected":false},"excerpt":{"rendered":"<p>ENDOCARE Tensage est indiqu\u00e9 pour \u00e9clairer l\u2019apparence et est efficace contre les sacs et les cernes. Endocare Tensage Eye Contour Illuminator est un nouveau r\u00e9g\u00e9n\u00e9rateur antirides avec un effet \u00e9clairant. Corrige le contour des yeux en rajeunissant le look.<\/p>\n","protected":false},"featured_media":84445,"comment_status":"open","ping_status":"closed","template":"","meta":{"_joinchat":[]},"pwb-brand":[364],"product_cat":[132,86],"product_tag":[],"brands":[{"id":364,"name":"ENDOCARE","slug":"endocare"}],"_links":{"self":[{"href":"https:\/\/santepara.ma\/index.php?rest_route=\/wp\/v2\/product\/84447"}],"collection":[{"href":"https:\/\/santepara.ma\/index.php?rest_route=\/wp\/v2\/product"}],"about":[{"href":"https:\/\/santepara.ma\/index.php?rest_route=\/wp\/v2\/types\/product"}],"replies":[{"embeddable":true,"href":"https:\/\/santepara.ma\/index.php?rest_route=%2Fwp%2Fv2%2Fcomments&post=84447"}],"wp:featuredmedia":[{"embeddable":true,"href":"https:\/\/santepara.ma\/index.php?rest_route=\/wp\/v2\/media\/84445"}],"wp:attachment":[{"href":"https:\/\/santepara.ma\/index.php?rest_route=%2Fwp%2Fv2%2Fmedia&parent=84447"}],"wp:term":[{"taxonomy":"pwb-brand","embeddable":true,"href":"https:\/\/santepara.ma\/index.php?rest_route=%2Fwp%2Fv2%2Fpwb-brand&post=84447"},{"taxonomy":"product_cat","embeddable":true,"href":"https:\/\/santepara.ma\/index.php?rest_route=%2Fwp%2Fv2%2Fproduct_cat&post=84447"},{"taxonomy":"product_tag","embeddable":true,"href":"https:\/\/santepara.ma\/index.php?rest_route=%2Fwp%2Fv2%2Fproduct_tag&post=84447"}],"curies":[{"name":"wp","href":"https:\/\/api.w.org\/{rel}","templated":true}]}}