{"id":84463,"date":"2023-08-08T23:49:57","date_gmt":"2023-08-08T22:49:57","guid":{"rendered":"https:\/\/santepara.ma\/?product=nutrimax-spiruline-bio-120-comprimes"},"modified":"2023-11-04T12:59:10","modified_gmt":"2023-11-04T11:59:10","slug":"nutrimax-spiruline-bio-120-comprimes","status":"publish","type":"product","link":"https:\/\/santepara.ma\/?product=nutrimax-spiruline-bio-120-comprimes","title":{"rendered":"Nutrimax Spiruline Bio &#8211; 120 Comprim\u00e9s"},"content":{"rendered":"<p>Description<\/p>\n<p>La Spiruline, Cette algue microscopique constitue un compl\u00e9ment alimentaire de choix riche en fer assimilable.<\/p>\n<p>100% naturelle et Biologique, la spiruline est riche en b\u00eata-carot\u00e8ne, fer, vitamine B12, et acide gamma-linol\u00e9ique.<\/p>\n<p>Elle est aussi riche en vitamine E que le bl\u00e9, aussi riche en calcium, phosphore et magn\u00e9sium que le lait.<\/p>\n<p>Conseils d&rsquo;utilisation<\/p>\n<p>1 prise par jour, \u00e0 avaler avec un grand verre d&rsquo;eau, ou diluer dans un verre de lait, un yaourt ou un jus de fruit, \u00e0 prendre de pr\u00e9f\u00e9rence le matin.<\/p>\n<p>Composition<\/p>\n<p>Spiruline pure (Arthrospira Platensis)<\/p>\n","protected":false},"excerpt":{"rendered":"<p>Spiruline Nutrimax 120 comprim\u00e9s : aide \u00e0 diminuer la fatigue et contribue au fonctionnement normal du syst\u00e8me immunitaire. Spiruline cultiv\u00e9e au Maroc, 100% d&rsquo;origine naturelle, sans colorants, sans conservateurs et sans gluten.<\/p>\n","protected":false},"featured_media":84462,"comment_status":"open","ping_status":"closed","template":"","meta":{"_joinchat":[]},"pwb-brand":[365],"product_cat":[223,218],"product_tag":[],"brands":[{"id":365,"name":"NUTRIMAX","slug":"nutrimax"}],"_links":{"self":[{"href":"https:\/\/santepara.ma\/index.php?rest_route=\/wp\/v2\/product\/84463"}],"collection":[{"href":"https:\/\/santepara.ma\/index.php?rest_route=\/wp\/v2\/product"}],"about":[{"href":"https:\/\/santepara.ma\/index.php?rest_route=\/wp\/v2\/types\/product"}],"replies":[{"embeddable":true,"href":"https:\/\/santepara.ma\/index.php?rest_route=%2Fwp%2Fv2%2Fcomments&post=84463"}],"wp:featuredmedia":[{"embeddable":true,"href":"https:\/\/santepara.ma\/index.php?rest_route=\/wp\/v2\/media\/84462"}],"wp:attachment":[{"href":"https:\/\/santepara.ma\/index.php?rest_route=%2Fwp%2Fv2%2Fmedia&parent=84463"}],"wp:term":[{"taxonomy":"pwb-brand","embeddable":true,"href":"https:\/\/santepara.ma\/index.php?rest_route=%2Fwp%2Fv2%2Fpwb-brand&post=84463"},{"taxonomy":"product_cat","embeddable":true,"href":"https:\/\/santepara.ma\/index.php?rest_route=%2Fwp%2Fv2%2Fproduct_cat&post=84463"},{"taxonomy":"product_tag","embeddable":true,"href":"https:\/\/santepara.ma\/index.php?rest_route=%2Fwp%2Fv2%2Fproduct_tag&post=84463"}],"curies":[{"name":"wp","href":"https:\/\/api.w.org\/{rel}","templated":true}]}}