{"id":84465,"date":"2023-08-08T23:49:57","date_gmt":"2023-08-08T22:49:57","guid":{"rendered":"https:\/\/santepara.ma\/?product=nutrimax-spiruline-poudre-60-g"},"modified":"2023-11-04T12:59:10","modified_gmt":"2023-11-04T11:59:10","slug":"nutrimax-spiruline-poudre-60-g","status":"publish","type":"product","link":"https:\/\/santepara.ma\/?product=nutrimax-spiruline-poudre-60-g","title":{"rendered":"Nutrimax Spiruline Poudre &#8211; 60 G"},"content":{"rendered":"<p>Description<\/p>\n<p>La Spiruline, Cette algue microscopique constitue un compl\u00e9ment alimentaire de choix riche en fer assimilable.<\/p>\n<p>100% naturelle et Biologique, la spiruline est riche en b\u00eata-carot\u00e8ne, fer, vitamine B12, et acide gamma-linol\u00e9ique.<\/p>\n<p>Elle est aussi riche en vitamine E que le bl\u00e9, aussi riche en calcium, phosphore et magn\u00e9sium que le lait.<\/p>\n<p>Conseils d&rsquo;utilisation<\/p>\n<p>1 \u00e0 2 cuiller\u00e9es \u00e0 caf\u00e9 (environ 2,5 g \u00e0 5 g) par jour \u00e0 prendre avec un grand verre d&rsquo;eau ou \u00e0 diluer dans un yaourt ou un jus de fruits. De pr\u00e9f\u00e9rence le matin et le midi avant les repas.<\/p>\n<p>Conserver au sec et \u00e0 l&rsquo;abri de la chaleur et de l&rsquo;humidit\u00e9<\/p>\n<p>Composition<\/p>\n<p>Spiruline pure (Arthrospira Platensis)<\/p>\n","protected":false},"excerpt":{"rendered":"<p>Convient pour le traitement de la fatigue, manque d&rsquo;\u00e9nergie, d\u00e9prime, surmenage, concentration, sport, \u00e9vite les fringales.<\/p>\n<p>A prendre avant le repas en cas de r\u00e9gime minceur.<\/p>\n<p>Source de Vitamine B12, b\u00eata-carot\u00e8ne, fer, et acide gamma-linol\u00e9ique, vitamine E, calcium, phosphore et magn\u00e9sium.<\/p>\n","protected":false},"featured_media":84464,"comment_status":"open","ping_status":"closed","template":"","meta":{"_joinchat":[]},"pwb-brand":[365],"product_cat":[223,218],"product_tag":[],"brands":[{"id":365,"name":"NUTRIMAX","slug":"nutrimax"}],"_links":{"self":[{"href":"https:\/\/santepara.ma\/index.php?rest_route=\/wp\/v2\/product\/84465"}],"collection":[{"href":"https:\/\/santepara.ma\/index.php?rest_route=\/wp\/v2\/product"}],"about":[{"href":"https:\/\/santepara.ma\/index.php?rest_route=\/wp\/v2\/types\/product"}],"replies":[{"embeddable":true,"href":"https:\/\/santepara.ma\/index.php?rest_route=%2Fwp%2Fv2%2Fcomments&post=84465"}],"wp:featuredmedia":[{"embeddable":true,"href":"https:\/\/santepara.ma\/index.php?rest_route=\/wp\/v2\/media\/84464"}],"wp:attachment":[{"href":"https:\/\/santepara.ma\/index.php?rest_route=%2Fwp%2Fv2%2Fmedia&parent=84465"}],"wp:term":[{"taxonomy":"pwb-brand","embeddable":true,"href":"https:\/\/santepara.ma\/index.php?rest_route=%2Fwp%2Fv2%2Fpwb-brand&post=84465"},{"taxonomy":"product_cat","embeddable":true,"href":"https:\/\/santepara.ma\/index.php?rest_route=%2Fwp%2Fv2%2Fproduct_cat&post=84465"},{"taxonomy":"product_tag","embeddable":true,"href":"https:\/\/santepara.ma\/index.php?rest_route=%2Fwp%2Fv2%2Fproduct_tag&post=84465"}],"curies":[{"name":"wp","href":"https:\/\/api.w.org\/{rel}","templated":true}]}}