{"id":84491,"date":"2023-08-08T23:50:07","date_gmt":"2023-08-08T22:50:07","guid":{"rendered":"https:\/\/santepara.ma\/?product=gilbert-cold-cream-50-ml"},"modified":"2023-11-04T12:59:11","modified_gmt":"2023-11-04T11:59:11","slug":"gilbert-cold-cream-50-ml","status":"publish","type":"product","link":"https:\/\/santepara.ma\/?product=gilbert-cold-cream-50-ml","title":{"rendered":"Gilbert Cold Cream &#8211; 50 ml"},"content":{"rendered":"<p>Description<\/p>\n<p>Gilbert Cold Cream 50 ml sous forme d&rsquo;\u00e9mulsion est un soin nourrissant et protecteur pour peaux s\u00e8ches et sensibles.<\/p>\n<p>Recommand\u00e9e pour le soin des peaux s\u00e8ches et sensibles ou d\u00e9shydrat\u00e9es du b\u00e9b\u00e9 et de l&rsquo;enfant, la cold cream assure une protection efficace des \u00e9pidermes vis-\u00e0-vis des agressions externes comme le vent, le froid, et aide \u00e0 restaurer le film hydrolipidique cutan\u00e9.<\/p>\n<p>Sans paraben, conservateur, parfum. Hypoallerg\u00e9nique.<\/p>\n<p>Conseils d&rsquo;utilisation<\/p>\n<p>Appliquer une \u00e0 deux fois par jour sur une peau propre, visage et corps.<\/p>\n<p>Composition<\/p>\n<p>PARAFFINUM LIQUIDUM (MINERAL OIL), AQUA (WATER), CAPRYLIC\/CAPRIC TRIGLYCERIDE, CERA ALBA (BEESWAX), CETYL PALMITATE, CERA MICROCRISTALLINA (MICROCRYSTALLINE WAX), HYDROGENATED VEGETABLE OIL, PARAFFIN.<\/p>\n","protected":false},"excerpt":{"rendered":"<p>La Cold Cream formul\u00e9e par les laboratoires Gilbert a \u00e9t\u00e9 con\u00e7ue dans le but de nourrir et prot\u00e9ger la peau. Cette \u00e9mulsion est notamment reconnue pour ses propri\u00e9t\u00e9s apaisantes, nourrissantes et protectrices. Elle convient parfaitement aux b\u00e9b\u00e9s, aux enfants ainsi qu\u2019aux adultes. Cette cr\u00e8me est g\u00e9n\u00e9ralement conseill\u00e9e pour le soin des peaux s\u00e8ches, d\u00e9shydrat\u00e9es et sensibles.<\/p>\n","protected":false},"featured_media":84490,"comment_status":"open","ping_status":"closed","template":"","meta":{"_joinchat":[]},"pwb-brand":[368],"product_cat":[190],"product_tag":[],"brands":[{"id":368,"name":"GILBERT","slug":"gilbert"}],"_links":{"self":[{"href":"https:\/\/santepara.ma\/index.php?rest_route=\/wp\/v2\/product\/84491"}],"collection":[{"href":"https:\/\/santepara.ma\/index.php?rest_route=\/wp\/v2\/product"}],"about":[{"href":"https:\/\/santepara.ma\/index.php?rest_route=\/wp\/v2\/types\/product"}],"replies":[{"embeddable":true,"href":"https:\/\/santepara.ma\/index.php?rest_route=%2Fwp%2Fv2%2Fcomments&post=84491"}],"wp:featuredmedia":[{"embeddable":true,"href":"https:\/\/santepara.ma\/index.php?rest_route=\/wp\/v2\/media\/84490"}],"wp:attachment":[{"href":"https:\/\/santepara.ma\/index.php?rest_route=%2Fwp%2Fv2%2Fmedia&parent=84491"}],"wp:term":[{"taxonomy":"pwb-brand","embeddable":true,"href":"https:\/\/santepara.ma\/index.php?rest_route=%2Fwp%2Fv2%2Fpwb-brand&post=84491"},{"taxonomy":"product_cat","embeddable":true,"href":"https:\/\/santepara.ma\/index.php?rest_route=%2Fwp%2Fv2%2Fproduct_cat&post=84491"},{"taxonomy":"product_tag","embeddable":true,"href":"https:\/\/santepara.ma\/index.php?rest_route=%2Fwp%2Fv2%2Fproduct_tag&post=84491"}],"curies":[{"name":"wp","href":"https:\/\/api.w.org\/{rel}","templated":true}]}}