{"id":84497,"date":"2023-08-08T23:50:08","date_gmt":"2023-08-08T22:50:08","guid":{"rendered":"https:\/\/santepara.ma\/?product=gilbert-liniderm-liniment-oleo-calcaire-250-ml"},"modified":"2023-11-04T12:59:11","modified_gmt":"2023-11-04T11:59:11","slug":"gilbert-liniderm-liniment-oleo-calcaire-250-ml","status":"publish","type":"product","link":"https:\/\/santepara.ma\/?product=gilbert-liniderm-liniment-oleo-calcaire-250-ml","title":{"rendered":"Gilbert Liniderm Liniment Ol\u00e9o-Calcaire &#8211; 250 ml"},"content":{"rendered":"<p>Description<\/p>\n<p>Formule stabilis\u00e9e Le liniment ol\u00e9o-calcaire Gilbert est un parfait nettoyant et un hydratant pour b\u00e9b\u00e9.<\/p>\n<p>Il nourrit la peau et la laisse velout\u00e9e tout en le prot\u00e9geant des irritations comme celles occasionn\u00e9es par le frottement de la couche.<\/p>\n<p>Il est id\u00e9al pour les peaux fragiles, s\u00e8ches, atypiques ou ecz\u00e9mateuses et prot\u00e8ge la peau en cas d&rsquo;\u00e9ryth\u00e8me fessier ou de rougeurs.<\/p>\n<p>Conseils d&rsquo;utilisation<\/p>\n<p>Adapt\u00e9 a tout type de peau, surtout les plus d\u00e9licates, le liniment GILBERT est conseill\u00e9 pour le nettoyage du si\u00e8ge du nourrisson. Il \u00e9limine en un passage les bact\u00e9ries susceptibles d\u2019irriter la peau fragile du b\u00e9b\u00e9. Inoffensif et sans fragrance, il prot\u00e8ge son \u00e9piderme fessier qui est quotidiennement expos\u00e9 aux microbes. Douceur, hygi\u00e8ne, d\u00e9fense tels sont les trois raisons de ce choix que nous partageons.<\/p>\n<p>Composition<\/p>\n<p>HUILE D&rsquo;OLIVE. SOLUTION D&rsquo;HYDROXYDE DE CALCIUM. STEARATE DE GLYCEROL. STABILISANT.<\/p>\n","protected":false},"excerpt":{"rendered":"<p>Le Liniment Ol\u00e9o-Calcaire des laboratoires Gilbert est un produit naturel con\u00e7u pour nettoyer la peau des fesses des b\u00e9b\u00e9s. Gr\u00e2ce \u00e0 sa formule sans conservateur, il limite les risques d\u2019allergie et convient pour tout type d\u2019\u00e9piderme, m\u00eame les plus sensibles.<\/p>\n","protected":false},"featured_media":84496,"comment_status":"open","ping_status":"closed","template":"","meta":{"_joinchat":[]},"pwb-brand":[368],"product_cat":[190],"product_tag":[],"brands":[{"id":368,"name":"GILBERT","slug":"gilbert"}],"_links":{"self":[{"href":"https:\/\/santepara.ma\/index.php?rest_route=\/wp\/v2\/product\/84497"}],"collection":[{"href":"https:\/\/santepara.ma\/index.php?rest_route=\/wp\/v2\/product"}],"about":[{"href":"https:\/\/santepara.ma\/index.php?rest_route=\/wp\/v2\/types\/product"}],"replies":[{"embeddable":true,"href":"https:\/\/santepara.ma\/index.php?rest_route=%2Fwp%2Fv2%2Fcomments&post=84497"}],"wp:featuredmedia":[{"embeddable":true,"href":"https:\/\/santepara.ma\/index.php?rest_route=\/wp\/v2\/media\/84496"}],"wp:attachment":[{"href":"https:\/\/santepara.ma\/index.php?rest_route=%2Fwp%2Fv2%2Fmedia&parent=84497"}],"wp:term":[{"taxonomy":"pwb-brand","embeddable":true,"href":"https:\/\/santepara.ma\/index.php?rest_route=%2Fwp%2Fv2%2Fpwb-brand&post=84497"},{"taxonomy":"product_cat","embeddable":true,"href":"https:\/\/santepara.ma\/index.php?rest_route=%2Fwp%2Fv2%2Fproduct_cat&post=84497"},{"taxonomy":"product_tag","embeddable":true,"href":"https:\/\/santepara.ma\/index.php?rest_route=%2Fwp%2Fv2%2Fproduct_tag&post=84497"}],"curies":[{"name":"wp","href":"https:\/\/api.w.org\/{rel}","templated":true}]}}