{"id":84540,"date":"2023-08-08T23:50:19","date_gmt":"2023-08-08T22:50:19","guid":{"rendered":"https:\/\/santepara.ma\/?product=hyfac-woman-eau-micellaire-nettoyante-et-demaquillante-200-ml"},"modified":"2023-11-04T12:59:14","modified_gmt":"2023-11-04T11:59:14","slug":"hyfac-woman-eau-micellaire-nettoyante-et-demaquillante-200-ml","status":"publish","type":"product","link":"https:\/\/santepara.ma\/?product=hyfac-woman-eau-micellaire-nettoyante-et-demaquillante-200-ml","title":{"rendered":"Hyfac Woman Eau micellaire Nettoyante et D\u00e9maquillante &#8211; 200 ml"},"content":{"rendered":"<p>Description<\/p>\n<p>L\u2019eau micellaire HYFAC WOMAN nettoie et d\u00e9maquille en douceur le visage et les yeux. Elle \u00e9limine les impuret\u00e9s et d\u00e9maquille m\u00eame le maquillage waterproof. Ses extraits de th\u00e9 blanc r\u00e9veillent l\u2019\u00e9clat du teint et r\u00e9duisent les taches et les rougeurs. Apaisante et sans rin\u00e7age, elle convient parfaitement aux femmes ayant une peau sensible \u00e0 imperfections. Utilis\u00e9e quotidiennement, elle laisse une peau nette, fra\u00eeche et purifi\u00e9e. Son subtil parfum floral fait de son utilisation un pur moment de bonheur.<\/p>\n<p>Conseils d&rsquo;utilisation<\/p>\n<p>Matin et\/ou soir, appliquer sur le visage et les yeux \u00e0 l\u2019aide d\u2019un coton afin de nettoyer et d\u00e9maquiller la peau. R\u00e9p\u00e9ter l\u2019op\u00e9ration jusqu\u2019\u00e0 ce que le coton soit parfaitement propre. S\u00e9cher d\u00e9licatement la peau \u00e0 l\u2019aide d\u2019une serviette propre. Ne se rince pas. Il est ensuite conseill\u00e9 d\u2019appliquer le soin global anti-imperfections HYFAC Woman sur une peau parfaitement s\u00e8che afin de compl\u00e9ter la routine de soin.<\/p>\n<p>Convient \u00e0 tous les types de peaux (peaux sensibles, peaux \u00e0 tendances acn\u00e9iques).<\/p>\n<p>Composition<\/p>\n<p>INCI : AQUA (WATER), PROPANEDIOL, PEG-6 CAPRYLIC\/CAPRIC GLYCERIDES, PEG-7 GLYCERYL COCOATE, CAPRYLYL\/CAPRYL GLUCOSIDE, CAMELLIA SINENSIS LEAF EXTRACT, CODIUM TOMENTOSUM EXTRACT, BUTYLENE GLYCOL, HYDROXYETHYLCELLULOSE, TETRASODIUM GLUTAMATE DIACETATE, CITRIC ACID, PARFUM (FRAGRANCE), CETRIMONIUM BROMIDE.<\/p>\n","protected":false},"excerpt":{"rendered":"<p>Lotion nettoyante et d\u00e9maquillante sans rin\u00e7age. Elimine les impuret\u00e9s, apaise et r\u00e9duit les rougeurs gr\u00e2ce \u00e0 ses extraits de th\u00e9 blanc.<\/p>\n","protected":false},"featured_media":84539,"comment_status":"open","ping_status":"closed","template":"","meta":{"_joinchat":[]},"pwb-brand":[370],"product_cat":[104,95,101],"product_tag":[],"brands":[{"id":370,"name":"HYFAC","slug":"hyfac"}],"_links":{"self":[{"href":"https:\/\/santepara.ma\/index.php?rest_route=\/wp\/v2\/product\/84540"}],"collection":[{"href":"https:\/\/santepara.ma\/index.php?rest_route=\/wp\/v2\/product"}],"about":[{"href":"https:\/\/santepara.ma\/index.php?rest_route=\/wp\/v2\/types\/product"}],"replies":[{"embeddable":true,"href":"https:\/\/santepara.ma\/index.php?rest_route=%2Fwp%2Fv2%2Fcomments&post=84540"}],"wp:featuredmedia":[{"embeddable":true,"href":"https:\/\/santepara.ma\/index.php?rest_route=\/wp\/v2\/media\/84539"}],"wp:attachment":[{"href":"https:\/\/santepara.ma\/index.php?rest_route=%2Fwp%2Fv2%2Fmedia&parent=84540"}],"wp:term":[{"taxonomy":"pwb-brand","embeddable":true,"href":"https:\/\/santepara.ma\/index.php?rest_route=%2Fwp%2Fv2%2Fpwb-brand&post=84540"},{"taxonomy":"product_cat","embeddable":true,"href":"https:\/\/santepara.ma\/index.php?rest_route=%2Fwp%2Fv2%2Fproduct_cat&post=84540"},{"taxonomy":"product_tag","embeddable":true,"href":"https:\/\/santepara.ma\/index.php?rest_route=%2Fwp%2Fv2%2Fproduct_tag&post=84540"}],"curies":[{"name":"wp","href":"https:\/\/api.w.org\/{rel}","templated":true}]}}