{"id":84690,"date":"2023-08-08T23:51:26","date_gmt":"2023-08-08T22:51:26","guid":{"rendered":"https:\/\/santepara.ma\/?product=novexpert-magnesium-fluide-douceur-hydro-biotique-30-ml"},"modified":"2023-11-04T12:59:20","modified_gmt":"2023-11-04T11:59:20","slug":"novexpert-magnesium-fluide-douceur-hydro-biotique-30-ml","status":"publish","type":"product","link":"https:\/\/santepara.ma\/?product=novexpert-magnesium-fluide-douceur-hydro-biotique-30-ml","title":{"rendered":"Novexpert Magn\u00e9sium Fluide Douceur Hydro-Biotique &#8211; 30 ml"},"content":{"rendered":"<p>Description<\/p>\n<p>Novexpert Magn\u00e9sium Fluide Douceur Hydro-Biotique 30 ml est un soin 2en1 \u00e0 la texture l\u00e9g\u00e8re, hydratant intense et ultra-apaisant pour les peaux sensibles :<\/p>\n<p>&#8211; il renforce le film hydro-lipidique : les om\u00e9gas 3 issus de l&rsquo;huile de cam\u00e9line associ\u00e9s \u00e0 l&rsquo;acide hyaluronique et au magn\u00e9sium prot\u00e8gent et hydratent durablement la peau,<\/p>\n<p>&#8211; il dynamise la flore microbiotique : des pr\u00e9biotiques cibl\u00e9s nourrissent la flore cutan\u00e9e protectrice.<\/p>\n<p>Hypoallerg\u00e9nique.<\/p>\n<p>0% : conservateurs, parab\u00e8nes, ph\u00e9noxy\u00e9thanol, silicones, huiles min\u00e9rales, PEG, ingr\u00e9dients d&rsquo;origine animale.<\/p>\n<p>Cosm\u00e9tique biologique certifi\u00e9 par Ecocert.<\/p>\n<p>Conseils d&rsquo;utilisation<\/p>\n<p>Appliquer matin et\/ou soir sur le visage.<\/p>\n<p>Laisser p\u00e9n\u00e9trer 5 minutes avant le maquillage.<\/p>\n<p>Indication<\/p>\n<p>Soin hydratant. Peaux normales \u00e0 mixtes.<\/p>\n<p>Composition<\/p>\n<p>Aqua (Water)*, Glycerin*, Dicaprylyl Ether*, Octyldodecanol* Propanediol*, Caprylic\/Capric Triglyceride*, Arachidyl Alcohol* Sodium PCA*, Glyceryl Stearate*, Parfum (Fragrance)*, Behenyl Alcohol*, Alpha-Glucan Oligosaccharide*, C10-18 Triglycerides*, Magnesium PCA*, Sodium Hyaluronate*, Aloe Barbadensis Leaf Juice*\u00b0, Camelina Sativa Seed Oil*, Lactobacillus Ferment*, Oenothera Biennis (Evening Primrose) Seed Extract*\u00b0, Sodium Lactate*, Arginine*, Saccharide Isomerate*, Arachidyl Glucoside*, Glyceryl Behenate*, Glyceryl Caprylate*, Xanthan Gum*, Helianthus Annuus (Sunflower) Seel Oil*, Bentonite*, Sclerotium Gum*, Trihydroxystearin*, Laminaria Ochroleuca Extract*, Biosachharide Gum-2*, Tocopherol*, Citric Acid, Phytic Acid*, Sodium Citrate*, Rosmarinus Officinalis (Rosemary) Leaf Extract*\u00b0.<\/p>\n<p>* 100% des ingr\u00e9dients sont d&rsquo;origine naturelle.<\/p>\n<p>\u00b0 ingr\u00e9dient issu de l&rsquo;agriculture Biologique.<\/p>\n","protected":false},"excerpt":{"rendered":"<p>\u00c7a pique, \u00e7a chauffe et \u00e7a tire&#8230; La peau sensible est une \u2018\u2019rebelle\u2018\u2019 qui exige un soin expert. Une formule \u2018\u2019anti-stress\u2018\u2019 imagin\u00e9e par le plus Zen de nos docteurs.<\/p>\n","protected":false},"featured_media":84689,"comment_status":"open","ping_status":"closed","template":"","meta":{"_joinchat":[]},"pwb-brand":[376],"product_cat":[82,83],"product_tag":[],"brands":[{"id":376,"name":"NOVEXPERT","slug":"novexpert"}],"_links":{"self":[{"href":"https:\/\/santepara.ma\/index.php?rest_route=\/wp\/v2\/product\/84690"}],"collection":[{"href":"https:\/\/santepara.ma\/index.php?rest_route=\/wp\/v2\/product"}],"about":[{"href":"https:\/\/santepara.ma\/index.php?rest_route=\/wp\/v2\/types\/product"}],"replies":[{"embeddable":true,"href":"https:\/\/santepara.ma\/index.php?rest_route=%2Fwp%2Fv2%2Fcomments&post=84690"}],"wp:featuredmedia":[{"embeddable":true,"href":"https:\/\/santepara.ma\/index.php?rest_route=\/wp\/v2\/media\/84689"}],"wp:attachment":[{"href":"https:\/\/santepara.ma\/index.php?rest_route=%2Fwp%2Fv2%2Fmedia&parent=84690"}],"wp:term":[{"taxonomy":"pwb-brand","embeddable":true,"href":"https:\/\/santepara.ma\/index.php?rest_route=%2Fwp%2Fv2%2Fpwb-brand&post=84690"},{"taxonomy":"product_cat","embeddable":true,"href":"https:\/\/santepara.ma\/index.php?rest_route=%2Fwp%2Fv2%2Fproduct_cat&post=84690"},{"taxonomy":"product_tag","embeddable":true,"href":"https:\/\/santepara.ma\/index.php?rest_route=%2Fwp%2Fv2%2Fproduct_tag&post=84690"}],"curies":[{"name":"wp","href":"https:\/\/api.w.org\/{rel}","templated":true}]}}