{"id":84778,"date":"2023-08-08T23:51:46","date_gmt":"2023-08-08T22:51:46","guid":{"rendered":"https:\/\/santepara.ma\/?product=vitabiotics-pregnacare-original-30-comprimes"},"modified":"2026-02-24T12:58:33","modified_gmt":"2026-02-24T11:58:33","slug":"vitabiotics-pregnacare-original-30-comprimes","status":"publish","type":"product","link":"https:\/\/santepara.ma\/?product=vitabiotics-pregnacare-original-30-comprimes","title":{"rendered":"Vitabiotics &#8211; Pregnacare Original &#8211; 30 Comprim\u00e9s"},"content":{"rendered":"<p>Description<\/p>\n<p>Vitabiotics Pregnacare Original 30 Comprim\u00e9s est le compl\u00e9ment pr\u00e9natal le plus populaire et fiable pour prot\u00e9ger la nutrition de celles qui pr\u00e9voient une grossesse ou sont d\u00e9j\u00e0 enceintes, et ce jusqu&rsquo;\u00e0 la fin de l&rsquo;allaitement.<\/p>\n<p>Dot\u00e9 d&rsquo;une formule d\u00e9velopp\u00e9e scientifiquement \u00e0 partir de 19 vitamines et min\u00e9raux importants, Pregnacare contient de la vitamine B12 ainsi que de l&rsquo;acide folique selon la dose exacte recommand\u00e9e pour le d\u00e9veloppement du b\u00e9b\u00e9 dans le ventre. D&rsquo;autres vitamines et min\u00e9raux essentiels sont \u00e9galement pr\u00e9sents, dont l&rsquo;efficacit\u00e9 a \u00e9t\u00e9 prouv\u00e9e pour favoriser une grossesse saine. Pregnacare a \u00e9t\u00e9 d\u00e9velopp\u00e9 avec soin par des experts pour que le dosage des ingr\u00e9dients soit s\u00fbr pour les femmes enceintes, avec des quantit\u00e9s mod\u00e9r\u00e9es et non excessives.<\/p>\n<p>Dose recommand\u00e9e de 400mcg d&rsquo;acide folique<\/p>\n<p>Le minist\u00e8re de la Sant\u00e9 (du Royaume-Uni) recommande aux femmes qui pr\u00e9voient une grossesse de prendre un compl\u00e9ment contenant 400mcg d&rsquo;acide folique d\u00e8s qu&rsquo;elles commencent \u00e0 essayer de concevoir un enfant et jusqu&rsquo;\u00e0 la 12e semaine de grossesse. Il s&rsquo;agit de la quantit\u00e9 exacte d&rsquo;acide folique contenue dans Pregnacare, mais l&rsquo;acide folique est \u00e9galement important apr\u00e8s les 12 premi\u00e8res semaines. En plus de contribuer au d\u00e9veloppement sain et normal du tube neural et du syst\u00e8me nerveux, l&rsquo;acide folique est n\u00e9cessaire \u00e0 la croissance du f&rsquo;tus et est essentiel \u00e0 la division cellulaire d&rsquo;une cellule unique \u00e0 un b\u00e9b\u00e9 compl\u00e8tement d\u00e9velopp\u00e9.<\/p>\n<p>Pas seulement de l&rsquo;acide folique<\/p>\n<p>De nombreuses \u00e9tudes montrent l&rsquo;importance d&rsquo;assurer un apport appropri\u00e9 en vitamines et min\u00e9raux divers tout au long de la grossesse et dans le cadre d&rsquo;un traitement d&rsquo;entretien. Pour un soutien global, Pregnacare apporte divers nutriments dos\u00e9s selon des quantit\u00e9s adapt\u00e9es et \u00e9quilibr\u00e9es avec soin.<\/p>\n<p>Pregnacare \u00e9vite une forte dose de fer, qui n&rsquo;est pas recommand\u00e9e<\/p>\n<p>Contrairement \u00e0 de nombreux compl\u00e9ments de fer pr\u00e9nataux, Pregnacare a \u00e9t\u00e9 formul\u00e9 sp\u00e9cifiquement pour contenir un taux de fer id\u00e9al et mod\u00e9r\u00e9. Un taux de fer \u00e9lev\u00e9 n&rsquo;est pas recommand\u00e9, sauf en cas de n\u00e9cessit\u00e9 particuli\u00e8re identifi\u00e9e par votre professionnel de sant\u00e9.<\/p>\n<p>Avant la conception<\/p>\n<p>Pregnacare est recommand\u00e9 avant la conception pour \u00e9tablir les r\u00e9serves en nutriments comme le fer chez les femmes qui essaient d&rsquo;avoir un b\u00e9b\u00e9. Pendant la grossesse, le corps d&rsquo;une femme doit r\u00e9pondre \u00e0 des demandes suppl\u00e9mentaires. Une bonne alimentation est importante pour le pr\u00e9parer \u00e0 y faire face. Certains nutriments tels que l&rsquo;acide folique, la vitamine B12 et le zinc sont \u00e9galement particuli\u00e8rement importants d\u00e8s le tout d\u00e9but de la conception, pour le d\u00e9veloppement du tube neural et la division cellulaire.<\/p>\n<p>Pendant toute la grossesse<\/p>\n<p>Un bon apport nutritionnel est vital tout au long de la grossesse, pas seulement pendant les 12 premi\u00e8res semaines. Plus tard dans la grossesse, lorsqu&rsquo;une m\u00e8re doit produire plus de globules rouges pour approvisionner le b\u00e9b\u00e9 en sang, le fer, les vitamines B et l&rsquo;acide folique jouent un r\u00f4le consid\u00e9rable dans la formation du sang. Il est possible de commencer \u00e0 prendre Pregnacare \u00e0 tout moment pendant la grossesse.<\/p>\n<p>Id\u00e9al en cas d&rsquo;allaitement maternel<\/p>\n<p>Une nutrition optimale est pr\u00e9cieuse pendant l&rsquo;allaitement, pour favoriser la production d&rsquo;un lait maternel nutritif et aider \u00e0 remplacer les r\u00e9serves en vitamines et min\u00e9raux de la m\u00e8re, qui peuvent \u00eatre r\u00e9duites. Le zinc est important pour la production de lait et la vitamine K pour aider le b\u00e9b\u00e9 \u00e0 maintenir de bons niveaux de prot\u00e9ines de coagulation sanguine. Des vitamines antioxydantes contenues dans le lait maternel, comme la vitamine E, peuvent aussi \u00eatre importantes pour le syst\u00e8me immunitaire du b\u00e9b\u00e9.<\/p>\n<p>Les comprim\u00e9s Pregnacare Original ne contiennent pas de g\u00e9latine, gluten, colorants artificiels, conservateurs, sel ni levure. Convient aux v\u00e9g\u00e9tariens.<\/p>\n<p>Conseils d&rsquo;utilisation<\/p>\n<p>Prenez une tablette par jour avec votre repas principal.<\/p>\n<p>&nbsp;<\/p>\n","protected":false},"excerpt":{"rendered":"<p>Pregnacare suppl\u00e9ment pr\u00e9natal est le plus populaire et approuv\u00e9 par les mamans pour prot\u00e9ger le r\u00e9gime alimentaire de ceux qui pr\u00e9voient une grossesse ou sont d\u00e9j\u00e0 enceintes. Une formulation scientifiquement d\u00e9velopp\u00e9e de 19 vitamines et min\u00e9raux importants, Pregnacare contient 400mcg d\u2019acide folique et 10mcg de vitamine D, comme conseill\u00e9 par le minist\u00e8re de la Sant\u00e9 du Royaume-Uni D pendant la grossesse et l\u2019allaitement. Pregnacare a \u00e9t\u00e9 soigneusement d\u00e9velopp\u00e9 par des experts de sorte que tous les niveaux d\u2019ingr\u00e9dients sont dans des niveaux s\u00fbrs pour la grossesse et sont mod\u00e9r\u00e9s plut\u00f4t qu\u2019excessifs.<\/p>\n","protected":false},"featured_media":84776,"comment_status":"open","ping_status":"closed","template":"","meta":{"_joinchat":[]},"pwb-brand":[379,378],"product_cat":[113,101,157],"product_tag":[],"brands":[{"id":379,"name":"Pregnacare","slug":"pregnacare"},{"id":378,"name":"VITABIOTICS","slug":"vitabiotics"}],"_links":{"self":[{"href":"https:\/\/santepara.ma\/index.php?rest_route=\/wp\/v2\/product\/84778"}],"collection":[{"href":"https:\/\/santepara.ma\/index.php?rest_route=\/wp\/v2\/product"}],"about":[{"href":"https:\/\/santepara.ma\/index.php?rest_route=\/wp\/v2\/types\/product"}],"replies":[{"embeddable":true,"href":"https:\/\/santepara.ma\/index.php?rest_route=%2Fwp%2Fv2%2Fcomments&post=84778"}],"wp:featuredmedia":[{"embeddable":true,"href":"https:\/\/santepara.ma\/index.php?rest_route=\/wp\/v2\/media\/84776"}],"wp:attachment":[{"href":"https:\/\/santepara.ma\/index.php?rest_route=%2Fwp%2Fv2%2Fmedia&parent=84778"}],"wp:term":[{"taxonomy":"pwb-brand","embeddable":true,"href":"https:\/\/santepara.ma\/index.php?rest_route=%2Fwp%2Fv2%2Fpwb-brand&post=84778"},{"taxonomy":"product_cat","embeddable":true,"href":"https:\/\/santepara.ma\/index.php?rest_route=%2Fwp%2Fv2%2Fproduct_cat&post=84778"},{"taxonomy":"product_tag","embeddable":true,"href":"https:\/\/santepara.ma\/index.php?rest_route=%2Fwp%2Fv2%2Fproduct_tag&post=84778"}],"curies":[{"name":"wp","href":"https:\/\/api.w.org\/{rel}","templated":true}]}}