{"id":84798,"date":"2023-08-08T23:51:54","date_gmt":"2023-08-08T22:51:54","guid":{"rendered":"https:\/\/santepara.ma\/?product=herome-base-soin-lissante-pour-ongles-10-ml"},"modified":"2023-11-04T12:59:26","modified_gmt":"2023-11-04T11:59:26","slug":"herome-base-soin-lissante-pour-ongles-10-ml","status":"publish","type":"product","link":"https:\/\/santepara.ma\/?product=herome-base-soin-lissante-pour-ongles-10-ml","title":{"rendered":"Her\u00f4me Base Soin Lissante Pour Ongles &#8211; 10 ml"},"content":{"rendered":"<p>Description<\/p>\n<p>Les pigments de coloration du vernis ne peuvent pas ainsi colorer les ongles. Her\u00f4me Ridge Filling Base Coat \u00e9galise \u00e9galement une plaque ungu\u00e9ale in\u00e9gale ou rainur\u00e9e. Les ongles deviennent plus lisses et joliment uniformes. Her\u00f4me Ridge Filling Base Coat donne un magnifique brillant, permettant d\u2019utiliser \u00e9galement le vernis comme couche d\u00e9corative distincte.<\/p>\n<p>Conseils d&rsquo;utilisation<\/p>\n<p>Appliquez une ou plusieurs couches de Her\u00f4me Base Lissante sur la plaque de l&rsquo;ongle nu.<\/p>\n<p>Laissez s\u00e9cher et appliquez \u00e9ventuellement un vernis color\u00e9.<\/p>\n<p>Vous pouvez aussi utiliser ce produit en tant que simple base, il \u00e9vitera ainsi la d\u00e9coration des ongles, ou comme laque transparente.<\/p>\n<p>Comme il lisse la surface de l&rsquo;ongle, la pose du vernis sera belle et tiendra plus longtemps.<\/p>\n<p>Composition<\/p>\n<p>FORMULE INCI : BUTYL ACETATE, ETHYL ACETATE, NITROCELLULOSE, ACETYL TRIBUTYL CITRATE, ISOPROPYL ALCOHOL, PHTHALIC ANHYDRIDE, TRIMELLITIC ANHYDRIDE, GLYCOLS COPOLYMER, ISOBUTYL ACETATE, MICA, STYRENE, ACRYLATES, COPOLYMER, STEARALKONIUM HECTORITE, BENZOPHENONE-1, CI 77891, TOCOPHERYL ACETATE, ALGAE.<\/p>\n","protected":false},"excerpt":{"rendered":"<p>Prot\u00e9gez vos ongles contre les d\u00e9colorations ! Her\u00f4me Ridge Filling Base Coat comble les nervures et emp\u00eache le passage des colorants du vernis.<\/p>\n","protected":false},"featured_media":84796,"comment_status":"open","ping_status":"closed","template":"","meta":{"_joinchat":[]},"pwb-brand":[380],"product_cat":[189],"product_tag":[],"brands":[{"id":380,"name":"HEROME","slug":"herome"}],"_links":{"self":[{"href":"https:\/\/santepara.ma\/index.php?rest_route=\/wp\/v2\/product\/84798"}],"collection":[{"href":"https:\/\/santepara.ma\/index.php?rest_route=\/wp\/v2\/product"}],"about":[{"href":"https:\/\/santepara.ma\/index.php?rest_route=\/wp\/v2\/types\/product"}],"replies":[{"embeddable":true,"href":"https:\/\/santepara.ma\/index.php?rest_route=%2Fwp%2Fv2%2Fcomments&post=84798"}],"wp:featuredmedia":[{"embeddable":true,"href":"https:\/\/santepara.ma\/index.php?rest_route=\/wp\/v2\/media\/84796"}],"wp:attachment":[{"href":"https:\/\/santepara.ma\/index.php?rest_route=%2Fwp%2Fv2%2Fmedia&parent=84798"}],"wp:term":[{"taxonomy":"pwb-brand","embeddable":true,"href":"https:\/\/santepara.ma\/index.php?rest_route=%2Fwp%2Fv2%2Fpwb-brand&post=84798"},{"taxonomy":"product_cat","embeddable":true,"href":"https:\/\/santepara.ma\/index.php?rest_route=%2Fwp%2Fv2%2Fproduct_cat&post=84798"},{"taxonomy":"product_tag","embeddable":true,"href":"https:\/\/santepara.ma\/index.php?rest_route=%2Fwp%2Fv2%2Fproduct_tag&post=84798"}],"curies":[{"name":"wp","href":"https:\/\/api.w.org\/{rel}","templated":true}]}}