{"id":85060,"date":"2023-08-08T23:52:57","date_gmt":"2023-08-08T22:52:57","guid":{"rendered":"https:\/\/santepara.ma\/?product=eptaderm-epta-c35-serum-15-ml"},"modified":"2023-11-04T12:59:37","modified_gmt":"2023-11-04T11:59:37","slug":"eptaderm-epta-c35-serum-15-ml","status":"publish","type":"product","link":"https:\/\/santepara.ma\/?product=eptaderm-epta-c35-serum-15-ml","title":{"rendered":"Eptaderm Epta C35 S\u00e9rum &#8211; 15 ml"},"content":{"rendered":"<p>Description<\/p>\n<p>EPTA C35 est un s\u00e9rum ultra-concentr\u00e9 formul\u00e9 pour une excellente pr\u00e9vention, protection et correction des dommages cutan\u00e9s.<\/p>\n<p>Sa formule puissante favorise la synth\u00e8se de collag\u00e8ne.<\/p>\n<p>Agit sur le vieillissement pr\u00e9matur\u00e9 de la peau.<\/p>\n<p>Absorbe les radicaux libre et bloque le m\u00e9canisme \u00e0 l\u2019origine de l\u2019hyperpigmentation cutan\u00e9e.<\/p>\n<p>La peau appara\u00eet \u00e9clatante, souple et tonique.<\/p>\n<p>Conseils d&rsquo;utilisation<\/p>\n<p>Appliquer le s\u00e9rum sur tout le visage et favoriser la p\u00e9n\u00e9tration avec un massage doux.<\/p>\n","protected":false},"excerpt":{"rendered":"<p>EPTA C35 ests\u00e9rum ultra-concentr\u00e9 formul\u00e9 pour une excellente pr\u00e9vention, protection et correction des dommages cutan\u00e9s.<\/p>\n","protected":false},"featured_media":85059,"comment_status":"open","ping_status":"closed","template":"","meta":{"_joinchat":[]},"pwb-brand":[408],"product_cat":[189],"product_tag":[],"brands":[{"id":408,"name":"EPTADERM","slug":"eptaderm"}],"_links":{"self":[{"href":"https:\/\/santepara.ma\/index.php?rest_route=\/wp\/v2\/product\/85060"}],"collection":[{"href":"https:\/\/santepara.ma\/index.php?rest_route=\/wp\/v2\/product"}],"about":[{"href":"https:\/\/santepara.ma\/index.php?rest_route=\/wp\/v2\/types\/product"}],"replies":[{"embeddable":true,"href":"https:\/\/santepara.ma\/index.php?rest_route=%2Fwp%2Fv2%2Fcomments&post=85060"}],"wp:featuredmedia":[{"embeddable":true,"href":"https:\/\/santepara.ma\/index.php?rest_route=\/wp\/v2\/media\/85059"}],"wp:attachment":[{"href":"https:\/\/santepara.ma\/index.php?rest_route=%2Fwp%2Fv2%2Fmedia&parent=85060"}],"wp:term":[{"taxonomy":"pwb-brand","embeddable":true,"href":"https:\/\/santepara.ma\/index.php?rest_route=%2Fwp%2Fv2%2Fpwb-brand&post=85060"},{"taxonomy":"product_cat","embeddable":true,"href":"https:\/\/santepara.ma\/index.php?rest_route=%2Fwp%2Fv2%2Fproduct_cat&post=85060"},{"taxonomy":"product_tag","embeddable":true,"href":"https:\/\/santepara.ma\/index.php?rest_route=%2Fwp%2Fv2%2Fproduct_tag&post=85060"}],"curies":[{"name":"wp","href":"https:\/\/api.w.org\/{rel}","templated":true}]}}