{"id":85132,"date":"2023-08-08T23:53:19","date_gmt":"2023-08-08T22:53:19","guid":{"rendered":"https:\/\/santepara.ma\/?product=camomilla-blu-gel-nettoyant-surgras-500-ml"},"modified":"2023-11-04T12:59:41","modified_gmt":"2023-11-04T11:59:41","slug":"camomilla-blu-gel-nettoyant-surgras-500-ml","status":"publish","type":"product","link":"https:\/\/santepara.ma\/?product=camomilla-blu-gel-nettoyant-surgras-500-ml","title":{"rendered":"Camomilla Blu Gel Nettoyant Surgras &#8211; 500 ml"},"content":{"rendered":"<p>Description<\/p>\n<p>Camomilla BLU Gel nettoyant surgras \u00e0 base de tensioactifs doux (NO SLES et PEG FREE) id\u00e9al pour le nettoyage du visage et des peaux tr\u00e8s sensibles.<\/p>\n<p>Contient de l&rsquo;extrait de Camomille avec un effet apaisant et adoucissant.<\/p>\n<p>Parfum sans composants allerg\u00e8nes.<\/p>\n","protected":false},"excerpt":{"rendered":"<p>Produit adapt\u00e9 pour les b\u00e9b\u00e9 les enfants et les adultes.<\/p>\n","protected":false},"featured_media":85123,"comment_status":"open","ping_status":"closed","template":"","meta":{"_joinchat":[]},"pwb-brand":[413],"product_cat":[98,92],"product_tag":[],"brands":[{"id":413,"name":"CAMOMILLA BLU","slug":"camomilla-blu"}],"_links":{"self":[{"href":"https:\/\/santepara.ma\/index.php?rest_route=\/wp\/v2\/product\/85132"}],"collection":[{"href":"https:\/\/santepara.ma\/index.php?rest_route=\/wp\/v2\/product"}],"about":[{"href":"https:\/\/santepara.ma\/index.php?rest_route=\/wp\/v2\/types\/product"}],"replies":[{"embeddable":true,"href":"https:\/\/santepara.ma\/index.php?rest_route=%2Fwp%2Fv2%2Fcomments&post=85132"}],"wp:featuredmedia":[{"embeddable":true,"href":"https:\/\/santepara.ma\/index.php?rest_route=\/wp\/v2\/media\/85123"}],"wp:attachment":[{"href":"https:\/\/santepara.ma\/index.php?rest_route=%2Fwp%2Fv2%2Fmedia&parent=85132"}],"wp:term":[{"taxonomy":"pwb-brand","embeddable":true,"href":"https:\/\/santepara.ma\/index.php?rest_route=%2Fwp%2Fv2%2Fpwb-brand&post=85132"},{"taxonomy":"product_cat","embeddable":true,"href":"https:\/\/santepara.ma\/index.php?rest_route=%2Fwp%2Fv2%2Fproduct_cat&post=85132"},{"taxonomy":"product_tag","embeddable":true,"href":"https:\/\/santepara.ma\/index.php?rest_route=%2Fwp%2Fv2%2Fproduct_tag&post=85132"}],"curies":[{"name":"wp","href":"https:\/\/api.w.org\/{rel}","templated":true}]}}