{"id":85173,"date":"2023-08-08T23:53:26","date_gmt":"2023-08-08T22:53:26","guid":{"rendered":"https:\/\/santepara.ma\/?product=naturesoin-vaseline-codex-huile-aloe-vera-120-ml"},"modified":"2023-11-04T12:59:41","modified_gmt":"2023-11-04T11:59:41","slug":"naturesoin-vaseline-codex-huile-aloe-vera-120-ml","status":"publish","type":"product","link":"https:\/\/santepara.ma\/?product=naturesoin-vaseline-codex-huile-aloe-vera-120-ml","title":{"rendered":"NaturEsoin Vaseline Codex Huile Alo\u00e9 Vera &#8211; 120 ml"},"content":{"rendered":"<p>Description<\/p>\n<p>NaturEsoin Vaseline en pot adoucit les parties s\u00e8ches au niveau des pieds, mains, coudes et genoux.<\/p>\n<p>&#8211; Calme les br\u00fblures l\u00e9g\u00e8res et pr\u00e9vient des rougeurs fessi\u00e8res, constitue une Barri\u00e8re contre la d\u00e9shydratation de la peau.<\/p>\n<p>&#8211; Combat les pellicules chez le b\u00e9b\u00e9.<\/p>\n<p>Conseils d&rsquo;utilisation<\/p>\n<p>Appliquer 2 \u00e0 3 fois par jour en instant particuli\u00e8rement sur les zones tr\u00e8s s\u00e8ches au niveau des mains, pieds, talons genou, coudes et l\u00e8vres.<\/p>\n","protected":false},"excerpt":{"rendered":"<p>Constitue une barri\u00e8re protectrice contre la d\u00e9shydratation de la peau particuli\u00e8rement les zones tr\u00e8s s\u00e8ches au niveau des mains, pieds, talons, genou et coudes<\/p>\n","protected":false},"featured_media":85172,"comment_status":"open","ping_status":"closed","template":"","meta":{"_joinchat":[]},"pwb-brand":[414],"product_cat":[91,92],"product_tag":[],"brands":[{"id":414,"name":"NATURESOIN","slug":"naturesoin"}],"_links":{"self":[{"href":"https:\/\/santepara.ma\/index.php?rest_route=\/wp\/v2\/product\/85173"}],"collection":[{"href":"https:\/\/santepara.ma\/index.php?rest_route=\/wp\/v2\/product"}],"about":[{"href":"https:\/\/santepara.ma\/index.php?rest_route=\/wp\/v2\/types\/product"}],"replies":[{"embeddable":true,"href":"https:\/\/santepara.ma\/index.php?rest_route=%2Fwp%2Fv2%2Fcomments&post=85173"}],"wp:featuredmedia":[{"embeddable":true,"href":"https:\/\/santepara.ma\/index.php?rest_route=\/wp\/v2\/media\/85172"}],"wp:attachment":[{"href":"https:\/\/santepara.ma\/index.php?rest_route=%2Fwp%2Fv2%2Fmedia&parent=85173"}],"wp:term":[{"taxonomy":"pwb-brand","embeddable":true,"href":"https:\/\/santepara.ma\/index.php?rest_route=%2Fwp%2Fv2%2Fpwb-brand&post=85173"},{"taxonomy":"product_cat","embeddable":true,"href":"https:\/\/santepara.ma\/index.php?rest_route=%2Fwp%2Fv2%2Fproduct_cat&post=85173"},{"taxonomy":"product_tag","embeddable":true,"href":"https:\/\/santepara.ma\/index.php?rest_route=%2Fwp%2Fv2%2Fproduct_tag&post=85173"}],"curies":[{"name":"wp","href":"https:\/\/api.w.org\/{rel}","templated":true}]}}