{"id":85183,"date":"2023-08-08T23:53:28","date_gmt":"2023-08-08T22:53:28","guid":{"rendered":"https:\/\/santepara.ma\/?product=naturesoin-huile-de-girofle-50-ml"},"modified":"2023-11-04T12:59:43","modified_gmt":"2023-11-04T11:59:43","slug":"naturesoin-huile-de-girofle-50-ml","status":"publish","type":"product","link":"https:\/\/santepara.ma\/?product=naturesoin-huile-de-girofle-50-ml","title":{"rendered":"NaturEsoin Huile de Girofle  &#8211; 50 ml"},"content":{"rendered":"","protected":false},"excerpt":{"rendered":"<p>Hule pour le soin et l&rsquo;entretien des cheveux Huile de massage au niveau des muscles du ventre Puissant antibact\u00e9rien et d\u00e9sodorisant Bain d&rsquo;huile pour le bien-\u00eatre g\u00e9n\u00e9ral<\/p>\n","protected":false},"featured_media":85182,"comment_status":"open","ping_status":"closed","template":"","meta":{"_joinchat":[]},"pwb-brand":[414],"product_cat":[290],"product_tag":[],"brands":[{"id":414,"name":"NATURESOIN","slug":"naturesoin"}],"_links":{"self":[{"href":"https:\/\/santepara.ma\/index.php?rest_route=\/wp\/v2\/product\/85183"}],"collection":[{"href":"https:\/\/santepara.ma\/index.php?rest_route=\/wp\/v2\/product"}],"about":[{"href":"https:\/\/santepara.ma\/index.php?rest_route=\/wp\/v2\/types\/product"}],"replies":[{"embeddable":true,"href":"https:\/\/santepara.ma\/index.php?rest_route=%2Fwp%2Fv2%2Fcomments&post=85183"}],"wp:featuredmedia":[{"embeddable":true,"href":"https:\/\/santepara.ma\/index.php?rest_route=\/wp\/v2\/media\/85182"}],"wp:attachment":[{"href":"https:\/\/santepara.ma\/index.php?rest_route=%2Fwp%2Fv2%2Fmedia&parent=85183"}],"wp:term":[{"taxonomy":"pwb-brand","embeddable":true,"href":"https:\/\/santepara.ma\/index.php?rest_route=%2Fwp%2Fv2%2Fpwb-brand&post=85183"},{"taxonomy":"product_cat","embeddable":true,"href":"https:\/\/santepara.ma\/index.php?rest_route=%2Fwp%2Fv2%2Fproduct_cat&post=85183"},{"taxonomy":"product_tag","embeddable":true,"href":"https:\/\/santepara.ma\/index.php?rest_route=%2Fwp%2Fv2%2Fproduct_tag&post=85183"}],"curies":[{"name":"wp","href":"https:\/\/api.w.org\/{rel}","templated":true}]}}