{"id":85193,"date":"2023-08-08T23:53:34","date_gmt":"2023-08-08T22:53:34","guid":{"rendered":"https:\/\/santepara.ma\/?product=naturesoin-huile-essentielle-arbre-a-the-10-ml"},"modified":"2023-11-04T12:59:43","modified_gmt":"2023-11-04T11:59:43","slug":"naturesoin-huile-essentielle-arbre-a-the-10-ml","status":"publish","type":"product","link":"https:\/\/santepara.ma\/?product=naturesoin-huile-essentielle-arbre-a-the-10-ml","title":{"rendered":"NaturEsoin Huile Essentielle Arbre a Th\u00e9 &#8211; 10 ml"},"content":{"rendered":"<p>Conseils d&rsquo;utilisation<\/p>\n<p>Usage externe en dilution dans une huile v\u00e9g\u00e9tale.<\/p>\n<p>Avertissement : L&rsquo;huile essentielle de tea tree peut parfois provoquer une r\u00e9action cutan\u00e9e sur la peau, raison pour laquelle il est recommand\u00e9 de ne pas l\u2019utiliser pure.<\/p>\n","protected":false},"excerpt":{"rendered":"<p>PEAUX : Tonifiante, purifiante, apaisante des affections cutan\u00e9es, peaux \u00e0 tendance acn\u00e9ique.<\/p>\n<p>BEBES : Eryth\u00e8me fessier de l\u2019enfant, pellicules d\u00fbes \u00e0 la cro\u00fbte de lait.<\/p>\n<p>CHEVEUX : Combat les pellicules, assainit le cuir chevelu.<\/p>\n<p>AUTRES: Relaxante, insectifuge, contre les coups de soleil, Soulage les d\u00e9mangeaisons en cas de piq\u00fbres d\u2019insectes.<\/p>\n","protected":false},"featured_media":85192,"comment_status":"open","ping_status":"closed","template":"","meta":{"_joinchat":[]},"pwb-brand":[414],"product_cat":[290],"product_tag":[],"brands":[{"id":414,"name":"NATURESOIN","slug":"naturesoin"}],"_links":{"self":[{"href":"https:\/\/santepara.ma\/index.php?rest_route=\/wp\/v2\/product\/85193"}],"collection":[{"href":"https:\/\/santepara.ma\/index.php?rest_route=\/wp\/v2\/product"}],"about":[{"href":"https:\/\/santepara.ma\/index.php?rest_route=\/wp\/v2\/types\/product"}],"replies":[{"embeddable":true,"href":"https:\/\/santepara.ma\/index.php?rest_route=%2Fwp%2Fv2%2Fcomments&post=85193"}],"wp:featuredmedia":[{"embeddable":true,"href":"https:\/\/santepara.ma\/index.php?rest_route=\/wp\/v2\/media\/85192"}],"wp:attachment":[{"href":"https:\/\/santepara.ma\/index.php?rest_route=%2Fwp%2Fv2%2Fmedia&parent=85193"}],"wp:term":[{"taxonomy":"pwb-brand","embeddable":true,"href":"https:\/\/santepara.ma\/index.php?rest_route=%2Fwp%2Fv2%2Fpwb-brand&post=85193"},{"taxonomy":"product_cat","embeddable":true,"href":"https:\/\/santepara.ma\/index.php?rest_route=%2Fwp%2Fv2%2Fproduct_cat&post=85193"},{"taxonomy":"product_tag","embeddable":true,"href":"https:\/\/santepara.ma\/index.php?rest_route=%2Fwp%2Fv2%2Fproduct_tag&post=85193"}],"curies":[{"name":"wp","href":"https:\/\/api.w.org\/{rel}","templated":true}]}}