{"id":85197,"date":"2023-08-08T23:53:34","date_gmt":"2023-08-08T22:53:34","guid":{"rendered":"https:\/\/santepara.ma\/?product=naturesoin-huile-capillaire-7-bain-dhuiles-vegetales-125-ml"},"modified":"2023-11-04T12:59:43","modified_gmt":"2023-11-04T11:59:43","slug":"naturesoin-huile-capillaire-7-bain-dhuiles-vegetales-125-ml","status":"publish","type":"product","link":"https:\/\/santepara.ma\/?product=naturesoin-huile-capillaire-7-bain-dhuiles-vegetales-125-ml","title":{"rendered":"NaturEsoin Huile Capillaire 7 Bain d&rsquo;Huiles V\u00e9g\u00e9tales &#8211; 125 ml"},"content":{"rendered":"<p>Description<\/p>\n<p>NaturEsoin Huile capillaire Bain de 7 huiles v\u00e9g\u00e9tales et naturelles est un m\u00e9lange appropri\u00e9 d&rsquo;huiles v\u00e9g\u00e9tales et naturelles sp\u00e9cialement s\u00e9lectionn\u00e9es pour leurs vertus et leurs bienfaits sur les cheveux.<\/p>\n<p>Naturellement riches e vitamines A, B, D, E et K, ce bain d&rsquo;huile constitue une v\u00e9ritable source de jouvence et de beaut\u00e9 pour le cheveu.<\/p>\n<p>Il hydrate et r\u00e9pare les cheveux secs et ab\u00eem\u00e9s, fortifie et revitalise les cheveux fragiles et ternes, contribue \u00e0 lutter contre les pellicules, aide \u00e0 la pousse des cheveux et assure l&rsquo;entretien du cuir chevelu.<\/p>\n<p>Conseils d&rsquo;utilisation<\/p>\n<p>Appliquer une quantit\u00e9 suffisante du produit sur l&rsquo;ensemble des cheveux et sur le cuir chevelu en massant convenablement pour impr\u00e9gner la base et la masse des cheveux.<\/p>\n<p>Ce bain d&rsquo;huile peut \u00eatre utilis\u00e9 jour apr\u00e8s jour et \u00e0 la veille du shampooing.<\/p>\n","protected":false},"excerpt":{"rendered":"<p>Bain de 7 huiles v\u00e9g\u00e9tales et naturelles cheveux secs &amp; ab\u00eem\u00e9s<\/p>\n","protected":false},"featured_media":85196,"comment_status":"open","ping_status":"closed","template":"","meta":{"_joinchat":[]},"pwb-brand":[414],"product_cat":[290],"product_tag":[],"brands":[{"id":414,"name":"NATURESOIN","slug":"naturesoin"}],"_links":{"self":[{"href":"https:\/\/santepara.ma\/index.php?rest_route=\/wp\/v2\/product\/85197"}],"collection":[{"href":"https:\/\/santepara.ma\/index.php?rest_route=\/wp\/v2\/product"}],"about":[{"href":"https:\/\/santepara.ma\/index.php?rest_route=\/wp\/v2\/types\/product"}],"replies":[{"embeddable":true,"href":"https:\/\/santepara.ma\/index.php?rest_route=%2Fwp%2Fv2%2Fcomments&post=85197"}],"wp:featuredmedia":[{"embeddable":true,"href":"https:\/\/santepara.ma\/index.php?rest_route=\/wp\/v2\/media\/85196"}],"wp:attachment":[{"href":"https:\/\/santepara.ma\/index.php?rest_route=%2Fwp%2Fv2%2Fmedia&parent=85197"}],"wp:term":[{"taxonomy":"pwb-brand","embeddable":true,"href":"https:\/\/santepara.ma\/index.php?rest_route=%2Fwp%2Fv2%2Fpwb-brand&post=85197"},{"taxonomy":"product_cat","embeddable":true,"href":"https:\/\/santepara.ma\/index.php?rest_route=%2Fwp%2Fv2%2Fproduct_cat&post=85197"},{"taxonomy":"product_tag","embeddable":true,"href":"https:\/\/santepara.ma\/index.php?rest_route=%2Fwp%2Fv2%2Fproduct_tag&post=85197"}],"curies":[{"name":"wp","href":"https:\/\/api.w.org\/{rel}","templated":true}]}}