{"id":85209,"date":"2023-08-08T23:53:38","date_gmt":"2023-08-08T22:53:38","guid":{"rendered":"https:\/\/santepara.ma\/?product=naturesoin-vaseline-1-kg"},"modified":"2023-11-04T12:59:43","modified_gmt":"2023-11-04T11:59:43","slug":"naturesoin-vaseline-1-kg","status":"publish","type":"product","link":"https:\/\/santepara.ma\/?product=naturesoin-vaseline-1-kg","title":{"rendered":"NaturEsoin Vaseline &#8211; 1 Kg"},"content":{"rendered":"<p>Description<\/p>\n<p>La vaseline blanche en pot de 1kg est utilis\u00e9e lors d&rsquo;affections dermatologiques, notamment en cas de plaies, de br\u00fblures ou encore de crevasses. La vaseline permet d&rsquo;adoucir et d&rsquo;amollir la peau.<\/p>\n<p>Conseils d&rsquo;utilisation<\/p>\n<p>Appliquer 1 \u00e0 3 fois par jour selon le besoin en insistantparticuli\u00e8rement sur les zones s\u00e8ches.<\/p>\n<p>Chez le b\u00e9b\u00e9 : Appliquer sur le cuir chevelu ; laisser environ1 heure et peigner \u00e0 l\u2019aide d\u2019un peigne fin et doux.<\/p>\n","protected":false},"excerpt":{"rendered":"<p>La vaseline blanche en pot de 1kg est utilis\u00e9e lors d&rsquo;affections dermatologiques, notamment en cas de plaies, de br\u00fblures ou encore de crevasses. La vaseline permet d&rsquo;adoucir et d&rsquo;amollir la peau.<\/p>\n","protected":false},"featured_media":85208,"comment_status":"open","ping_status":"closed","template":"","meta":{"_joinchat":[]},"pwb-brand":[414],"product_cat":[91,92],"product_tag":[],"brands":[{"id":414,"name":"NATURESOIN","slug":"naturesoin"}],"_links":{"self":[{"href":"https:\/\/santepara.ma\/index.php?rest_route=\/wp\/v2\/product\/85209"}],"collection":[{"href":"https:\/\/santepara.ma\/index.php?rest_route=\/wp\/v2\/product"}],"about":[{"href":"https:\/\/santepara.ma\/index.php?rest_route=\/wp\/v2\/types\/product"}],"replies":[{"embeddable":true,"href":"https:\/\/santepara.ma\/index.php?rest_route=%2Fwp%2Fv2%2Fcomments&post=85209"}],"wp:featuredmedia":[{"embeddable":true,"href":"https:\/\/santepara.ma\/index.php?rest_route=\/wp\/v2\/media\/85208"}],"wp:attachment":[{"href":"https:\/\/santepara.ma\/index.php?rest_route=%2Fwp%2Fv2%2Fmedia&parent=85209"}],"wp:term":[{"taxonomy":"pwb-brand","embeddable":true,"href":"https:\/\/santepara.ma\/index.php?rest_route=%2Fwp%2Fv2%2Fpwb-brand&post=85209"},{"taxonomy":"product_cat","embeddable":true,"href":"https:\/\/santepara.ma\/index.php?rest_route=%2Fwp%2Fv2%2Fproduct_cat&post=85209"},{"taxonomy":"product_tag","embeddable":true,"href":"https:\/\/santepara.ma\/index.php?rest_route=%2Fwp%2Fv2%2Fproduct_tag&post=85209"}],"curies":[{"name":"wp","href":"https:\/\/api.w.org\/{rel}","templated":true}]}}