{"id":85237,"date":"2023-08-08T23:53:57","date_gmt":"2023-08-08T22:53:57","guid":{"rendered":"https:\/\/santepara.ma\/?product=naturesoin-huile-de-romarin-50-ml"},"modified":"2023-11-04T12:59:44","modified_gmt":"2023-11-04T11:59:44","slug":"naturesoin-huile-de-romarin-50-ml","status":"publish","type":"product","link":"https:\/\/santepara.ma\/?product=naturesoin-huile-de-romarin-50-ml","title":{"rendered":"NaturEsoin Huile de Romarin &#8211; 50 ml"},"content":{"rendered":"","protected":false},"excerpt":{"rendered":"<p>Assouplit et revitalise les peaux fatigu\u00e9es et fl\u00e9rites Calme les d\u00e9mangeaisons du cuir chevelu Combat les pellicules et la chute des cheveux Huile de massage pour desintoxiquer la peau Cicatrisante, d\u00e9sodorisante et d\u00e9sinfectante<\/p>\n","protected":false},"featured_media":85236,"comment_status":"open","ping_status":"closed","template":"","meta":{"_joinchat":[]},"pwb-brand":[414],"product_cat":[290],"product_tag":[],"brands":[{"id":414,"name":"NATURESOIN","slug":"naturesoin"}],"_links":{"self":[{"href":"https:\/\/santepara.ma\/index.php?rest_route=\/wp\/v2\/product\/85237"}],"collection":[{"href":"https:\/\/santepara.ma\/index.php?rest_route=\/wp\/v2\/product"}],"about":[{"href":"https:\/\/santepara.ma\/index.php?rest_route=\/wp\/v2\/types\/product"}],"replies":[{"embeddable":true,"href":"https:\/\/santepara.ma\/index.php?rest_route=%2Fwp%2Fv2%2Fcomments&post=85237"}],"wp:featuredmedia":[{"embeddable":true,"href":"https:\/\/santepara.ma\/index.php?rest_route=\/wp\/v2\/media\/85236"}],"wp:attachment":[{"href":"https:\/\/santepara.ma\/index.php?rest_route=%2Fwp%2Fv2%2Fmedia&parent=85237"}],"wp:term":[{"taxonomy":"pwb-brand","embeddable":true,"href":"https:\/\/santepara.ma\/index.php?rest_route=%2Fwp%2Fv2%2Fpwb-brand&post=85237"},{"taxonomy":"product_cat","embeddable":true,"href":"https:\/\/santepara.ma\/index.php?rest_route=%2Fwp%2Fv2%2Fproduct_cat&post=85237"},{"taxonomy":"product_tag","embeddable":true,"href":"https:\/\/santepara.ma\/index.php?rest_route=%2Fwp%2Fv2%2Fproduct_tag&post=85237"}],"curies":[{"name":"wp","href":"https:\/\/api.w.org\/{rel}","templated":true}]}}