{"id":85274,"date":"2023-08-08T23:54:04","date_gmt":"2023-08-08T22:54:04","guid":{"rendered":"https:\/\/santepara.ma\/?product=naturesoin-huile-camphree-50-ml"},"modified":"2023-11-04T12:59:47","modified_gmt":"2023-11-04T11:59:47","slug":"naturesoin-huile-camphree-50-ml","status":"publish","type":"product","link":"https:\/\/santepara.ma\/?product=naturesoin-huile-camphree-50-ml","title":{"rendered":"NaturEsoin Huile Camphree &#8211; 50 ml"},"content":{"rendered":"","protected":false},"excerpt":{"rendered":"<p>Huile chauffante, relaxante, calmante, tonique et assouplissante Huile de massage et d&rsquo;\u00e9chauffement masculaire Elle facilite la pr\u00e9paration des muscles \u00e0 l&rsquo;effort et stimule la circulation sanguine Huile des sportifs par excellence pour son action chauffante et relaxante au niveau des muscles<\/p>\n","protected":false},"featured_media":85273,"comment_status":"open","ping_status":"closed","template":"","meta":{"_joinchat":[]},"pwb-brand":[414],"product_cat":[287],"product_tag":[],"brands":[{"id":414,"name":"NATURESOIN","slug":"naturesoin"}],"_links":{"self":[{"href":"https:\/\/santepara.ma\/index.php?rest_route=\/wp\/v2\/product\/85274"}],"collection":[{"href":"https:\/\/santepara.ma\/index.php?rest_route=\/wp\/v2\/product"}],"about":[{"href":"https:\/\/santepara.ma\/index.php?rest_route=\/wp\/v2\/types\/product"}],"replies":[{"embeddable":true,"href":"https:\/\/santepara.ma\/index.php?rest_route=%2Fwp%2Fv2%2Fcomments&post=85274"}],"wp:featuredmedia":[{"embeddable":true,"href":"https:\/\/santepara.ma\/index.php?rest_route=\/wp\/v2\/media\/85273"}],"wp:attachment":[{"href":"https:\/\/santepara.ma\/index.php?rest_route=%2Fwp%2Fv2%2Fmedia&parent=85274"}],"wp:term":[{"taxonomy":"pwb-brand","embeddable":true,"href":"https:\/\/santepara.ma\/index.php?rest_route=%2Fwp%2Fv2%2Fpwb-brand&post=85274"},{"taxonomy":"product_cat","embeddable":true,"href":"https:\/\/santepara.ma\/index.php?rest_route=%2Fwp%2Fv2%2Fproduct_cat&post=85274"},{"taxonomy":"product_tag","embeddable":true,"href":"https:\/\/santepara.ma\/index.php?rest_route=%2Fwp%2Fv2%2Fproduct_tag&post=85274"}],"curies":[{"name":"wp","href":"https:\/\/api.w.org\/{rel}","templated":true}]}}