{"id":85290,"date":"2023-08-08T23:54:07","date_gmt":"2023-08-08T22:54:07","guid":{"rendered":"https:\/\/santepara.ma\/?product=naturesoin-creme-depilatoire-a-lhuile-damandes-douces-50-ml"},"modified":"2023-11-04T12:59:47","modified_gmt":"2023-11-04T11:59:47","slug":"naturesoin-creme-depilatoire-a-lhuile-damandes-douces-50-ml","status":"publish","type":"product","link":"https:\/\/santepara.ma\/?product=naturesoin-creme-depilatoire-a-lhuile-damandes-douces-50-ml","title":{"rendered":"NaturEsoin Cr\u00e8me D\u00e9pilatoire \u00e0 l&rsquo;Huile d&rsquo;Amandes Douces &#8211; 50 ml"},"content":{"rendered":"","protected":false},"excerpt":{"rendered":"<p>Gr\u00e2ce \u00e0 sa composition exclusivement \u00e9quilibr\u00e9e et enrichie \u00e0 L\u2019HUILE D\u2019AMANDES DOUCES \u00e9molliente, fortifiante, assouplissante et tonifiante, NATURESOIN cr\u00e8me d\u00e9pilatoire TRIPLE ACTION est parfaitement tol\u00e9r\u00e9e par la peau. De texture soyeuse et facile \u00e0 \u00e9taler, elle permet une \u00e9pilation facile, efficace et douce pour le visage, les jambes, les aines et les aisselles.<\/p>\n","protected":false},"featured_media":85289,"comment_status":"open","ping_status":"closed","template":"","meta":{"_joinchat":[]},"pwb-brand":[414],"product_cat":[140],"product_tag":[],"brands":[{"id":414,"name":"NATURESOIN","slug":"naturesoin"}],"_links":{"self":[{"href":"https:\/\/santepara.ma\/index.php?rest_route=\/wp\/v2\/product\/85290"}],"collection":[{"href":"https:\/\/santepara.ma\/index.php?rest_route=\/wp\/v2\/product"}],"about":[{"href":"https:\/\/santepara.ma\/index.php?rest_route=\/wp\/v2\/types\/product"}],"replies":[{"embeddable":true,"href":"https:\/\/santepara.ma\/index.php?rest_route=%2Fwp%2Fv2%2Fcomments&post=85290"}],"wp:featuredmedia":[{"embeddable":true,"href":"https:\/\/santepara.ma\/index.php?rest_route=\/wp\/v2\/media\/85289"}],"wp:attachment":[{"href":"https:\/\/santepara.ma\/index.php?rest_route=%2Fwp%2Fv2%2Fmedia&parent=85290"}],"wp:term":[{"taxonomy":"pwb-brand","embeddable":true,"href":"https:\/\/santepara.ma\/index.php?rest_route=%2Fwp%2Fv2%2Fpwb-brand&post=85290"},{"taxonomy":"product_cat","embeddable":true,"href":"https:\/\/santepara.ma\/index.php?rest_route=%2Fwp%2Fv2%2Fproduct_cat&post=85290"},{"taxonomy":"product_tag","embeddable":true,"href":"https:\/\/santepara.ma\/index.php?rest_route=%2Fwp%2Fv2%2Fproduct_tag&post=85290"}],"curies":[{"name":"wp","href":"https:\/\/api.w.org\/{rel}","templated":true}]}}