{"id":85382,"date":"2023-08-08T23:54:28","date_gmt":"2023-08-08T22:54:28","guid":{"rendered":"https:\/\/santepara.ma\/?product=naturesoin-beurre-de-karite-150-ml"},"modified":"2023-11-04T12:59:52","modified_gmt":"2023-11-04T11:59:52","slug":"naturesoin-beurre-de-karite-150-ml","status":"publish","type":"product","link":"https:\/\/santepara.ma\/?product=naturesoin-beurre-de-karite-150-ml","title":{"rendered":"NaturEsoin Beurre de Karit\u00e9 &#8211; 150 ml"},"content":{"rendered":"<p>Description<\/p>\n<p>NaturEsoin Beurre de karit\u00e9 pot fruit d&rsquo;un arbre d&rsquo;Afrique le butyrospermum parkii, le beurre de karit\u00e9 est particuli\u00e8rement utilis\u00e9 pour assainir et purifier le cuir chevelu, prot\u00e9ger les cheveux et les fortifier tout en les hydratant , largement utilis\u00e9 pour les massages corporels<\/p>\n","protected":false},"excerpt":{"rendered":"<p>Hydrate, assouplit et tonifie la peau Peaux-cheveux-massages corporels<\/p>\n","protected":false},"featured_media":85381,"comment_status":"open","ping_status":"closed","template":"","meta":{"_joinchat":[]},"pwb-brand":[414],"product_cat":[150,144],"product_tag":[],"brands":[{"id":414,"name":"NATURESOIN","slug":"naturesoin"}],"_links":{"self":[{"href":"https:\/\/santepara.ma\/index.php?rest_route=\/wp\/v2\/product\/85382"}],"collection":[{"href":"https:\/\/santepara.ma\/index.php?rest_route=\/wp\/v2\/product"}],"about":[{"href":"https:\/\/santepara.ma\/index.php?rest_route=\/wp\/v2\/types\/product"}],"replies":[{"embeddable":true,"href":"https:\/\/santepara.ma\/index.php?rest_route=%2Fwp%2Fv2%2Fcomments&post=85382"}],"wp:featuredmedia":[{"embeddable":true,"href":"https:\/\/santepara.ma\/index.php?rest_route=\/wp\/v2\/media\/85381"}],"wp:attachment":[{"href":"https:\/\/santepara.ma\/index.php?rest_route=%2Fwp%2Fv2%2Fmedia&parent=85382"}],"wp:term":[{"taxonomy":"pwb-brand","embeddable":true,"href":"https:\/\/santepara.ma\/index.php?rest_route=%2Fwp%2Fv2%2Fpwb-brand&post=85382"},{"taxonomy":"product_cat","embeddable":true,"href":"https:\/\/santepara.ma\/index.php?rest_route=%2Fwp%2Fv2%2Fproduct_cat&post=85382"},{"taxonomy":"product_tag","embeddable":true,"href":"https:\/\/santepara.ma\/index.php?rest_route=%2Fwp%2Fv2%2Fproduct_tag&post=85382"}],"curies":[{"name":"wp","href":"https:\/\/api.w.org\/{rel}","templated":true}]}}