{"id":85396,"date":"2023-08-08T23:54:30","date_gmt":"2023-08-08T22:54:30","guid":{"rendered":"https:\/\/santepara.ma\/?product=naturesoin-huile-de-cedre-de-latlas-50-ml"},"modified":"2023-11-04T12:59:52","modified_gmt":"2023-11-04T11:59:52","slug":"naturesoin-huile-de-cedre-de-latlas-50-ml","status":"publish","type":"product","link":"https:\/\/santepara.ma\/?product=naturesoin-huile-de-cedre-de-latlas-50-ml","title":{"rendered":"NaturEsoin Huile de C\u00e8dre de l&rsquo;Atlas &#8211; 50 ml"},"content":{"rendered":"","protected":false},"excerpt":{"rendered":"<p>Assainit et r\u00e9g\u00e9n\u00e8re la peau.<\/p>\n<p>Action anti-cellulite et contre de nombreux probl\u00e9mes de la peau.<\/p>\n<p>Huile parfumante pour la d\u00e9tente et le bien-etre.<\/p>\n<p>Utiliser par friction des cheveux avant le shampoing.<\/p>\n<p>Utiliser pour les cheveux ternes et d\u00e9vitalis\u00e9s.<\/p>\n","protected":false},"featured_media":85395,"comment_status":"open","ping_status":"closed","template":"","meta":{"_joinchat":[]},"pwb-brand":[414],"product_cat":[268,281],"product_tag":[],"brands":[{"id":414,"name":"NATURESOIN","slug":"naturesoin"}],"_links":{"self":[{"href":"https:\/\/santepara.ma\/index.php?rest_route=\/wp\/v2\/product\/85396"}],"collection":[{"href":"https:\/\/santepara.ma\/index.php?rest_route=\/wp\/v2\/product"}],"about":[{"href":"https:\/\/santepara.ma\/index.php?rest_route=\/wp\/v2\/types\/product"}],"replies":[{"embeddable":true,"href":"https:\/\/santepara.ma\/index.php?rest_route=%2Fwp%2Fv2%2Fcomments&post=85396"}],"wp:featuredmedia":[{"embeddable":true,"href":"https:\/\/santepara.ma\/index.php?rest_route=\/wp\/v2\/media\/85395"}],"wp:attachment":[{"href":"https:\/\/santepara.ma\/index.php?rest_route=%2Fwp%2Fv2%2Fmedia&parent=85396"}],"wp:term":[{"taxonomy":"pwb-brand","embeddable":true,"href":"https:\/\/santepara.ma\/index.php?rest_route=%2Fwp%2Fv2%2Fpwb-brand&post=85396"},{"taxonomy":"product_cat","embeddable":true,"href":"https:\/\/santepara.ma\/index.php?rest_route=%2Fwp%2Fv2%2Fproduct_cat&post=85396"},{"taxonomy":"product_tag","embeddable":true,"href":"https:\/\/santepara.ma\/index.php?rest_route=%2Fwp%2Fv2%2Fproduct_tag&post=85396"}],"curies":[{"name":"wp","href":"https:\/\/api.w.org\/{rel}","templated":true}]}}