{"id":85398,"date":"2023-08-08T23:54:31","date_gmt":"2023-08-08T22:54:31","guid":{"rendered":"https:\/\/santepara.ma\/?product=eucerin-ecran-ultra-sensitive-creme-protection-50"},"modified":"2024-02-22T16:19:08","modified_gmt":"2024-02-22T15:19:08","slug":"eucerin-ecran-ultra-sensitive-creme-protection-50","status":"publish","type":"product","link":"https:\/\/santepara.ma\/?product=eucerin-ecran-ultra-sensitive-creme-protection-50","title":{"rendered":"Eucerin Ecran Ultra Sensitive Cr\u00e8me Protection 50"},"content":{"rendered":"<p>Description<\/p>\n<p>Tr\u00e8s haute protection UVA\/UVB (conforme aux recommandations de l&rsquo;UE) pour le visage, le cou et le d\u00e9collet\u00e9. Eucerin Sun Protection Sensitive Protect Sun Cr\u00e8me SPF50+ 50 ml prot\u00e8ge la peau des dommages du soleil et la renforce en profondeur gr\u00e2ce \u00e0 son syst\u00e8me de protection en 3 dimensions.<\/p>\n<p>En plus du complexe efficace de filtres UVA\/UVB au Tinosorb\u00ae S, ce produit contient une protection biologique unique \u00e0 la licochalcone, un anti-oxydant naturel qui prot\u00e8ge les cellules des couches plus profondes de la peau contre les dommages caus\u00e9s par le soleil.<\/p>\n<p>Sans parfum, r\u00e9sistant \u00e0 l&rsquo;eau.<\/p>\n<p>Conseils d&rsquo;utilisation<\/p>\n<p>Appliquez g\u00e9n\u00e9reusement et uniform\u00e9ment avant chaque exposition au soleil.<\/p>\n<p>Renouvelez au moins toutes les 2 heures et apr\u00e8s chaque bain.<\/p>\n<p>Evitez l&rsquo;exposition entre 11h et 15h.<\/p>\n<p>Indications<\/p>\n<p>Photoprotection pour peaux s\u00e8ches, peaux intol\u00e9rantes au soleil, peaux \u00e0 tendance atopique. Convient aux peaux sensibles. Postintervention esth\u00e9tique, peeling, laser. Visage.<\/p>\n<p>Composition<\/p>\n<p>AQUA, HOMOSALATE, OCTOCRYLENE, GLYCERIN, BUTYL METHOXYDIBENZOYLMETHANE, ALCOHOL DENAT., ETHYLHEXYL SALICYLATE, BIS-ETHYLHEXYLOXYPHENOL METHOXYPHENYL, TRIAZINE, ETHYLHEXYL COCOATE, GLYCERYL STEARATE CITRATE, HYDROGENATED COCO-GLYCERIDES, CETEARYL ALCOHOL, GLYCYRRHETINIC ACID, GLYCYRRHIZA INFLATA ROOT EXTRACT, VP-HEXADECENE COPOLYMER, XANTHAN GUM, ALKYL ACRYLATE CROSSPOLYMER, SILICA DIMETHYL SILICATE, DIMETHICONE, SODIUM HYDROXIDE, TRISODIUM EDTA, ETHYLHEXYGLYCERIN, PHENOXYETHAOL.<\/p>\n","protected":false},"excerpt":{"rendered":"<p>Eucerin SUN PROTECTION SENSITIVE PROTECT Cr\u00e8me SPF 50+ est un \u00e9cran solaire pour le visage avanc\u00e9 et sp\u00e9cialement con\u00e7u pour prot\u00e9ger du vieillissement cutan\u00e9 et des taches d&rsquo;hyperpigmentation caus\u00e9s par le soleil. Pour les peaux normales et s\u00e8ches. R\u00e9sistant \u00e0 l&rsquo;eau.<\/p>\n","protected":false},"featured_media":85397,"comment_status":"open","ping_status":"closed","template":"","meta":{"_joinchat":[]},"pwb-brand":[328],"product_cat":[71,281],"product_tag":[],"brands":[{"id":328,"name":"EUCERIN","slug":"eucerin"}],"_links":{"self":[{"href":"https:\/\/santepara.ma\/index.php?rest_route=\/wp\/v2\/product\/85398"}],"collection":[{"href":"https:\/\/santepara.ma\/index.php?rest_route=\/wp\/v2\/product"}],"about":[{"href":"https:\/\/santepara.ma\/index.php?rest_route=\/wp\/v2\/types\/product"}],"replies":[{"embeddable":true,"href":"https:\/\/santepara.ma\/index.php?rest_route=%2Fwp%2Fv2%2Fcomments&post=85398"}],"wp:featuredmedia":[{"embeddable":true,"href":"https:\/\/santepara.ma\/index.php?rest_route=\/wp\/v2\/media\/85397"}],"wp:attachment":[{"href":"https:\/\/santepara.ma\/index.php?rest_route=%2Fwp%2Fv2%2Fmedia&parent=85398"}],"wp:term":[{"taxonomy":"pwb-brand","embeddable":true,"href":"https:\/\/santepara.ma\/index.php?rest_route=%2Fwp%2Fv2%2Fpwb-brand&post=85398"},{"taxonomy":"product_cat","embeddable":true,"href":"https:\/\/santepara.ma\/index.php?rest_route=%2Fwp%2Fv2%2Fproduct_cat&post=85398"},{"taxonomy":"product_tag","embeddable":true,"href":"https:\/\/santepara.ma\/index.php?rest_route=%2Fwp%2Fv2%2Fproduct_tag&post=85398"}],"curies":[{"name":"wp","href":"https:\/\/api.w.org\/{rel}","templated":true}]}}