{"id":85400,"date":"2023-08-08T23:54:31","date_gmt":"2023-08-08T22:54:31","guid":{"rendered":"https:\/\/santepara.ma\/?product=eucerin-sun-protection-sensitive-protect-sun-fluid-spf50-50-ml"},"modified":"2024-02-22T16:19:08","modified_gmt":"2024-02-22T15:19:08","slug":"eucerin-sun-protection-sensitive-protect-sun-fluid-spf50-50-ml","status":"publish","type":"product","link":"https:\/\/santepara.ma\/?product=eucerin-sun-protection-sensitive-protect-sun-fluid-spf50-50-ml","title":{"rendered":"Eucerin Sun Protection Sensitive Protect Sun Fluid SPF50+ &#8211; 50 ml"},"content":{"rendered":"<p>Description<\/p>\n<p>Tr\u00e8s haute protection UVA\/UVB (conforme aux recommandations de l&rsquo;UE) pour le visage, le cou et le d\u00e9collet\u00e9. Eucerin Sun Protection Sensitive Protect Sun Fluid SPF50+ 50 ml prot\u00e8ge la peau des dommages du soleil et la renforce en profondeur gr\u00e2ce \u00e0 sa texture fluide et l\u00e9g\u00e8re.<\/p>\n<p>En plus du complexe efficace de filtres UVA\/UVB au Tinosorb\u00ae S, ce produit contient une protection biologique unique \u00e0 la licochalcone, un anti-oxydant naturel qui prot\u00e8ge les cellules des couches plus profondes de la peau contre les dommages caus\u00e9s par le soleil.<\/p>\n<p>Sans parfum, r\u00e9sistant \u00e0 l&rsquo;eau.<\/p>\n<p>Conseils d&rsquo;utilisation<\/p>\n<p>Appliquez avant chaque exposition au soleil.<\/p>\n<p>Renouvelez au moins toutes les 2 heures et apr\u00e8s chaque bain.<\/p>\n<p>Evitez l&rsquo;exposition entre 11h et 15h.<\/p>\n<p>Indications<\/p>\n<p>Photoprotection pour peaux normales \u00e0 mixtes, peaux \u00e0 tendance acn\u00e9ique, peaux intol\u00e9rantes au soleil. Convient aux peaux sensibles. Taches pigmentaires, postintervention esth\u00e9tique, peeling, laser. Visage.<\/p>\n<p>Composition<\/p>\n<p>AQUA, ISOPROPYL\/PALMITATE, BUTYLENE GLYCOL DICAPRYLATE\/DICAPRATE, ISODECYL NEOPENTANOATE, ALCOHOL DENAT., SILICA, BUTYL METHOXYDIBENZOYLMETHANE, ETHYLHEXYL SALICYLATE, BIS-ETHYLHEXYLOXYPHENOL METHOXYPHENYL TRIAZINE, TITANIUM DIOXIDE (NANO), ETHYLHEXYL TRIAZONE, OCTYLDODECANOL, GLYCINE, PHENYLBENZIMIDAZOLE SULFONIC ACID, ARGININE, HCL, DISTARCH PHOSPHATE, POLYGLYCERYL-4 DISOSTEARATE\/POLYHYDROXYSTEARATE\/SEBACATE, GLYCERIN, SODIUM HYALURONATE, GLYCYRRHETINIC ACID, GLYCYRRHIZA INFLATA ROOT EXTRACT, VP\/HEXADECENE COPOLYMER, DIMETHICONE, SILICA DIMETHYL SILYLATE, TAPIOCA STARCH, SODIUM HYDROXIDE, TRISODIUM EDTA, ETHYLHEXYLGLYCERIN.<\/p>\n","protected":false},"excerpt":{"rendered":"<p>Eucerin SUN PROTECTION SENSITIVE PROTECT Fluid Matifiant SPF 50+ est un \u00e9cran solaire pour le visage innovant, sp\u00e9cialement con\u00e7u pour prot\u00e9ger des dommages cutan\u00e9s et des taches d&rsquo;hyperpigmentation caus\u00e9s par le soleil. Pour les peaux normales \u00e0 mixtes. R\u00e9sistant \u00e0 l&rsquo;eau.<\/p>\n","protected":false},"featured_media":85399,"comment_status":"open","ping_status":"closed","template":"","meta":{"_joinchat":[]},"pwb-brand":[328],"product_cat":[281,144],"product_tag":[],"brands":[{"id":328,"name":"EUCERIN","slug":"eucerin"}],"_links":{"self":[{"href":"https:\/\/santepara.ma\/index.php?rest_route=\/wp\/v2\/product\/85400"}],"collection":[{"href":"https:\/\/santepara.ma\/index.php?rest_route=\/wp\/v2\/product"}],"about":[{"href":"https:\/\/santepara.ma\/index.php?rest_route=\/wp\/v2\/types\/product"}],"replies":[{"embeddable":true,"href":"https:\/\/santepara.ma\/index.php?rest_route=%2Fwp%2Fv2%2Fcomments&post=85400"}],"wp:featuredmedia":[{"embeddable":true,"href":"https:\/\/santepara.ma\/index.php?rest_route=\/wp\/v2\/media\/85399"}],"wp:attachment":[{"href":"https:\/\/santepara.ma\/index.php?rest_route=%2Fwp%2Fv2%2Fmedia&parent=85400"}],"wp:term":[{"taxonomy":"pwb-brand","embeddable":true,"href":"https:\/\/santepara.ma\/index.php?rest_route=%2Fwp%2Fv2%2Fpwb-brand&post=85400"},{"taxonomy":"product_cat","embeddable":true,"href":"https:\/\/santepara.ma\/index.php?rest_route=%2Fwp%2Fv2%2Fproduct_cat&post=85400"},{"taxonomy":"product_tag","embeddable":true,"href":"https:\/\/santepara.ma\/index.php?rest_route=%2Fwp%2Fv2%2Fproduct_tag&post=85400"}],"curies":[{"name":"wp","href":"https:\/\/api.w.org\/{rel}","templated":true}]}}