{"id":85410,"date":"2023-08-08T23:54:33","date_gmt":"2023-08-08T22:54:33","guid":{"rendered":"https:\/\/santepara.ma\/?product=racine-vita-creme-jeunesse-vitamine-e-50g"},"modified":"2023-11-04T12:59:52","modified_gmt":"2023-11-04T11:59:52","slug":"racine-vita-creme-jeunesse-vitamine-e-50g","status":"publish","type":"product","link":"https:\/\/santepara.ma\/?product=racine-vita-creme-jeunesse-vitamine-e-50g","title":{"rendered":"Racine vita creme jeunesse vitamine E 50g"},"content":{"rendered":"<p>Description<\/p>\n<p>Cr\u00e8me jeunesse Racine-Vita, une cr\u00e8me l\u00e9g\u00e8re et fondante, concentr\u00e9e en vitamine E (tocoph\u00e9rols) et l&rsquo;acide hyaluronique, aux vertus anti-oxydantes hydratantes et anti vieillissement.<\/p>\n<p>La cr\u00e8me conf\u00e8re \u00e0 la peau une apparence lisse et effet bonne mine.<\/p>\n<p>Procure une hydratation sup\u00e9rieure, et la prot\u00e8ge contre dess\u00e8chement.<\/p>\n<p>Att\u00e9nue les rides et ridules.<\/p>\n<p>Traite les vergetures et les taches des cicatrices, en particulier celle caus\u00e9es par l&rsquo;acn\u00e9.<\/p>\n<p>Am\u00e9liore l&rsquo;\u00e9lasticit\u00e9, la souplesse et la tonicit\u00e9 de la peau.<\/p>\n<p>Conseils d&rsquo;utilisation<\/p>\n<p>Appliquer matin et \/ ou soir sur l&rsquo;ensemble du visage et d cou pr\u00e9alablement nettoy\u00e9s et s\u00e9ch\u00e9s.<\/p>\n","protected":false},"excerpt":{"rendered":"<p>Cr\u00e8me jeunesse RACINE VITA une cr\u00e8me l\u00e9g\u00e8re et fondante, concentr\u00e9e en vitamine E (tocoph\u00e9rols) et l\u2019acide hyaluronique, aux vertus anti-oxydantes hydratantes et anti vieillissement .<\/p>\n","protected":false},"featured_media":85409,"comment_status":"open","ping_status":"closed","template":"","meta":{"_joinchat":[]},"pwb-brand":[417],"product_cat":[268,281],"product_tag":[],"brands":[{"id":417,"name":"RACINE-VITA","slug":"racine-vita"}],"_links":{"self":[{"href":"https:\/\/santepara.ma\/index.php?rest_route=\/wp\/v2\/product\/85410"}],"collection":[{"href":"https:\/\/santepara.ma\/index.php?rest_route=\/wp\/v2\/product"}],"about":[{"href":"https:\/\/santepara.ma\/index.php?rest_route=\/wp\/v2\/types\/product"}],"replies":[{"embeddable":true,"href":"https:\/\/santepara.ma\/index.php?rest_route=%2Fwp%2Fv2%2Fcomments&post=85410"}],"wp:featuredmedia":[{"embeddable":true,"href":"https:\/\/santepara.ma\/index.php?rest_route=\/wp\/v2\/media\/85409"}],"wp:attachment":[{"href":"https:\/\/santepara.ma\/index.php?rest_route=%2Fwp%2Fv2%2Fmedia&parent=85410"}],"wp:term":[{"taxonomy":"pwb-brand","embeddable":true,"href":"https:\/\/santepara.ma\/index.php?rest_route=%2Fwp%2Fv2%2Fpwb-brand&post=85410"},{"taxonomy":"product_cat","embeddable":true,"href":"https:\/\/santepara.ma\/index.php?rest_route=%2Fwp%2Fv2%2Fproduct_cat&post=85410"},{"taxonomy":"product_tag","embeddable":true,"href":"https:\/\/santepara.ma\/index.php?rest_route=%2Fwp%2Fv2%2Fproduct_tag&post=85410"}],"curies":[{"name":"wp","href":"https:\/\/api.w.org\/{rel}","templated":true}]}}