{"id":85414,"date":"2023-08-08T23:54:33","date_gmt":"2023-08-08T22:54:33","guid":{"rendered":"https:\/\/santepara.ma\/?product=racine-vita-vitamine-e-10-ml"},"modified":"2023-11-04T12:59:53","modified_gmt":"2023-11-04T11:59:53","slug":"racine-vita-vitamine-e-10-ml","status":"publish","type":"product","link":"https:\/\/santepara.ma\/?product=racine-vita-vitamine-e-10-ml","title":{"rendered":"Racine-Vita Vitamine E &#8211; 10 ml"},"content":{"rendered":"<p>Description<\/p>\n<p>La Vitamine E (ou Tocoph\u00e9rol) est une vitamine liposoluble (soluble dans les huiles mais pas dans l\u2019eau).<\/p>\n<p>Reconnue pour ses propri\u00e9t\u00e9s antioxydantes et son action protectrice des membranes cellulaires, elle est utilis\u00e9e pour conserver les pr\u00e9parations \u00e0 forte teneur en huiles car elle \u00e9vite leur rancissement.<\/p>\n<p>La vitamine E est \u00e9galement reconnue pour ses propri\u00e9t\u00e9s hydratantes et pour son action sur la microcirculation cutan\u00e9e.<\/p>\n<p>Elle assure donc un r\u00f4le \u00e0 la fois de conservateur et d&rsquo;agent d&rsquo;entretien de la peau. 100% naturelle.<\/p>\n<p>-antioxydant assure un r\u00f4le de conservateur au niveau des pr\u00e9parations , et prot\u00e8ge les huiles et beurres du rancissement .<\/p>\n<p>-Un excellent actif anti-\u00e2ge , particuli\u00e8rement recommand\u00e9 pour les peaux s\u00e8ches et natures<\/p>\n<p>-Bloque l&rsquo;action des radiaux libres sur la peau .<\/p>\n<p>-Am\u00e9liore la microcirculation cutan\u00e9e<\/p>\n<p>-Aide \u00e0 maintenir l&rsquo;\u00e9lasticit\u00e9 et l&rsquo;hydratation de la peau en renfor\u00e7ant le film hydrolipidique cutan\u00e9.<\/p>\n<p>-Activit\u00e9 anti-inflammatoire sur la peau, (utile en cas de coups de soleil, &#8230;)<\/p>\n","protected":false},"excerpt":{"rendered":"<p>Tr\u00e8s connu pour ses qualit\u00e9s anti oxydantes, elle prot\u00e8ge la peau de l\u2019agression ext\u00e9rieure, freine le vieillissement cutan\u00e9, et aide la peau \u00e0 rester aussi souple et lisse que possible.<\/p>\n","protected":false},"featured_media":85413,"comment_status":"open","ping_status":"closed","template":"","meta":{"_joinchat":[]},"pwb-brand":[417],"product_cat":[268,281],"product_tag":[],"brands":[{"id":417,"name":"RACINE-VITA","slug":"racine-vita"}],"_links":{"self":[{"href":"https:\/\/santepara.ma\/index.php?rest_route=\/wp\/v2\/product\/85414"}],"collection":[{"href":"https:\/\/santepara.ma\/index.php?rest_route=\/wp\/v2\/product"}],"about":[{"href":"https:\/\/santepara.ma\/index.php?rest_route=\/wp\/v2\/types\/product"}],"replies":[{"embeddable":true,"href":"https:\/\/santepara.ma\/index.php?rest_route=%2Fwp%2Fv2%2Fcomments&post=85414"}],"wp:featuredmedia":[{"embeddable":true,"href":"https:\/\/santepara.ma\/index.php?rest_route=\/wp\/v2\/media\/85413"}],"wp:attachment":[{"href":"https:\/\/santepara.ma\/index.php?rest_route=%2Fwp%2Fv2%2Fmedia&parent=85414"}],"wp:term":[{"taxonomy":"pwb-brand","embeddable":true,"href":"https:\/\/santepara.ma\/index.php?rest_route=%2Fwp%2Fv2%2Fpwb-brand&post=85414"},{"taxonomy":"product_cat","embeddable":true,"href":"https:\/\/santepara.ma\/index.php?rest_route=%2Fwp%2Fv2%2Fproduct_cat&post=85414"},{"taxonomy":"product_tag","embeddable":true,"href":"https:\/\/santepara.ma\/index.php?rest_route=%2Fwp%2Fv2%2Fproduct_tag&post=85414"}],"curies":[{"name":"wp","href":"https:\/\/api.w.org\/{rel}","templated":true}]}}