{"id":85430,"date":"2023-08-08T23:54:39","date_gmt":"2023-08-08T22:54:39","guid":{"rendered":"https:\/\/santepara.ma\/?product=maelys-lotion-anti-chute-ortie-prele-75-ml"},"modified":"2026-02-23T17:07:56","modified_gmt":"2026-02-23T16:07:56","slug":"maelys-lotion-anti-chute-ortie-prele-75-ml","status":"publish","type":"product","link":"https:\/\/santepara.ma\/?product=maelys-lotion-anti-chute-ortie-prele-75-ml","title":{"rendered":"Maelys Lotion Anti-Chute Ortie Pr\u00eale &#8211; 75 ml"},"content":{"rendered":"<p>Description<\/p>\n<p>Maelys Lotion Anti-Chute est formul\u00e9e \u00e0 base d&rsquo;actifs v\u00e9g\u00e9taux qui agissent efficacement sur contre toutes les phases de la chute des cheveux.<\/p>\n<p>&#8211; L&rsquo;acide ol\u00e9anolique et ortie blanche : agissent directement sur le follicule pileux et freinent significativement la chute des cheveux<\/p>\n<p>&#8211; Biotinyl GHK : stimule le m\u00e9tabolisme keratinocytes, permet un meilleur ancrage du cheveu. &#8211; Apig\u00e9nine : active la micro circulation du sang au niveau du cuir chevelu et favorise l&rsquo;action du principe actif.<\/p>\n<p>Conseils d&rsquo;utilisation<\/p>\n<p>Appliquer la lotion 2 fois par jour, des pr\u00e9f\u00e9rences directement sur le cuir chevelu, Bien masser pour activer la p\u00e9n\u00e9tration de la lotion, ne pas rincer, \u00e9vit\u00e9 de faire un shampooing dans les 3 heures suivant l&rsquo;application<\/p>\n<p>les premi\u00e8res applications ralentissent la chute des cheveux apr\u00e8s 5 semaine.<\/p>\n<p>La repousse commence et des r\u00e9sultats satisfaisants sont enregistr\u00e9s \u00e0 partir du 3\u00e8me mois.<\/p>\n","protected":false},"excerpt":{"rendered":"<p>Maelys Lotion Anti-Chute est formul\u00e9e \u00e0 base d&rsquo;actifs v\u00e9g\u00e9taux qui agissent efficacement sur contre toutes les phases de la chute des cheveux.<\/p>\n","protected":false},"featured_media":85429,"comment_status":"open","ping_status":"closed","template":"","meta":{"_joinchat":[]},"pwb-brand":[418],"product_cat":[268,281],"product_tag":[],"brands":[{"id":418,"name":"MAELYS","slug":"maelys"}],"_links":{"self":[{"href":"https:\/\/santepara.ma\/index.php?rest_route=\/wp\/v2\/product\/85430"}],"collection":[{"href":"https:\/\/santepara.ma\/index.php?rest_route=\/wp\/v2\/product"}],"about":[{"href":"https:\/\/santepara.ma\/index.php?rest_route=\/wp\/v2\/types\/product"}],"replies":[{"embeddable":true,"href":"https:\/\/santepara.ma\/index.php?rest_route=%2Fwp%2Fv2%2Fcomments&post=85430"}],"wp:featuredmedia":[{"embeddable":true,"href":"https:\/\/santepara.ma\/index.php?rest_route=\/wp\/v2\/media\/85429"}],"wp:attachment":[{"href":"https:\/\/santepara.ma\/index.php?rest_route=%2Fwp%2Fv2%2Fmedia&parent=85430"}],"wp:term":[{"taxonomy":"pwb-brand","embeddable":true,"href":"https:\/\/santepara.ma\/index.php?rest_route=%2Fwp%2Fv2%2Fpwb-brand&post=85430"},{"taxonomy":"product_cat","embeddable":true,"href":"https:\/\/santepara.ma\/index.php?rest_route=%2Fwp%2Fv2%2Fproduct_cat&post=85430"},{"taxonomy":"product_tag","embeddable":true,"href":"https:\/\/santepara.ma\/index.php?rest_route=%2Fwp%2Fv2%2Fproduct_tag&post=85430"}],"curies":[{"name":"wp","href":"https:\/\/api.w.org\/{rel}","templated":true}]}}