{"id":85474,"date":"2023-08-08T23:54:46","date_gmt":"2023-08-08T22:54:46","guid":{"rendered":"https:\/\/santepara.ma\/?product=mgd-nature-probioflore-60-gelules"},"modified":"2023-11-04T12:59:55","modified_gmt":"2023-11-04T11:59:55","slug":"mgd-nature-probioflore-60-gelules","status":"publish","type":"product","link":"https:\/\/santepara.ma\/?product=mgd-nature-probioflore-60-gelules","title":{"rendered":"Mgd Nature Probioflore &#8211; 60 G\u00e9lules"},"content":{"rendered":"<p>Description<\/p>\n<p>Probioflore \u00ae associe 4 souches de ferments lactiques :<\/p>\n<p>\u2022 Lactococcus lactis<\/p>\n<p>\u2022 Lactobacillus casei<\/p>\n<p>\u2022 Lactobacillus acidophilus<\/p>\n<p>\u2022 Bifidobacterium bifidum<\/p>\n<p>Deux g\u00e9lules apportent 5,7 milliards de bact\u00e9ries. Sachant que toutes ne r\u00e9ussiront pas \u00e0 franchir la barri\u00e8re intestinale, ce dosage a pour but d\u2019en apporter une quantit\u00e9 active suffisante jusqu\u2019aux intestins.<\/p>\n<p>Conseils d&rsquo;utilisation<\/p>\n<p>2 g\u00e9lules par jour.<\/p>\n<p>\u00c0 consommer dans le cadre d\u2019un r\u00e9gime alimentaire vari\u00e9. Ne pas d\u00e9passer la dose journali\u00e8re indiqu\u00e9e. Tenir hors de port\u00e9e des jeunes enfants. \u00c0 stocker dans un endroit frais et sec. Bien reboucher le flacon apr\u00e8s usage.<\/p>\n<p>Composition<\/p>\n<p>LACTOCOCCUS LACTIS (LAIT), LACTOBACILLUS CASEI (LAIT), LACTOBACILLUS ACIDOPHILUS (LAIT), BIFIDOBACTERIUM BIFIDUM (LAIT), TUNIQUE : GELIFIANT PULLULAN.<\/p>\n","protected":false},"excerpt":{"rendered":"<p>Notre compl\u00e9ment alimentaire Probioflore \u00ae est source de ferments lactiques.<\/p>\n","protected":false},"featured_media":85473,"comment_status":"open","ping_status":"closed","template":"","meta":{"_joinchat":[]},"pwb-brand":[393],"product_cat":[82,85],"product_tag":[],"brands":[{"id":393,"name":"MGD NATURE","slug":"mgd-nature"}],"_links":{"self":[{"href":"https:\/\/santepara.ma\/index.php?rest_route=\/wp\/v2\/product\/85474"}],"collection":[{"href":"https:\/\/santepara.ma\/index.php?rest_route=\/wp\/v2\/product"}],"about":[{"href":"https:\/\/santepara.ma\/index.php?rest_route=\/wp\/v2\/types\/product"}],"replies":[{"embeddable":true,"href":"https:\/\/santepara.ma\/index.php?rest_route=%2Fwp%2Fv2%2Fcomments&post=85474"}],"wp:featuredmedia":[{"embeddable":true,"href":"https:\/\/santepara.ma\/index.php?rest_route=\/wp\/v2\/media\/85473"}],"wp:attachment":[{"href":"https:\/\/santepara.ma\/index.php?rest_route=%2Fwp%2Fv2%2Fmedia&parent=85474"}],"wp:term":[{"taxonomy":"pwb-brand","embeddable":true,"href":"https:\/\/santepara.ma\/index.php?rest_route=%2Fwp%2Fv2%2Fpwb-brand&post=85474"},{"taxonomy":"product_cat","embeddable":true,"href":"https:\/\/santepara.ma\/index.php?rest_route=%2Fwp%2Fv2%2Fproduct_cat&post=85474"},{"taxonomy":"product_tag","embeddable":true,"href":"https:\/\/santepara.ma\/index.php?rest_route=%2Fwp%2Fv2%2Fproduct_tag&post=85474"}],"curies":[{"name":"wp","href":"https:\/\/api.w.org\/{rel}","templated":true}]}}