{"id":85672,"date":"2023-08-08T23:55:42","date_gmt":"2023-08-08T22:55:42","guid":{"rendered":"https:\/\/santepara.ma\/?product=gum-dentifrice-original-white-75ml"},"modified":"2023-11-04T13:00:07","modified_gmt":"2023-11-04T12:00:07","slug":"gum-dentifrice-original-white-75ml","status":"publish","type":"product","link":"https:\/\/santepara.ma\/?product=gum-dentifrice-original-white-75ml","title":{"rendered":"Gum Dentifrice Original White 75ml"},"content":{"rendered":"<p data-v-317ff41e=\"\">DESCRIPTION :<\/p>\n<p data-v-317ff41e=\"\">la gamme GUM\u00ae Original White, non seulement pour \u00e9liminer efficacement les colorations, mais aussi pour aider \u00e0 pr\u00e9venir leur r\u00e9apparition.<\/p>\n<p data-v-317ff41e=\"\">Id\u00e9al pour un usage quotidien, le dentifrice GUM\u00ae Original White nettoie en douceur les dents, tout en renfor\u00e7ant vos dents et vos gencives.<\/p>\n","protected":false},"excerpt":{"rendered":"<p>Gum Dentifrice Original White\u00a0 &#8211; Anti-Coloration 75ml<\/p>\n<div class=\"np-products\"><\/div>\n","protected":false},"featured_media":85671,"comment_status":"open","ping_status":"closed","template":"","meta":{"_joinchat":[]},"pwb-brand":[433,434,435],"product_cat":[298],"product_tag":[],"brands":[{"id":433,"name":"G","slug":"g"},{"id":434,"name":"M","slug":"m"},{"id":435,"name":"U","slug":"u"}],"_links":{"self":[{"href":"https:\/\/santepara.ma\/index.php?rest_route=\/wp\/v2\/product\/85672"}],"collection":[{"href":"https:\/\/santepara.ma\/index.php?rest_route=\/wp\/v2\/product"}],"about":[{"href":"https:\/\/santepara.ma\/index.php?rest_route=\/wp\/v2\/types\/product"}],"replies":[{"embeddable":true,"href":"https:\/\/santepara.ma\/index.php?rest_route=%2Fwp%2Fv2%2Fcomments&post=85672"}],"wp:featuredmedia":[{"embeddable":true,"href":"https:\/\/santepara.ma\/index.php?rest_route=\/wp\/v2\/media\/85671"}],"wp:attachment":[{"href":"https:\/\/santepara.ma\/index.php?rest_route=%2Fwp%2Fv2%2Fmedia&parent=85672"}],"wp:term":[{"taxonomy":"pwb-brand","embeddable":true,"href":"https:\/\/santepara.ma\/index.php?rest_route=%2Fwp%2Fv2%2Fpwb-brand&post=85672"},{"taxonomy":"product_cat","embeddable":true,"href":"https:\/\/santepara.ma\/index.php?rest_route=%2Fwp%2Fv2%2Fproduct_cat&post=85672"},{"taxonomy":"product_tag","embeddable":true,"href":"https:\/\/santepara.ma\/index.php?rest_route=%2Fwp%2Fv2%2Fproduct_tag&post=85672"}],"curies":[{"name":"wp","href":"https:\/\/api.w.org\/{rel}","templated":true}]}}