{"id":85772,"date":"2023-08-08T23:56:18","date_gmt":"2023-08-08T22:56:18","guid":{"rendered":"https:\/\/santepara.ma\/?product=gel-plus-15-a-h-a-125ml"},"modified":"2023-11-04T13:00:11","modified_gmt":"2023-11-04T12:00:11","slug":"gel-plus-15-a-h-a-125ml","status":"publish","type":"product","link":"https:\/\/santepara.ma\/?product=gel-plus-15-a-h-a-125ml","title":{"rendered":"GEL PLUS 15 A.H.A.  125ml"},"content":{"rendered":"<p>Cette formule ultra-puissante est particuli\u00e8rement indiqu\u00e9e pour les peaux qui sont d\u00e9j\u00e0 habitu\u00e9es \u00e0 l&rsquo;acide glycolique et pour celles qui pr\u00e9f\u00e8rent une texture l\u00e9g\u00e8re. Ce gel non gras p\u00e9n\u00e8tre rapidement et est adapt\u00e9 aux peaux grasses \u00e0 tendance acn\u00e9ique et aux climats chauds et humides. L&rsquo;acide glycolique aide \u00e0 corriger les signes visibles du photovieillissement, tels que les pores dilat\u00e9s, une texture cutan\u00e9e rugueuse et une pigmentation irr\u00e9guli\u00e8re. Il stimule la synth\u00e8se du collag\u00e8ne pour une peau plus ferme et rajeunie.<\/p>\n<p><strong><strong>Composition : <\/strong> <\/strong><\/p>\n<ul>\n<li>Acide glycolique 15%<\/li>\n<li>Oil-free. Sans parfum.<\/li>\n<\/ul>\n","protected":false},"excerpt":{"rendered":"<p>Cet exfoliant ultra-efficace peut \u00e9galement \u00eatre utilis\u00e9 pour lib\u00e9rer les poils incarn\u00e9s<\/p>\n","protected":false},"featured_media":85771,"comment_status":"open","ping_status":"closed","template":"","meta":{"_joinchat":[]},"pwb-brand":[440],"product_cat":[72,144],"product_tag":[],"brands":[{"id":440,"name":"NEOSTRATA","slug":"neostrata"}],"_links":{"self":[{"href":"https:\/\/santepara.ma\/index.php?rest_route=\/wp\/v2\/product\/85772"}],"collection":[{"href":"https:\/\/santepara.ma\/index.php?rest_route=\/wp\/v2\/product"}],"about":[{"href":"https:\/\/santepara.ma\/index.php?rest_route=\/wp\/v2\/types\/product"}],"replies":[{"embeddable":true,"href":"https:\/\/santepara.ma\/index.php?rest_route=%2Fwp%2Fv2%2Fcomments&post=85772"}],"wp:featuredmedia":[{"embeddable":true,"href":"https:\/\/santepara.ma\/index.php?rest_route=\/wp\/v2\/media\/85771"}],"wp:attachment":[{"href":"https:\/\/santepara.ma\/index.php?rest_route=%2Fwp%2Fv2%2Fmedia&parent=85772"}],"wp:term":[{"taxonomy":"pwb-brand","embeddable":true,"href":"https:\/\/santepara.ma\/index.php?rest_route=%2Fwp%2Fv2%2Fpwb-brand&post=85772"},{"taxonomy":"product_cat","embeddable":true,"href":"https:\/\/santepara.ma\/index.php?rest_route=%2Fwp%2Fv2%2Fproduct_cat&post=85772"},{"taxonomy":"product_tag","embeddable":true,"href":"https:\/\/santepara.ma\/index.php?rest_route=%2Fwp%2Fv2%2Fproduct_tag&post=85772"}],"curies":[{"name":"wp","href":"https:\/\/api.w.org\/{rel}","templated":true}]}}