{"id":85776,"date":"2023-08-08T23:56:19","date_gmt":"2023-08-08T22:56:19","guid":{"rendered":"https:\/\/santepara.ma\/?product=neostrata-skin-active-matrix-support-spf-30-creme-jour-50g"},"modified":"2023-11-04T13:00:11","modified_gmt":"2023-11-04T12:00:11","slug":"neostrata-skin-active-matrix-support-spf-30-creme-jour-50g","status":"publish","type":"product","link":"https:\/\/santepara.ma\/?product=neostrata-skin-active-matrix-support-spf-30-creme-jour-50g","title":{"rendered":"NEOSTRATA SKIN ACTIVE MATRIX SUPPORT SPF 30 CREME JOUR 50g"},"content":{"rendered":"<p>Ultra-concentr\u00e9e, cette cr\u00e8me fluide raffermissante est \u00e9labor\u00e9e \u00e0 base de la technologie SynerG 8.0, une puissante synergie de trois actifs anti-\u00e2ge : la N\u00e9oGlucosamine, des peptides sp\u00e9cifiques et du r\u00e9tinol.<\/p>\n<p>La N\u00e9oGlucosamine est un actif innovateur qui exfolie la peau en douceur et qui inhibe la synth\u00e8se de la m\u00e9lanine pour r\u00e9guler la pigmentation et unifier le teint. En association avec les peptides et le r\u00e9tinol, elle stimule la synth\u00e8se du collag\u00e8ne et de l&rsquo;acide hyaluronique pour remodeler et restructurer le derme. La peau est plus ferme, les rides sont att\u00e9nu\u00e9es.<\/p>\n<p>La formule compl\u00e8te de cette cr\u00e8me renferme \u00e9galement un complexe antioxydant puissant qui pi\u00e8ge les radicaux libres afin de pr\u00e9venir le stress oxydatif, ainsi que des filtres SPF30 qui prot\u00e8gent la peau contre le photovieillissement. Cette cr\u00e8me convient \u00e0 tous les types de peau.<\/p>\n<p><strong><strong>Composition : <\/strong> <\/strong><\/p>\n<ul>\n<li>N\u00e9oGlucosamine 8%<\/li>\n<li>R\u00e9tinol<\/li>\n<li>Peptides<\/li>\n<li>Filtres anti-UVA\/UVB<\/li>\n<li>Antioxydant<\/li>\n<li>Vitamine E<\/li>\n<\/ul>\n<p><strong>Ingr\u00e9dients :<\/strong><\/p>\n<p>Active Ingredients: Butyl Methoxydibenzoylmethane (Avobenzone) 3.0%, Ethylhexyl Methoxycinnamate (Octinoxate) 7.5%, Ethylhexyl Salicylate (Octisalate) 5.0%, Homosalate 5.0%. Other Ingredients: Aqua (Water), Acetyl Glucosamine, Butyloctyl Salicylate, Glyceryl Stearate, Butylene Glycol, Butyrospermum Parkii (Shea Butter), Dimethicone, Cetearyl Alcohol, PEG-100 Stearate, Nylon-12, Triacontanyl PVP, Retinol, Tocopheryl (Vitamin E) Acetate, Palmitoyl Oligopeptide, Palmitoyl Tetrapeptide-7, Punica Granatum (Pomegranate) Extract, Coffea Arabica Fruit (Coffee Bush Berry) Extract, Rosa Damascena Flower Oil, Arginine, Glycerin, Propylene Glycol, Caprylyl Glycol, Citric Acid, Disodium EDTA, BHT, PEG-40 Stearate, Ceteareth-20, Polysorbate 20, Triethyl Citrate, Xanthan Gum, Methyldihydrojasmonate, Ethylene Brassylate, Chlorphenesin, Phenoxyethanol, CI 19140 (Yellow 5), CI 17200 (Red 33).<\/p>\n","protected":false},"excerpt":{"rendered":"<p>Ultra-concentr\u00e9e, cette cr\u00e8me fluide raffermissante est \u00e9labor\u00e9e \u00e0 base de la technologie SynerG 8.0, une puissante synergie de trois actifs<\/p>\n","protected":false},"featured_media":85775,"comment_status":"open","ping_status":"closed","template":"","meta":{"_joinchat":[]},"pwb-brand":[440],"product_cat":[82,132,81],"product_tag":[],"brands":[{"id":440,"name":"NEOSTRATA","slug":"neostrata"}],"_links":{"self":[{"href":"https:\/\/santepara.ma\/index.php?rest_route=\/wp\/v2\/product\/85776"}],"collection":[{"href":"https:\/\/santepara.ma\/index.php?rest_route=\/wp\/v2\/product"}],"about":[{"href":"https:\/\/santepara.ma\/index.php?rest_route=\/wp\/v2\/types\/product"}],"replies":[{"embeddable":true,"href":"https:\/\/santepara.ma\/index.php?rest_route=%2Fwp%2Fv2%2Fcomments&post=85776"}],"wp:featuredmedia":[{"embeddable":true,"href":"https:\/\/santepara.ma\/index.php?rest_route=\/wp\/v2\/media\/85775"}],"wp:attachment":[{"href":"https:\/\/santepara.ma\/index.php?rest_route=%2Fwp%2Fv2%2Fmedia&parent=85776"}],"wp:term":[{"taxonomy":"pwb-brand","embeddable":true,"href":"https:\/\/santepara.ma\/index.php?rest_route=%2Fwp%2Fv2%2Fpwb-brand&post=85776"},{"taxonomy":"product_cat","embeddable":true,"href":"https:\/\/santepara.ma\/index.php?rest_route=%2Fwp%2Fv2%2Fproduct_cat&post=85776"},{"taxonomy":"product_tag","embeddable":true,"href":"https:\/\/santepara.ma\/index.php?rest_route=%2Fwp%2Fv2%2Fproduct_tag&post=85776"}],"curies":[{"name":"wp","href":"https:\/\/api.w.org\/{rel}","templated":true}]}}