{"id":85855,"date":"2023-08-08T23:56:44","date_gmt":"2023-08-08T22:56:44","guid":{"rendered":"https:\/\/santepara.ma\/?product=gum-brosse-a-dents-micro-tip-sensitive-475m"},"modified":"2023-11-04T13:00:17","modified_gmt":"2023-11-04T12:00:17","slug":"gum-brosse-a-dents-micro-tip-sensitive-475m","status":"publish","type":"product","link":"https:\/\/santepara.ma\/?product=gum-brosse-a-dents-micro-tip-sensitive-475m","title":{"rendered":"Gum Brosse \u00e0 dents Micro Tip Sensitive 475M"},"content":{"rendered":"<div class=\"h3-title small-mb-30 medium-mb-60 medium-mt-0 c-txt-grey-dark\" data-v-317ff41e=\"\">\n<p data-v-317ff41e=\"\">DESCRIPTION :<\/p>\n<p data-v-317ff41e=\"\">La brosse GUM MicroTip va plus loin qu&rsquo;une simple brosse \u00e0 dents. La conception unique de ses brins aide \u00e0 am\u00e9liorer l&rsquo;efficacit\u00e9 du brossage et \u00e0 obtenir des dents et des gencives propres, tout en douceur.<\/p>\n<\/div>\n","protected":false},"excerpt":{"rendered":"<p>Sp\u00e9cialement con\u00e7ue pour un brossage en douceur.<\/p>\n","protected":false},"featured_media":85854,"comment_status":"open","ping_status":"closed","template":"","meta":{"_joinchat":[]},"pwb-brand":[433,434,435],"product_cat":[274],"product_tag":[],"brands":[{"id":433,"name":"G","slug":"g"},{"id":434,"name":"M","slug":"m"},{"id":435,"name":"U","slug":"u"}],"_links":{"self":[{"href":"https:\/\/santepara.ma\/index.php?rest_route=\/wp\/v2\/product\/85855"}],"collection":[{"href":"https:\/\/santepara.ma\/index.php?rest_route=\/wp\/v2\/product"}],"about":[{"href":"https:\/\/santepara.ma\/index.php?rest_route=\/wp\/v2\/types\/product"}],"replies":[{"embeddable":true,"href":"https:\/\/santepara.ma\/index.php?rest_route=%2Fwp%2Fv2%2Fcomments&post=85855"}],"wp:featuredmedia":[{"embeddable":true,"href":"https:\/\/santepara.ma\/index.php?rest_route=\/wp\/v2\/media\/85854"}],"wp:attachment":[{"href":"https:\/\/santepara.ma\/index.php?rest_route=%2Fwp%2Fv2%2Fmedia&parent=85855"}],"wp:term":[{"taxonomy":"pwb-brand","embeddable":true,"href":"https:\/\/santepara.ma\/index.php?rest_route=%2Fwp%2Fv2%2Fpwb-brand&post=85855"},{"taxonomy":"product_cat","embeddable":true,"href":"https:\/\/santepara.ma\/index.php?rest_route=%2Fwp%2Fv2%2Fproduct_cat&post=85855"},{"taxonomy":"product_tag","embeddable":true,"href":"https:\/\/santepara.ma\/index.php?rest_route=%2Fwp%2Fv2%2Fproduct_tag&post=85855"}],"curies":[{"name":"wp","href":"https:\/\/api.w.org\/{rel}","templated":true}]}}