{"id":85869,"date":"2023-08-08T23:56:47","date_gmt":"2023-08-08T22:56:47","guid":{"rendered":"https:\/\/santepara.ma\/?product=gum-brosse-a-dents-junior-7-9-ans"},"modified":"2023-11-04T13:00:17","modified_gmt":"2023-11-04T12:00:17","slug":"gum-brosse-a-dents-junior-7-9-ans","status":"publish","type":"product","link":"https:\/\/santepara.ma\/?product=gum-brosse-a-dents-junior-7-9-ans","title":{"rendered":"Gum Brosse \u00e0 dents Junior 7-9 ans"},"content":{"rendered":"<p>DESCRIPTION :<\/p>\n<p>Gum Brosse \u00e0 dents Junior 7-9 ans Sp\u00e9cialement pens\u00e9e pour les 7 \u00e0 9 ans, la brosse \u00e0 dents GUM Junior encourage les enfants \u00e0 se brosser correctement les dents, \u00e0 ce moment crucial de leur d\u00e9veloppement : quand leurs dents permanentes se d\u00e9veloppent.<\/p>\n","protected":false},"excerpt":{"rendered":"<p>\u00e9limine plus facilement la plaque pour favoriser la pr\u00e9vention des caries<\/p>\n","protected":false},"featured_media":85868,"comment_status":"open","ping_status":"closed","template":"","meta":{"_joinchat":[]},"pwb-brand":[433,434,435],"product_cat":[274],"product_tag":[],"brands":[{"id":433,"name":"G","slug":"g"},{"id":434,"name":"M","slug":"m"},{"id":435,"name":"U","slug":"u"}],"_links":{"self":[{"href":"https:\/\/santepara.ma\/index.php?rest_route=\/wp\/v2\/product\/85869"}],"collection":[{"href":"https:\/\/santepara.ma\/index.php?rest_route=\/wp\/v2\/product"}],"about":[{"href":"https:\/\/santepara.ma\/index.php?rest_route=\/wp\/v2\/types\/product"}],"replies":[{"embeddable":true,"href":"https:\/\/santepara.ma\/index.php?rest_route=%2Fwp%2Fv2%2Fcomments&post=85869"}],"wp:featuredmedia":[{"embeddable":true,"href":"https:\/\/santepara.ma\/index.php?rest_route=\/wp\/v2\/media\/85868"}],"wp:attachment":[{"href":"https:\/\/santepara.ma\/index.php?rest_route=%2Fwp%2Fv2%2Fmedia&parent=85869"}],"wp:term":[{"taxonomy":"pwb-brand","embeddable":true,"href":"https:\/\/santepara.ma\/index.php?rest_route=%2Fwp%2Fv2%2Fpwb-brand&post=85869"},{"taxonomy":"product_cat","embeddable":true,"href":"https:\/\/santepara.ma\/index.php?rest_route=%2Fwp%2Fv2%2Fproduct_cat&post=85869"},{"taxonomy":"product_tag","embeddable":true,"href":"https:\/\/santepara.ma\/index.php?rest_route=%2Fwp%2Fv2%2Fproduct_tag&post=85869"}],"curies":[{"name":"wp","href":"https:\/\/api.w.org\/{rel}","templated":true}]}}