{"id":85928,"date":"2023-08-08T23:56:59","date_gmt":"2023-08-08T22:56:59","guid":{"rendered":"https:\/\/santepara.ma\/?product=avene-hydrance-uv-riche-creme-hydratante-spf20"},"modified":"2026-03-27T16:01:32","modified_gmt":"2026-03-27T15:01:32","slug":"avene-hydrance-uv-riche-creme-hydratante-spf20","status":"publish","type":"product","link":"https:\/\/santepara.ma\/?product=avene-hydrance-uv-riche-creme-hydratante-spf20","title":{"rendered":"AVENE HYDRANCE UV-RICHE CR\u00c8ME HYDRATANTE SPF20"},"content":{"rendered":"<p>Un v\u00e9ritable bouclier du quotidien, Hydrance UV-Riche :<\/p>\n<p>&#8211; HYDRATE<\/p>\n<p>durablement gr\u00e2ce \u00e0 son complexe Cohederm brevet\u00e9**,<\/p>\n<p>&#8211; APAISE<\/p>\n<p>durablement gr\u00e2ce \u00e0 l&rsquo;Eau thermale d&rsquo;Av\u00e8ne anti-irritante,<\/p>\n<p>&#8211; PROTEGE<\/p>\n<p>efficacement des agressions environementales (UV, radicaux libres et pollution) gr\u00e2ce au syst\u00e8me filtrant Sunsitive Protection assurant une haute protection SPF20 et au Pr\u00e9-tocoph\u00e9ryl.<\/p>\n<p>&nbsp;<\/p>\n","protected":false},"excerpt":{"rendered":"<p>Hydrater votre peau tout en la prot\u00e9geant quotidiennement des UV, des radicaux libres et de la pollution. Sa texture onctueuse et velout\u00e9e laisse la peau douce, souple et lumineuse toute la journ\u00e9e.<\/p>\n","protected":false},"featured_media":85927,"comment_status":"open","ping_status":"closed","template":"","meta":{"_joinchat":[]},"pwb-brand":[235],"product_cat":[82,83],"product_tag":[],"brands":[{"id":235,"name":"AV?NE","slug":"avne"}],"_links":{"self":[{"href":"https:\/\/santepara.ma\/index.php?rest_route=\/wp\/v2\/product\/85928"}],"collection":[{"href":"https:\/\/santepara.ma\/index.php?rest_route=\/wp\/v2\/product"}],"about":[{"href":"https:\/\/santepara.ma\/index.php?rest_route=\/wp\/v2\/types\/product"}],"replies":[{"embeddable":true,"href":"https:\/\/santepara.ma\/index.php?rest_route=%2Fwp%2Fv2%2Fcomments&post=85928"}],"wp:featuredmedia":[{"embeddable":true,"href":"https:\/\/santepara.ma\/index.php?rest_route=\/wp\/v2\/media\/85927"}],"wp:attachment":[{"href":"https:\/\/santepara.ma\/index.php?rest_route=%2Fwp%2Fv2%2Fmedia&parent=85928"}],"wp:term":[{"taxonomy":"pwb-brand","embeddable":true,"href":"https:\/\/santepara.ma\/index.php?rest_route=%2Fwp%2Fv2%2Fpwb-brand&post=85928"},{"taxonomy":"product_cat","embeddable":true,"href":"https:\/\/santepara.ma\/index.php?rest_route=%2Fwp%2Fv2%2Fproduct_cat&post=85928"},{"taxonomy":"product_tag","embeddable":true,"href":"https:\/\/santepara.ma\/index.php?rest_route=%2Fwp%2Fv2%2Fproduct_tag&post=85928"}],"curies":[{"name":"wp","href":"https:\/\/api.w.org\/{rel}","templated":true}]}}