{"id":85932,"date":"2023-08-08T23:57:00","date_gmt":"2023-08-08T22:57:00","guid":{"rendered":"https:\/\/santepara.ma\/?product=janssen-cosmetics-creme-contour-fermete-50ml"},"modified":"2023-11-04T13:00:20","modified_gmt":"2023-11-04T12:00:20","slug":"janssen-cosmetics-creme-contour-fermete-50ml","status":"publish","type":"product","link":"https:\/\/santepara.ma\/?product=janssen-cosmetics-creme-contour-fermete-50ml","title":{"rendered":"Janssen Cosmetics Cr\u00e8me contour fermet\u00e9 50ml"},"content":{"rendered":"<p><strong>DESCRIPTION :<\/strong><\/p>\n<p>Onctueuse cr\u00e8me de soin raffermissante pour des contours de visage visiblement red\u00e9finis.<\/p>\n<p>Cr\u00e8me de soin raffermissante \u00e0 texture onctueuse. Pour une peau visiblement plus lisse et plus uniforme et un visage raffermi aux contours red\u00e9finis. Contient: peptides stimulant l\u00b4\u00e9lastine, pure soie du Japon, acide hyaluronique \u00e0 cha\u00eenes courtes et longues, huile de noix de macadamia, vitamine E-ac\u00e9tate, extraits de plantes.<\/p>\n<p><strong><strong>Conseils d&rsquo;Utilisation : <\/strong> <\/strong><\/p>\n<p>Appliquez Cr\u00e8me Contour Fermet\u00e9 matin et \/ou soir sur la peau bien nettoy\u00e9e du visage et du d\u00e9collet\u00e9.<\/p>\n<p>Recommandation : Soin Protecteur Avanc\u00e9 prot\u00e8ge efficacement la peau contre les rayons UV et pr\u00e9vient ainsi le vieillissement cutan\u00e9 pr\u00e9matur\u00e9. Appliquez tout simplement cette \u00e9mulsion ultra-l\u00e9g\u00e8re en dessous de votre Cr\u00e8me Contour Fermet\u00e9 durant la journ\u00e9e.<\/p>\n<p><strong>INGR\u00c9DIENTS :<\/strong><\/p>\n<p>\u2022 Peptides stimulant l\u00b4\u00e9lastine ; activent la synth\u00e8se des fibres \u00e9lastines dans les fibroblastes, raffermissent la structure du tissu conjonctif et liftent les contours du visage<\/p>\n<p>\u2022 Extrait v\u00e9g\u00e9tal SORR : extrait extr\u00eamement efficace tir\u00e9 des plantes de Siegesbeckia Orientalis et de Rabdosia Rubescens, a un effet antioxydant, procure un teint uniforme et \u00e9clatant<\/p>\n<p>\u2022 Acide hyaluronique \u00e0 longues et courtes cha\u00eenes : hydrate intensivement, retient et maintient l\u00b4hydratation dans les tissus cutan\u00e9s<\/p>\n<p>\u2022 Pure soie du Japon : poss\u00e8de une structure comparable \u00e0 celle de la peau, p\u00e9n\u00e8tre rapidement, prot\u00e8ge du dess\u00e8chement cutan\u00e9 et procure une peau douce st soyeuse<\/p>\n<p>\u2022 Huile de noix de macadamia : adoucit et lisse la peau<\/p>\n<p>\u2022 Isost\u00e9arate d\u00b4isost\u00e9aryle : am\u00e9liore le maintien des lipides dans la couche corn\u00e9e et r\u00e9duit la perte d\u00b4hydratation trans\u00e9pidermale<\/p>\n<p>\u2022 Vitamine A-Palmitate : acc\u00e9l\u00e8re le renouvellement naturel \u00e9pidermique<\/p>\n<p>\u2022 Vitamine E-ac\u00e9tate : combat les radicaux libres, assure une protection cellulaire pr\u00e9ventive, pr\u00e9vient le vieillissement pr\u00e9coce<\/p>\n","protected":false},"excerpt":{"rendered":"<p>DESCRIPTION : Onctueuse cr\u00e8me de soin raffermissante pour des contours de visage visiblement red\u00e9finis. Cr\u00e8me de soin raffermissante \u00e0 texture<\/p>\n","protected":false},"featured_media":85931,"comment_status":"open","ping_status":"closed","template":"","meta":{"_joinchat":[]},"pwb-brand":[446],"product_cat":[132],"product_tag":[],"brands":[{"id":446,"name":"JANSSEN COSMETICS","slug":"janssen-cosmetics"}],"_links":{"self":[{"href":"https:\/\/santepara.ma\/index.php?rest_route=\/wp\/v2\/product\/85932"}],"collection":[{"href":"https:\/\/santepara.ma\/index.php?rest_route=\/wp\/v2\/product"}],"about":[{"href":"https:\/\/santepara.ma\/index.php?rest_route=\/wp\/v2\/types\/product"}],"replies":[{"embeddable":true,"href":"https:\/\/santepara.ma\/index.php?rest_route=%2Fwp%2Fv2%2Fcomments&post=85932"}],"wp:featuredmedia":[{"embeddable":true,"href":"https:\/\/santepara.ma\/index.php?rest_route=\/wp\/v2\/media\/85931"}],"wp:attachment":[{"href":"https:\/\/santepara.ma\/index.php?rest_route=%2Fwp%2Fv2%2Fmedia&parent=85932"}],"wp:term":[{"taxonomy":"pwb-brand","embeddable":true,"href":"https:\/\/santepara.ma\/index.php?rest_route=%2Fwp%2Fv2%2Fpwb-brand&post=85932"},{"taxonomy":"product_cat","embeddable":true,"href":"https:\/\/santepara.ma\/index.php?rest_route=%2Fwp%2Fv2%2Fproduct_cat&post=85932"},{"taxonomy":"product_tag","embeddable":true,"href":"https:\/\/santepara.ma\/index.php?rest_route=%2Fwp%2Fv2%2Fproduct_tag&post=85932"}],"curies":[{"name":"wp","href":"https:\/\/api.w.org\/{rel}","templated":true}]}}